{"id":3445526,"date":"2025-10-09T23:06:34","date_gmt":"2025-10-10T03:06:34","guid":{"rendered":"https:\/\/stoic-curie.212-227-153-4.plesk.page\/product\/star-brite-bio-ursprungs-frostschutzmittel-380-liter\/"},"modified":"2026-02-24T23:35:23","modified_gmt":"2026-02-24T23:35:23","slug":"star-brite-bio-ursprungs-frostschutzmittel-380-liter","status":"publish","type":"product","link":"https:\/\/stoic-curie.212-227-153-4.plesk.page\/de\/product\/star-brite-bio-ursprungs-frostschutzmittel-380-liter\/","title":{"rendered":"Star Brite Bio-Ursprungs-Frostschutzmittel 3,80 Liter"},"content":{"rendered":"<p>Star Brite Bio-Ursprungs-Frostschutzmittel 3,80 Liter &#8211; <\/p>\n<p>Fertig formuliertes Frostschutzmittel, das bis zu -28\u00b0C f\u00fcr Frostschutz und bis zu -70\u00b0C f\u00fcr Rohrbruchschutz wirksam ist. Hergestellt aus Materialien nat\u00fcrlichen Ursprungs, ohne Glykol und Ethanol. Ideal f\u00fcr alle Motoren und Wassersysteme, bietet es Korrosionsschutz und schmiert Dichtungen, Ventile, Pumpen, Dichtungen und O-Ringe.<\/p>\n","protected":false},"excerpt":{"rendered":"<p>Star Brite Bio-Ursprungs-Frostschutzmittel 3,80 Liter &#8211; Fertig formuliertes Frostschutzmittel, das bis zu -28\u00b0C f\u00fcr Frostschutz und bis zu -70\u00b0C f\u00fcr<\/p>\n","protected":false},"featured_media":5948742,"comment_status":"closed","ping_status":"closed","template":"","meta":[],"product_brand":[3435],"product_cat":[1506],"product_tag":[],"class_list":{"0":"post-3445526","1":"product","2":"type-product","3":"status-publish","4":"has-post-thumbnail","6":"product_brand-starbrite-de","7":"product_cat-zusaetze-fuer-schiffsmotoren","9":"first","10":"instock","11":"shipping-taxable","12":"purchasable","13":"product-type-simple"},"_links":{"self":[{"href":"https:\/\/stoic-curie.212-227-153-4.plesk.page\/de\/wp-json\/wp\/v2\/product\/3445526","targetHints":{"allow":["GET"]}}],"collection":[{"href":"https:\/\/stoic-curie.212-227-153-4.plesk.page\/de\/wp-json\/wp\/v2\/product"}],"about":[{"href":"https:\/\/stoic-curie.212-227-153-4.plesk.page\/de\/wp-json\/wp\/v2\/types\/product"}],"replies":[{"embeddable":true,"href":"https:\/\/stoic-curie.212-227-153-4.plesk.page\/de\/wp-json\/wp\/v2\/comments?post=3445526"}],"version-history":[{"count":0,"href":"https:\/\/stoic-curie.212-227-153-4.plesk.page\/de\/wp-json\/wp\/v2\/product\/3445526\/revisions"}],"wp:featuredmedia":[{"embeddable":true,"href":"https:\/\/stoic-curie.212-227-153-4.plesk.page\/de\/wp-json\/wp\/v2\/media\/5948742"}],"wp:attachment":[{"href":"https:\/\/stoic-curie.212-227-153-4.plesk.page\/de\/wp-json\/wp\/v2\/media?parent=3445526"}],"wp:term":[{"taxonomy":"product_brand","embeddable":true,"href":"https:\/\/stoic-curie.212-227-153-4.plesk.page\/de\/wp-json\/wp\/v2\/product_brand?post=3445526"},{"taxonomy":"product_cat","embeddable":true,"href":"https:\/\/stoic-curie.212-227-153-4.plesk.page\/de\/wp-json\/wp\/v2\/product_cat?post=3445526"},{"taxonomy":"product_tag","embeddable":true,"href":"https:\/\/stoic-curie.212-227-153-4.plesk.page\/de\/wp-json\/wp\/v2\/product_tag?post=3445526"}],"curies":[{"name":"wp","href":"https:\/\/api.w.org\/{rel}","templated":true}]}}