{"id":3445607,"date":"2025-10-09T23:06:37","date_gmt":"2025-10-10T03:06:37","guid":{"rendered":"https:\/\/stoic-curie.212-227-153-4.plesk.page\/product\/bootsschluessel-fuer-notausschalter-honda\/"},"modified":"2026-02-24T23:35:23","modified_gmt":"2026-02-24T23:35:23","slug":"bootsschluessel-fuer-notausschalter-honda","status":"publish","type":"product","link":"https:\/\/stoic-curie.212-227-153-4.plesk.page\/de\/product\/bootsschluessel-fuer-notausschalter-honda\/","title":{"rendered":"Bootsschl\u00fcssel f\u00fcr Notausschalter Honda"},"content":{"rendered":"<p>Bootsschl\u00fcssel f\u00fcr Notausschalter Honda &#8211; <\/p>\n<p>Stoppt den Au\u00dfenbordmotor im Falle von Mann \u00fcber Bord. Verkauft in Packungen zu je 10 St\u00fcck.<\/p>\n","protected":false},"excerpt":{"rendered":"<p>Bootsschl\u00fcssel f\u00fcr Notausschalter Honda &#8211; Stoppt den Au\u00dfenbordmotor im Falle von Mann \u00fcber Bord. Verkauft in Packungen zu je 10<\/p>\n","protected":false},"featured_media":5948715,"comment_status":"closed","ping_status":"closed","template":"","meta":[],"product_brand":[3490],"product_cat":[1538,1540],"product_tag":[],"class_list":{"0":"post-3445607","1":"product","2":"type-product","3":"status-publish","4":"has-post-thumbnail","6":"product_brand-trem-de","7":"product_cat-marine-ersatzteile-fuer-honda","8":"product_cat-zubehoer-fuer-aussenborder","10":"first","11":"instock","12":"shipping-taxable","13":"purchasable","14":"product-type-simple"},"_links":{"self":[{"href":"https:\/\/stoic-curie.212-227-153-4.plesk.page\/de\/wp-json\/wp\/v2\/product\/3445607","targetHints":{"allow":["GET"]}}],"collection":[{"href":"https:\/\/stoic-curie.212-227-153-4.plesk.page\/de\/wp-json\/wp\/v2\/product"}],"about":[{"href":"https:\/\/stoic-curie.212-227-153-4.plesk.page\/de\/wp-json\/wp\/v2\/types\/product"}],"replies":[{"embeddable":true,"href":"https:\/\/stoic-curie.212-227-153-4.plesk.page\/de\/wp-json\/wp\/v2\/comments?post=3445607"}],"version-history":[{"count":0,"href":"https:\/\/stoic-curie.212-227-153-4.plesk.page\/de\/wp-json\/wp\/v2\/product\/3445607\/revisions"}],"wp:featuredmedia":[{"embeddable":true,"href":"https:\/\/stoic-curie.212-227-153-4.plesk.page\/de\/wp-json\/wp\/v2\/media\/5948715"}],"wp:attachment":[{"href":"https:\/\/stoic-curie.212-227-153-4.plesk.page\/de\/wp-json\/wp\/v2\/media?parent=3445607"}],"wp:term":[{"taxonomy":"product_brand","embeddable":true,"href":"https:\/\/stoic-curie.212-227-153-4.plesk.page\/de\/wp-json\/wp\/v2\/product_brand?post=3445607"},{"taxonomy":"product_cat","embeddable":true,"href":"https:\/\/stoic-curie.212-227-153-4.plesk.page\/de\/wp-json\/wp\/v2\/product_cat?post=3445607"},{"taxonomy":"product_tag","embeddable":true,"href":"https:\/\/stoic-curie.212-227-153-4.plesk.page\/de\/wp-json\/wp\/v2\/product_tag?post=3445607"}],"curies":[{"name":"wp","href":"https:\/\/api.w.org\/{rel}","templated":true}]}}