{"id":3445634,"date":"2025-10-09T23:06:39","date_gmt":"2025-10-10T03:06:39","guid":{"rendered":"https:\/\/stoic-curie.212-227-153-4.plesk.page\/product\/osculati-teleskopische-plane-unterstuetzung-verstellbare-hoehe-90-160cm\/"},"modified":"2026-02-24T23:35:23","modified_gmt":"2026-02-24T23:35:23","slug":"osculati-teleskopische-plane-unterstuetzung-verstellbare-hoehe-90-160cm","status":"publish","type":"product","link":"https:\/\/stoic-curie.212-227-153-4.plesk.page\/de\/product\/osculati-teleskopische-plane-unterstuetzung-verstellbare-hoehe-90-160cm\/","title":{"rendered":"Osculati Teleskopische Plane-Unterst\u00fctzung, verstellbare H\u00f6he (90-160cm)"},"content":{"rendered":"<p>Osculati Teleskopische Plane-Unterst\u00fctzung, verstellbare H\u00f6he (90-160cm) &#8211; <\/p>\n<div class=\"col-24 col-md-15\">\n<p>Der verstellbare Osaculati-Tarpst\u00fctz aus eloxiertem Leichtmetall hat eine H\u00f6he von 90-160 cm und ist mit einer breiten, weichen PVC-Oberst\u00fctze ausgestattet, um das Abdeckplane nicht zu besch\u00e4digen. Rohrdurchmesser: 25\/30 mm<\/p>\n<p>Tarpaulin (240\/320 cm): 995210<\/p>\n<p>Tarpaulin (300\/360 cm): 995211<\/p>\n<p>Tarpaulinst\u00fctz (75-120 cm): 813950<\/p>\n<\/div>\n<p><\/p>\n<table class=\"table\">\n<tbody>\n<tr>\n<td><strong>H\u00f6henbeschreibung<\/strong><\/td>\n<td>Verstellbar 90-160 cm<\/td>\n<\/tr>\n<tr>\n<td><strong>Material<\/strong><\/td>\n<td>Eloxiertes Leichtmetall, ausgestattet mit weichem PVC<\/td>\n<\/tr>\n<tr>\n<td><strong>Typ<\/strong><\/td>\n<td>Tarpaulinst\u00fctz<\/td>\n<\/tr>\n<tr>\n<td><strong>Gewicht<\/strong><\/td>\n<td>0,59 kg<\/td>\n<\/tr>\n<tr>\n<td><strong>Marke<\/strong><\/td>\n<td>Osculati<\/td>\n<\/tr>\n<tr>\n<td><strong>Durchmesser Beschreibung<\/strong><\/td>\n<td>25\/30 mm \u00c3\u0098<\/td>\n<\/tr>\n<\/tbody>\n<\/table>\n","protected":false},"excerpt":{"rendered":"<p>Osculati Teleskopische Plane-Unterst\u00fctzung, verstellbare H\u00f6he (90-160cm) &#8211; Der verstellbare Osaculati-Tarpst\u00fctz aus eloxiertem Leichtmetall hat eine H\u00f6he von 90-160 cm und<\/p>\n","protected":false},"featured_media":5948753,"comment_status":"closed","ping_status":"closed","template":"","meta":[],"product_brand":[3235],"product_cat":[1416,1402,1396],"product_tag":[],"class_list":{"0":"post-3445634","1":"product","2":"type-product","3":"status-publish","4":"has-post-thumbnail","6":"product_brand-osculati-de","7":"product_cat-befestigungsmaterial-fuer-bootsabdeckungen-und-bimini","8":"product_cat-bimini-verdecke","9":"product_cat-bootabdeckungen","11":"first","12":"instock","13":"shipping-taxable","14":"purchasable","15":"product-type-simple"},"_links":{"self":[{"href":"https:\/\/stoic-curie.212-227-153-4.plesk.page\/de\/wp-json\/wp\/v2\/product\/3445634","targetHints":{"allow":["GET"]}}],"collection":[{"href":"https:\/\/stoic-curie.212-227-153-4.plesk.page\/de\/wp-json\/wp\/v2\/product"}],"about":[{"href":"https:\/\/stoic-curie.212-227-153-4.plesk.page\/de\/wp-json\/wp\/v2\/types\/product"}],"replies":[{"embeddable":true,"href":"https:\/\/stoic-curie.212-227-153-4.plesk.page\/de\/wp-json\/wp\/v2\/comments?post=3445634"}],"version-history":[{"count":0,"href":"https:\/\/stoic-curie.212-227-153-4.plesk.page\/de\/wp-json\/wp\/v2\/product\/3445634\/revisions"}],"wp:featuredmedia":[{"embeddable":true,"href":"https:\/\/stoic-curie.212-227-153-4.plesk.page\/de\/wp-json\/wp\/v2\/media\/5948753"}],"wp:attachment":[{"href":"https:\/\/stoic-curie.212-227-153-4.plesk.page\/de\/wp-json\/wp\/v2\/media?parent=3445634"}],"wp:term":[{"taxonomy":"product_brand","embeddable":true,"href":"https:\/\/stoic-curie.212-227-153-4.plesk.page\/de\/wp-json\/wp\/v2\/product_brand?post=3445634"},{"taxonomy":"product_cat","embeddable":true,"href":"https:\/\/stoic-curie.212-227-153-4.plesk.page\/de\/wp-json\/wp\/v2\/product_cat?post=3445634"},{"taxonomy":"product_tag","embeddable":true,"href":"https:\/\/stoic-curie.212-227-153-4.plesk.page\/de\/wp-json\/wp\/v2\/product_tag?post=3445634"}],"curies":[{"name":"wp","href":"https:\/\/api.w.org\/{rel}","templated":true}]}}