{"id":3445641,"date":"2025-10-09T23:06:39","date_gmt":"2025-10-10T03:06:39","guid":{"rendered":"https:\/\/stoic-curie.212-227-153-4.plesk.page\/product\/jg-speedfit-gleiches-ellbogenrohrfitting-fuer-15mm-rohr\/"},"modified":"2026-02-24T23:35:23","modified_gmt":"2026-02-24T23:35:23","slug":"jg-speedfit-gleiches-ellbogenrohrfitting-fuer-15mm-rohr","status":"publish","type":"product","link":"https:\/\/stoic-curie.212-227-153-4.plesk.page\/de\/product\/jg-speedfit-gleiches-ellbogenrohrfitting-fuer-15mm-rohr\/","title":{"rendered":"JG Speedfit Gleiches Ellbogenrohrfitting f\u00fcr 15mm Rohr"},"content":{"rendered":"<p>JG Speedfit Gleiches Ellbogenrohrfitting f\u00fcr 15mm Rohr &#8211; <\/p>\n<div class=\"col-24 col-md-15\">\n<p>Die John Guest Speedfit Kunststoff-Ellbogenverbindung ist geeignet f\u00fcr den Anschluss von Kunststoff- oder Kupferrohren in Warm- oder Kaltwassersystemen. Das gleichwertige Ellbogenrohrfitting verf\u00fcgt \u00fcber zwei Speedfit-Anschl\u00fcsse f\u00fcr 15 mm Rohre, einen an jedem Ende. Dieser push-fit gleichwertige Rohr-Ellbogen hat eine bleifreie und ungiftige Konstruktion und ist frei von Kalkablagerungen und Korrosion.<\/p>\n<p>Um ihn zu installieren, dr\u00fccken Sie das Fitting einfach vollst\u00e4ndig auf das Rohr und drehen die Kunststoffmutter im Uhrzeigersinn, um es zu fixieren. Zum Entfernen der Verbindung l\u00f6sen Sie die Mutter und dr\u00fccken die Collet-Riegel in Richtung des K\u00f6rpers des Fittings und ziehen das Rohr zum L\u00f6sen heraus. Das push-fit Fitting erleichtert die Installation in engen R\u00e4umen, die Installationszeit kann im Vergleich zu herk\u00f6mmlichen Befestigungsmethoden um etwa 40 % reduziert werden.<\/p>\n<\/div>\n<p><\/p>\n<table class=\"table\">\n<tbody>\n<tr>\n<td><strong>Genehmigungen<\/strong><\/td>\n<td>BSI und WRAS genehmigt<\/td>\n<\/tr>\n<tr>\n<td><strong>Material<\/strong><\/td>\n<td>Bleifrei, ungiftiger Kunststoff<\/td>\n<\/tr>\n<tr>\n<td><strong>Gr\u00f6\u00dfe<\/strong><\/td>\n<td>15 mm<\/td>\n<\/tr>\n<tr>\n<td><strong>Marke<\/strong><\/td>\n<td>JG Speedfit<\/td>\n<\/tr>\n<tr>\n<td><strong>Fitting<\/strong><\/td>\n<td>Ellbogen|Push-Fit Fitting<\/td>\n<\/tr>\n<tr>\n<td><strong>Prim\u00e4re Konstruktion<\/strong><\/td>\n<td>Kunststoff<\/td>\n<\/tr>\n<tr>\n<td><strong>Farbe<\/strong><\/td>\n<td>Wei\u00df<\/td>\n<\/tr>\n<tr>\n<td><strong>Herkunftsland<\/strong><\/td>\n<td>Vereinigtes K\u00f6nigreich<\/td>\n<\/tr>\n<tr>\n<td><strong>Winkel<\/strong><\/td>\n<td>90 Grad<\/td>\n<\/tr>\n<tr>\n<td><strong>Durchmesserbeschreibung<\/strong><\/td>\n<td>F\u00fcr 15 mm Rohr<\/td>\n<\/tr>\n<\/tbody>\n<\/table>\n","protected":false},"excerpt":{"rendered":"<p>JG Speedfit Gleiches Ellbogenrohrfitting f\u00fcr 15mm Rohr &#8211; Die John Guest Speedfit Kunststoff-Ellbogenverbindung ist geeignet f\u00fcr den Anschluss von Kunststoff-<\/p>\n","protected":false},"featured_media":5948758,"comment_status":"closed","ping_status":"closed","template":"","meta":[],"product_brand":[3425],"product_cat":[1374],"product_tag":[],"class_list":{"0":"post-3445641","1":"product","2":"type-product","3":"status-publish","4":"has-post-thumbnail","6":"product_brand-speedfit-de","7":"product_cat-kunststoff-wasserinstallationsarmaturen","9":"first","10":"instock","11":"shipping-taxable","12":"purchasable","13":"product-type-simple"},"_links":{"self":[{"href":"https:\/\/stoic-curie.212-227-153-4.plesk.page\/de\/wp-json\/wp\/v2\/product\/3445641","targetHints":{"allow":["GET"]}}],"collection":[{"href":"https:\/\/stoic-curie.212-227-153-4.plesk.page\/de\/wp-json\/wp\/v2\/product"}],"about":[{"href":"https:\/\/stoic-curie.212-227-153-4.plesk.page\/de\/wp-json\/wp\/v2\/types\/product"}],"replies":[{"embeddable":true,"href":"https:\/\/stoic-curie.212-227-153-4.plesk.page\/de\/wp-json\/wp\/v2\/comments?post=3445641"}],"version-history":[{"count":0,"href":"https:\/\/stoic-curie.212-227-153-4.plesk.page\/de\/wp-json\/wp\/v2\/product\/3445641\/revisions"}],"wp:featuredmedia":[{"embeddable":true,"href":"https:\/\/stoic-curie.212-227-153-4.plesk.page\/de\/wp-json\/wp\/v2\/media\/5948758"}],"wp:attachment":[{"href":"https:\/\/stoic-curie.212-227-153-4.plesk.page\/de\/wp-json\/wp\/v2\/media?parent=3445641"}],"wp:term":[{"taxonomy":"product_brand","embeddable":true,"href":"https:\/\/stoic-curie.212-227-153-4.plesk.page\/de\/wp-json\/wp\/v2\/product_brand?post=3445641"},{"taxonomy":"product_cat","embeddable":true,"href":"https:\/\/stoic-curie.212-227-153-4.plesk.page\/de\/wp-json\/wp\/v2\/product_cat?post=3445641"},{"taxonomy":"product_tag","embeddable":true,"href":"https:\/\/stoic-curie.212-227-153-4.plesk.page\/de\/wp-json\/wp\/v2\/product_tag?post=3445641"}],"curies":[{"name":"wp","href":"https:\/\/api.w.org\/{rel}","templated":true}]}}