{"id":3445689,"date":"2025-10-09T23:06:41","date_gmt":"2025-10-10T03:06:41","guid":{"rendered":"https:\/\/stoic-curie.212-227-153-4.plesk.page\/product\/rostfreies-kettenglied-8-x-58mm\/"},"modified":"2026-02-24T23:35:26","modified_gmt":"2026-02-24T23:35:26","slug":"rostfreies-kettenglied-8-x-58mm","status":"publish","type":"product","link":"https:\/\/stoic-curie.212-227-153-4.plesk.page\/de\/product\/rostfreies-kettenglied-8-x-58mm\/","title":{"rendered":"Rostfreies Kettenglied 8 x 58mm"},"content":{"rendered":"<p>Rostfreies Kettenglied 8 x 58mm &#8211; Entdecken Sie unsere hochwertigen Produkte, die f\u00fcr Ihre Bed\u00fcrfnisse optimiert sind. Jedes Produkt ist sorgf\u00e4ltig ausgew\u00e4hlt und bietet hervorragende Qualit\u00e4t und Leistung.<\/p>\n","protected":false},"excerpt":{"rendered":"<p>Rostfreies Kettenglied 8 x 58mm &#8211; Entdecken Sie unsere hochwertigen Produkte, die f\u00fcr Ihre Bed\u00fcrfnisse optimiert sind. Jedes Produkt ist<\/p>\n","protected":false},"featured_media":5948801,"comment_status":"closed","ping_status":"closed","template":"","meta":[],"product_brand":[3085],"product_cat":[1405,1333],"product_tag":[],"class_list":{"0":"post-3445689","1":"product","2":"type-product","3":"status-publish","4":"has-post-thumbnail","6":"product_brand-maggigroup-de","7":"product_cat-edelstahlkette","8":"product_cat-kalibrierte-edelstahlkette","10":"first","11":"instock","12":"shipping-taxable","13":"purchasable","14":"product-type-simple"},"_links":{"self":[{"href":"https:\/\/stoic-curie.212-227-153-4.plesk.page\/de\/wp-json\/wp\/v2\/product\/3445689","targetHints":{"allow":["GET"]}}],"collection":[{"href":"https:\/\/stoic-curie.212-227-153-4.plesk.page\/de\/wp-json\/wp\/v2\/product"}],"about":[{"href":"https:\/\/stoic-curie.212-227-153-4.plesk.page\/de\/wp-json\/wp\/v2\/types\/product"}],"replies":[{"embeddable":true,"href":"https:\/\/stoic-curie.212-227-153-4.plesk.page\/de\/wp-json\/wp\/v2\/comments?post=3445689"}],"version-history":[{"count":0,"href":"https:\/\/stoic-curie.212-227-153-4.plesk.page\/de\/wp-json\/wp\/v2\/product\/3445689\/revisions"}],"wp:featuredmedia":[{"embeddable":true,"href":"https:\/\/stoic-curie.212-227-153-4.plesk.page\/de\/wp-json\/wp\/v2\/media\/5948801"}],"wp:attachment":[{"href":"https:\/\/stoic-curie.212-227-153-4.plesk.page\/de\/wp-json\/wp\/v2\/media?parent=3445689"}],"wp:term":[{"taxonomy":"product_brand","embeddable":true,"href":"https:\/\/stoic-curie.212-227-153-4.plesk.page\/de\/wp-json\/wp\/v2\/product_brand?post=3445689"},{"taxonomy":"product_cat","embeddable":true,"href":"https:\/\/stoic-curie.212-227-153-4.plesk.page\/de\/wp-json\/wp\/v2\/product_cat?post=3445689"},{"taxonomy":"product_tag","embeddable":true,"href":"https:\/\/stoic-curie.212-227-153-4.plesk.page\/de\/wp-json\/wp\/v2\/product_tag?post=3445689"}],"curies":[{"name":"wp","href":"https:\/\/api.w.org\/{rel}","templated":true}]}}