{"id":3445699,"date":"2025-10-09T23:06:41","date_gmt":"2025-10-10T03:06:41","guid":{"rendered":"https:\/\/stoic-curie.212-227-153-4.plesk.page\/product\/terminal-fuer-qbe-h90\/"},"modified":"2026-02-24T23:35:26","modified_gmt":"2026-02-24T23:35:26","slug":"terminal-fuer-qbe-h90","status":"publish","type":"product","link":"https:\/\/stoic-curie.212-227-153-4.plesk.page\/de\/product\/terminal-fuer-qbe-h90\/","title":{"rendered":"Terminal f\u00fcr QBE H90"},"content":{"rendered":"<p>Terminal f\u00fcr QBE H90 &#8211; <\/p>\n<p>Das zeitgem\u00e4\u00dfe Design dieses Fenderprofils ist ideal f\u00fcr den intensivem Einsatz auf jedem Arbeits- oder Profiboot. Es wurde entwickelt, um gro\u00dfe St\u00f6\u00dfe abzufangen, w\u00e4hrend es eine leichte Struktur beibeh\u00e4lt. Die einfache Installation erfolgt \u00fcber eine feste Basis, eine vorgebohrte Edelstahlstange und ein Druckrippenprofil. Es eignet sich f\u00fcr jeden Rumpf mit glatter, quadratischer oder flacher Verbindung.<\/p>\n","protected":false},"excerpt":{"rendered":"<p>Terminal f\u00fcr QBE H90 &#8211; Das zeitgem\u00e4\u00dfe Design dieses Fenderprofils ist ideal f\u00fcr den intensivem Einsatz auf jedem Arbeits- oder<\/p>\n","protected":false},"featured_media":5948810,"comment_status":"closed","ping_status":"closed","template":"","meta":[],"product_brand":[3480],"product_cat":[1565],"product_tag":[],"class_list":{"0":"post-3445699","1":"product","2":"type-product","3":"status-publish","4":"has-post-thumbnail","6":"product_brand-tessilmare-de","7":"product_cat-fender-profile","9":"first","10":"instock","11":"shipping-taxable","12":"purchasable","13":"product-type-simple"},"_links":{"self":[{"href":"https:\/\/stoic-curie.212-227-153-4.plesk.page\/de\/wp-json\/wp\/v2\/product\/3445699","targetHints":{"allow":["GET"]}}],"collection":[{"href":"https:\/\/stoic-curie.212-227-153-4.plesk.page\/de\/wp-json\/wp\/v2\/product"}],"about":[{"href":"https:\/\/stoic-curie.212-227-153-4.plesk.page\/de\/wp-json\/wp\/v2\/types\/product"}],"replies":[{"embeddable":true,"href":"https:\/\/stoic-curie.212-227-153-4.plesk.page\/de\/wp-json\/wp\/v2\/comments?post=3445699"}],"version-history":[{"count":0,"href":"https:\/\/stoic-curie.212-227-153-4.plesk.page\/de\/wp-json\/wp\/v2\/product\/3445699\/revisions"}],"wp:featuredmedia":[{"embeddable":true,"href":"https:\/\/stoic-curie.212-227-153-4.plesk.page\/de\/wp-json\/wp\/v2\/media\/5948810"}],"wp:attachment":[{"href":"https:\/\/stoic-curie.212-227-153-4.plesk.page\/de\/wp-json\/wp\/v2\/media?parent=3445699"}],"wp:term":[{"taxonomy":"product_brand","embeddable":true,"href":"https:\/\/stoic-curie.212-227-153-4.plesk.page\/de\/wp-json\/wp\/v2\/product_brand?post=3445699"},{"taxonomy":"product_cat","embeddable":true,"href":"https:\/\/stoic-curie.212-227-153-4.plesk.page\/de\/wp-json\/wp\/v2\/product_cat?post=3445699"},{"taxonomy":"product_tag","embeddable":true,"href":"https:\/\/stoic-curie.212-227-153-4.plesk.page\/de\/wp-json\/wp\/v2\/product_tag?post=3445699"}],"curies":[{"name":"wp","href":"https:\/\/api.w.org\/{rel}","templated":true}]}}