{"id":3445872,"date":"2025-10-09T23:06:48","date_gmt":"2025-10-10T03:06:48","guid":{"rendered":"https:\/\/stoic-curie.212-227-153-4.plesk.page\/product\/torggler-sitol-schwarz-290-ml\/"},"modified":"2026-02-24T23:35:26","modified_gmt":"2026-02-24T23:35:26","slug":"torggler-sitol-schwarz-290-ml","status":"publish","type":"product","link":"https:\/\/stoic-curie.212-227-153-4.plesk.page\/de\/product\/torggler-sitol-schwarz-290-ml\/","title":{"rendered":"Torggler Sitol Schwarz 290 ml"},"content":{"rendered":"<p>Torggler Sitol Schwarz 290 ml &#8211; <\/p>\n<p>Torggler Hybrid-Dichtstoff f\u00fcr Teak-Beschichtungen.<br \/>\u2022 Haftet auf jeder glatten oder por\u00f6sen Oberfl\u00e4che, sogar auf feuchten.<br \/>\u2022 Schleifbar, st\u00e4ndig elastisch, schrumpft nicht.<br \/>\u2022 Best\u00e4ndig gegen UV-Strahlen, salzhaltige Umgebungen und chemische Mittel.<br \/>\u2022 L\u00f6semittel- und isocyanatfrei, eine Schulung gem\u00e4\u00df der Verordnung CE1907\/2006 ist nicht erforderlich.<\/p>\n","protected":false},"excerpt":{"rendered":"<p>Torggler Sitol Schwarz 290 ml &#8211; Torggler Hybrid-Dichtstoff f\u00fcr Teak-Beschichtungen.\u2022 Haftet auf jeder glatten oder por\u00f6sen Oberfl\u00e4che, sogar auf feuchten.\u2022<\/p>\n","protected":false},"featured_media":5948904,"comment_status":"closed","ping_status":"closed","template":"","meta":[],"product_brand":[3235],"product_cat":[1350],"product_tag":[],"class_list":{"0":"post-3445872","1":"product","2":"type-product","3":"status-publish","4":"has-post-thumbnail","6":"product_brand-osculati-de","7":"product_cat-klebstoffe-und-dichtungsmassen","9":"first","10":"instock","11":"shipping-taxable","12":"purchasable","13":"product-type-simple"},"_links":{"self":[{"href":"https:\/\/stoic-curie.212-227-153-4.plesk.page\/de\/wp-json\/wp\/v2\/product\/3445872","targetHints":{"allow":["GET"]}}],"collection":[{"href":"https:\/\/stoic-curie.212-227-153-4.plesk.page\/de\/wp-json\/wp\/v2\/product"}],"about":[{"href":"https:\/\/stoic-curie.212-227-153-4.plesk.page\/de\/wp-json\/wp\/v2\/types\/product"}],"replies":[{"embeddable":true,"href":"https:\/\/stoic-curie.212-227-153-4.plesk.page\/de\/wp-json\/wp\/v2\/comments?post=3445872"}],"version-history":[{"count":0,"href":"https:\/\/stoic-curie.212-227-153-4.plesk.page\/de\/wp-json\/wp\/v2\/product\/3445872\/revisions"}],"wp:featuredmedia":[{"embeddable":true,"href":"https:\/\/stoic-curie.212-227-153-4.plesk.page\/de\/wp-json\/wp\/v2\/media\/5948904"}],"wp:attachment":[{"href":"https:\/\/stoic-curie.212-227-153-4.plesk.page\/de\/wp-json\/wp\/v2\/media?parent=3445872"}],"wp:term":[{"taxonomy":"product_brand","embeddable":true,"href":"https:\/\/stoic-curie.212-227-153-4.plesk.page\/de\/wp-json\/wp\/v2\/product_brand?post=3445872"},{"taxonomy":"product_cat","embeddable":true,"href":"https:\/\/stoic-curie.212-227-153-4.plesk.page\/de\/wp-json\/wp\/v2\/product_cat?post=3445872"},{"taxonomy":"product_tag","embeddable":true,"href":"https:\/\/stoic-curie.212-227-153-4.plesk.page\/de\/wp-json\/wp\/v2\/product_tag?post=3445872"}],"curies":[{"name":"wp","href":"https:\/\/api.w.org\/{rel}","templated":true}]}}