{"id":3445978,"date":"2025-10-09T23:06:53","date_gmt":"2025-10-10T03:06:53","guid":{"rendered":"https:\/\/stoic-curie.212-227-153-4.plesk.page\/product\/propeller-fuer-yamaha-7-1-2-x-7\/"},"modified":"2026-02-24T23:35:26","modified_gmt":"2026-02-24T23:35:26","slug":"propeller-fuer-yamaha-7-1-2-x-7","status":"publish","type":"product","link":"https:\/\/stoic-curie.212-227-153-4.plesk.page\/de\/product\/propeller-fuer-yamaha-7-1-2-x-7\/","title":{"rendered":"Propeller f\u00fcr Yamaha 7 1\/2 x 7"},"content":{"rendered":"<p>Propeller f\u00fcr Yamaha 7 1\/2 x 7 &#8211; <\/p>\n<p>Alice Aluminium-Propeller f\u00fcr Yamaha-Au\u00dfenbordmotoren.<br \/>Hergestellt aus einer Aluminium-Titan-Legierung der Luftfahrt.<br \/>3D-Laserscanning f\u00fcr statische und dynamische Kontrolle.<br \/>Robotergest\u00fctzte AkzoNobel-Pulverbeschichtung.<br \/>Hohe Effizienz und reduzierter Verbrauch dank perfekt gew\u00f6lbter Bl\u00e4tter.<br \/>Das Montageset muss separat bestellt werden, falls erforderlich, um Muttern, Unterlegscheiben und Abstandshalter zu ersetzen. F\u00fcr Yamaha-Au\u00dfenbordmotoren:<br \/>2A\/B (Pin-Antrieb)<br \/>F2.5A\/3A<br \/>4A\/5C\/F4A\/F5A<\/p>\n","protected":false},"excerpt":{"rendered":"<p>Propeller f\u00fcr Yamaha 7 1\/2 x 7 &#8211; Alice Aluminium-Propeller f\u00fcr Yamaha-Au\u00dfenbordmotoren.Hergestellt aus einer Aluminium-Titan-Legierung der Luftfahrt.3D-Laserscanning f\u00fcr statische und<\/p>\n","protected":false},"featured_media":5949018,"comment_status":"closed","ping_status":"closed","template":"","meta":[],"product_brand":[3390],"product_cat":[1544,1516],"product_tag":[],"class_list":{"0":"post-3445978","1":"product","2":"type-product","3":"status-publish","4":"has-post-thumbnail","6":"product_brand-sierra-marine-de","7":"product_cat-marine-ersatzteile-fuer-yamaha","8":"product_cat-propeller-fuer-aussenbordmotoren","10":"first","11":"instock","12":"shipping-taxable","13":"purchasable","14":"product-type-simple"},"_links":{"self":[{"href":"https:\/\/stoic-curie.212-227-153-4.plesk.page\/de\/wp-json\/wp\/v2\/product\/3445978","targetHints":{"allow":["GET"]}}],"collection":[{"href":"https:\/\/stoic-curie.212-227-153-4.plesk.page\/de\/wp-json\/wp\/v2\/product"}],"about":[{"href":"https:\/\/stoic-curie.212-227-153-4.plesk.page\/de\/wp-json\/wp\/v2\/types\/product"}],"replies":[{"embeddable":true,"href":"https:\/\/stoic-curie.212-227-153-4.plesk.page\/de\/wp-json\/wp\/v2\/comments?post=3445978"}],"version-history":[{"count":0,"href":"https:\/\/stoic-curie.212-227-153-4.plesk.page\/de\/wp-json\/wp\/v2\/product\/3445978\/revisions"}],"wp:featuredmedia":[{"embeddable":true,"href":"https:\/\/stoic-curie.212-227-153-4.plesk.page\/de\/wp-json\/wp\/v2\/media\/5949018"}],"wp:attachment":[{"href":"https:\/\/stoic-curie.212-227-153-4.plesk.page\/de\/wp-json\/wp\/v2\/media?parent=3445978"}],"wp:term":[{"taxonomy":"product_brand","embeddable":true,"href":"https:\/\/stoic-curie.212-227-153-4.plesk.page\/de\/wp-json\/wp\/v2\/product_brand?post=3445978"},{"taxonomy":"product_cat","embeddable":true,"href":"https:\/\/stoic-curie.212-227-153-4.plesk.page\/de\/wp-json\/wp\/v2\/product_cat?post=3445978"},{"taxonomy":"product_tag","embeddable":true,"href":"https:\/\/stoic-curie.212-227-153-4.plesk.page\/de\/wp-json\/wp\/v2\/product_tag?post=3445978"}],"curies":[{"name":"wp","href":"https:\/\/api.w.org\/{rel}","templated":true}]}}