{"id":3445988,"date":"2025-10-09T23:06:53","date_gmt":"2025-10-10T03:06:53","guid":{"rendered":"https:\/\/stoic-curie.212-227-153-4.plesk.page\/product\/torggler-domus-dichtstoff-weiss-ral9010-310-ml\/"},"modified":"2026-02-24T23:35:26","modified_gmt":"2026-02-24T23:35:26","slug":"torggler-domus-dichtstoff-weiss-ral9010-310-ml","status":"publish","type":"product","link":"https:\/\/stoic-curie.212-227-153-4.plesk.page\/de\/product\/torggler-domus-dichtstoff-weiss-ral9010-310-ml\/","title":{"rendered":"Torggler domus Dichtstoff wei\u00df ral9010 310 ml"},"content":{"rendered":"<p>Torggler domus Dichtstoff wei\u00df ral9010 310 ml &#8211; <\/p>\n<p>Niedrigmoduliger neutraler Torggler-Silikondichtstoff in den am h\u00e4ufigsten verwendeten nautischen Farbnuancen. <br \/>\u2022 Schimmelresistent <br \/>\u2022 UV-Strahlen- und salzs\u00e4urebest\u00e4ndig <br \/>\u2022 Zertifizierung f\u00fcr Anwendungen gem\u00e4\u00df der EN15651-1\/2\/3-Norm<\/p>\n","protected":false},"excerpt":{"rendered":"<p>Torggler domus Dichtstoff wei\u00df ral9010 310 ml &#8211; Niedrigmoduliger neutraler Torggler-Silikondichtstoff in den am h\u00e4ufigsten verwendeten nautischen Farbnuancen. \u2022 Schimmelresistent<\/p>\n","protected":false},"featured_media":5948925,"comment_status":"closed","ping_status":"closed","template":"","meta":[],"product_brand":[3235],"product_cat":[1350],"product_tag":[],"class_list":{"0":"post-3445988","1":"product","2":"type-product","3":"status-publish","4":"has-post-thumbnail","6":"product_brand-osculati-de","7":"product_cat-klebstoffe-und-dichtungsmassen","9":"first","10":"instock","11":"shipping-taxable","12":"purchasable","13":"product-type-simple"},"_links":{"self":[{"href":"https:\/\/stoic-curie.212-227-153-4.plesk.page\/de\/wp-json\/wp\/v2\/product\/3445988","targetHints":{"allow":["GET"]}}],"collection":[{"href":"https:\/\/stoic-curie.212-227-153-4.plesk.page\/de\/wp-json\/wp\/v2\/product"}],"about":[{"href":"https:\/\/stoic-curie.212-227-153-4.plesk.page\/de\/wp-json\/wp\/v2\/types\/product"}],"replies":[{"embeddable":true,"href":"https:\/\/stoic-curie.212-227-153-4.plesk.page\/de\/wp-json\/wp\/v2\/comments?post=3445988"}],"version-history":[{"count":0,"href":"https:\/\/stoic-curie.212-227-153-4.plesk.page\/de\/wp-json\/wp\/v2\/product\/3445988\/revisions"}],"wp:featuredmedia":[{"embeddable":true,"href":"https:\/\/stoic-curie.212-227-153-4.plesk.page\/de\/wp-json\/wp\/v2\/media\/5948925"}],"wp:attachment":[{"href":"https:\/\/stoic-curie.212-227-153-4.plesk.page\/de\/wp-json\/wp\/v2\/media?parent=3445988"}],"wp:term":[{"taxonomy":"product_brand","embeddable":true,"href":"https:\/\/stoic-curie.212-227-153-4.plesk.page\/de\/wp-json\/wp\/v2\/product_brand?post=3445988"},{"taxonomy":"product_cat","embeddable":true,"href":"https:\/\/stoic-curie.212-227-153-4.plesk.page\/de\/wp-json\/wp\/v2\/product_cat?post=3445988"},{"taxonomy":"product_tag","embeddable":true,"href":"https:\/\/stoic-curie.212-227-153-4.plesk.page\/de\/wp-json\/wp\/v2\/product_tag?post=3445988"}],"curies":[{"name":"wp","href":"https:\/\/api.w.org\/{rel}","templated":true}]}}