{"id":3446080,"date":"2025-10-09T23:06:58","date_gmt":"2025-10-10T03:06:58","guid":{"rendered":"https:\/\/stoic-curie.212-227-153-4.plesk.page\/product\/sidermarine-mpp-t-005-bis-zu-12-tonnen\/"},"modified":"2026-02-24T23:35:26","modified_gmt":"2026-02-24T23:35:26","slug":"sidermarine-mpp-t-005-bis-zu-12-tonnen","status":"publish","type":"product","link":"https:\/\/stoic-curie.212-227-153-4.plesk.page\/de\/product\/sidermarine-mpp-t-005-bis-zu-12-tonnen\/","title":{"rendered":"Sidermarine MPP\/T-005 bis zu 1,2 Tonnen"},"content":{"rendered":"<p>Sidermarine MPP\/T-005 bis zu 1,2 Tonnen &#8211; <\/p>\n<p style=\"color: rgb(34, 34, 34); font-family: Arial, Helvetica, sans-serif; font-size: small;\">Die MPP-Feder ist aufgrund der fortschrittlichen Materialien und technischen L\u00f6sungen, die in ihrem Design und ihrer Herstellung verwendet werden, au\u00dfergew\u00f6hnlich effektiv. Die hochleistungsf\u00e4hige, ger\u00e4uscharme Festmacherfeder von Sidermarine verf\u00fcgt \u00fcber bemerkenswerte sto\u00dfd\u00e4mpfende Eigenschaften, die auf die Federkompression aus einer speziellen Edelstahllegierung zur\u00fcckzuf\u00fchren sind, sowie auf die Mollaflex-Elastomere, die w\u00e4hrend Phasen erh\u00f6hten Stress aktiv werden.<\/p>\n<p style=\"color: rgb(34, 34, 34); font-family: Arial, Helvetica, sans-serif; font-size: small;\">Bitte konsultieren Sie die angef\u00fcgten technischen Spezifikationen, die die \u00fcberlegenen D\u00e4mpfungseigenschaften unseres Produkts im Vergleich zu anderen auf dem Markt verf\u00fcgbaren Produkten hervorheben.<\/p>\n<p style=\"color: rgb(34, 34, 34); font-family: Arial, Helvetica, sans-serif; font-size: small;\">Festmacherfedern sind speziell konzipiert, um die Spannung in den Festmacherleinen zu verringern.<\/p>\n<p style=\"color: rgb(34, 34, 34); font-family: Arial, Helvetica, sans-serif; font-size: small;\">Unsere patentierten Festmacherfedern werden aus einer einzigartigen Edelstahlliga gefertigt, die w\u00e4hrend der Kompressionsphase entscheidend ist und zu 60-70% ihrer Gesamtwirksamkeit beitr\u00e4gt. Dies wird durch die Mollaflex-Elastomerenkomponente weiter verbessert, die zus\u00e4tzlichen Halt bei h\u00f6heren Stresslevels bietet. Diese einzigartige Kombination ist die einzige zuverl\u00e4ssige Methode zur Reduzierung der Bootsbewegungen beim Ankern und gew\u00e4hrleistet Sicherheit, indem sie die Spannung in den Festmacherleinen effektiv d\u00e4mpft. Dadurch werden die auf die Heckpoller ausge\u00fcbten Kr\u00e4fte erheblich verringert, was zu einem stabileren und komfortableren Erlebnis f\u00fcr den Benutzer f\u00fchrt.<\/p>\n<p style=\"color: rgb(34, 34, 34); font-family: Arial, Helvetica, sans-serif; font-size: small;\">Es ist entscheidend zu verstehen, dass das Elastomer allein keine ausreichende D\u00e4mpfung liefern kann. Als sehr starres Material komprimiert es nur unter erheblichem Stress und hohen Lasten. Die hochleistungsf\u00e4hige, ger\u00e4uscharme Festmacherfeder von Sidermarine bietet herausragende Sto\u00dfd\u00e4mpfung, dank der Federkompression aus einer speziellen Edelstahllegierung und der Mollaflex-Elastomeren, die bei erh\u00f6htem Stress aktiv werden.<\/p>\n","protected":false},"excerpt":{"rendered":"<p>Sidermarine MPP\/T-005 bis zu 1,2 Tonnen &#8211; Die MPP-Feder ist aufgrund der fortschrittlichen Materialien und technischen L\u00f6sungen, die in ihrem<\/p>\n","protected":false},"featured_media":5949198,"comment_status":"closed","ping_status":"closed","template":"","meta":[],"product_brand":[3385],"product_cat":[1337],"product_tag":[],"class_list":{"0":"post-3446080","1":"product","2":"type-product","3":"status-publish","4":"has-post-thumbnail","6":"product_brand-sidermarine-de","7":"product_cat-anlegefendern-stossdaempfer","9":"first","10":"instock","11":"shipping-taxable","12":"purchasable","13":"product-type-simple"},"_links":{"self":[{"href":"https:\/\/stoic-curie.212-227-153-4.plesk.page\/de\/wp-json\/wp\/v2\/product\/3446080","targetHints":{"allow":["GET"]}}],"collection":[{"href":"https:\/\/stoic-curie.212-227-153-4.plesk.page\/de\/wp-json\/wp\/v2\/product"}],"about":[{"href":"https:\/\/stoic-curie.212-227-153-4.plesk.page\/de\/wp-json\/wp\/v2\/types\/product"}],"replies":[{"embeddable":true,"href":"https:\/\/stoic-curie.212-227-153-4.plesk.page\/de\/wp-json\/wp\/v2\/comments?post=3446080"}],"version-history":[{"count":0,"href":"https:\/\/stoic-curie.212-227-153-4.plesk.page\/de\/wp-json\/wp\/v2\/product\/3446080\/revisions"}],"wp:featuredmedia":[{"embeddable":true,"href":"https:\/\/stoic-curie.212-227-153-4.plesk.page\/de\/wp-json\/wp\/v2\/media\/5949198"}],"wp:attachment":[{"href":"https:\/\/stoic-curie.212-227-153-4.plesk.page\/de\/wp-json\/wp\/v2\/media?parent=3446080"}],"wp:term":[{"taxonomy":"product_brand","embeddable":true,"href":"https:\/\/stoic-curie.212-227-153-4.plesk.page\/de\/wp-json\/wp\/v2\/product_brand?post=3446080"},{"taxonomy":"product_cat","embeddable":true,"href":"https:\/\/stoic-curie.212-227-153-4.plesk.page\/de\/wp-json\/wp\/v2\/product_cat?post=3446080"},{"taxonomy":"product_tag","embeddable":true,"href":"https:\/\/stoic-curie.212-227-153-4.plesk.page\/de\/wp-json\/wp\/v2\/product_tag?post=3446080"}],"curies":[{"name":"wp","href":"https:\/\/api.w.org\/{rel}","templated":true}]}}