{"id":3446091,"date":"2025-10-09T23:06:58","date_gmt":"2025-10-10T03:06:58","guid":{"rendered":"https:\/\/stoic-curie.212-227-153-4.plesk.page\/product\/sidermarine-mk40-hybrid-fuer-1-bis-4-tonnen\/"},"modified":"2026-02-24T23:35:26","modified_gmt":"2026-02-24T23:35:26","slug":"sidermarine-mk40-hybrid-fuer-1-bis-4-tonnen","status":"publish","type":"product","link":"https:\/\/stoic-curie.212-227-153-4.plesk.page\/de\/product\/sidermarine-mk40-hybrid-fuer-1-bis-4-tonnen\/","title":{"rendered":"Sidermarine MK40 Hybrid f\u00fcr 1 bis 4 Tonnen"},"content":{"rendered":"<p>Sidermarine MK40 Hybrid f\u00fcr 1 bis 4 Tonnen &#8211; <\/p>\n<p style=\"color: rgb(34, 34, 34); font-family: Arial, Helvetica, sans-serif; font-size: small;\"><strong>Mooring Spring MK 40 Hybrid<\/strong><\/p>\n<p style=\"color: rgb(34, 34, 34); font-family: Arial, Helvetica, sans-serif; font-size: small;\">Die MK Hybrid-Moorungsfeder integriert patentierte Sto\u00dfd\u00e4mpfer, die durch zylindrische Elastomere verbessert werden. Diese Elastomere bieten eine hohe und gleichm\u00e4\u00dfige Tr\u00e4gheitslast. In Kombination mit der Feder, die in Konfigurationen von einer einzelnen zentralen Einheit bis zu vier an jedem Ende erh\u00e4ltlich ist, verbessern sie die F\u00e4higkeit der Feder, substanzielle Belastungen zu bew\u00e4ltigen. Dieses innovative Design erm\u00f6glicht eine sanfte Bewegung, die sich an die Anforderungen des Boots anpasst.<\/p>\n<p style=\"color: rgb(34, 34, 34); font-family: Arial, Helvetica, sans-serif; font-size: small;\">Moorungsfedern sind speziell darauf ausgelegt, Spannungen in Moorungslinien zu reduzieren. Sie stellen die einzige effektive L\u00f6sung zur Verringerung der Schwingungen eines Boots w\u00e4hrend des Festmachens dar und sorgen so f\u00fcr Sicherheit, indem sie Spannungen in den Linien effizient d\u00e4mpfen. Dies reduziert die Kr\u00e4fte, die auf die Heckbollards ausge\u00fcbt werden, erheblich und schafft eine stabilere und komfortablere Umgebung f\u00fcr die Nutzer. Die MK 40 Hybrid-Moorungsfeder ist f\u00fcr Schiffe mit einem Gewicht zwischen 1 und 4 Tonnen geeignet.<\/p>\n<p style=\"color: rgb(34, 34, 34); font-family: Arial, Helvetica, sans-serif; font-size: small;\">Hervorzuhebende Merkmale sind:<\/p>\n<ul style=\"color: rgb(34, 34, 34); font-family: Arial, Helvetica, sans-serif; font-size: small;\">\n<li>Verbesserte Tr\u00e4gheitslast durch Elastomere<\/li>\n<li>Stufenlose D\u00e4mpfkraft<\/li>\n<li>Leiser Betrieb und Widerstandsf\u00e4higkeit gegen Stress<\/li>\n<li>Innere Komponenten aus 316 Edelstahl ohne Schwei\u00dfn\u00e4hte<\/li>\n<li>Funktionsf\u00e4higkeit \u00fcber einen breiten Temperaturbereich (-20\u00b0 bis +80\u00b0)<\/li>\n<\/ul>\n<p style=\"color: rgb(34, 34, 34); font-family: Arial, Helvetica, sans-serif; font-size: small;\">Spezifikationen:<\/p>\n<ul style=\"color: rgb(34, 34, 34); font-family: Arial, Helvetica, sans-serif; font-size: small;\">\n<li>L\u00e4nge: 381 mm<\/li>\n<li>Gewicht: 1,96 kg (4,32 lb)<\/li>\n<li>Geeignet f\u00fcr Boote mit einem Gewicht von 1 bis 4 Tonnen.<\/li>\n<\/ul>\n","protected":false},"excerpt":{"rendered":"<p>Sidermarine MK40 Hybrid f\u00fcr 1 bis 4 Tonnen &#8211; Mooring Spring MK 40 Hybrid Die MK Hybrid-Moorungsfeder integriert patentierte Sto\u00dfd\u00e4mpfer,<\/p>\n","protected":false},"featured_media":5949200,"comment_status":"closed","ping_status":"closed","template":"","meta":[],"product_brand":[3385],"product_cat":[1337],"product_tag":[],"class_list":{"0":"post-3446091","1":"product","2":"type-product","3":"status-publish","4":"has-post-thumbnail","6":"product_brand-sidermarine-de","7":"product_cat-anlegefendern-stossdaempfer","9":"first","10":"instock","11":"shipping-taxable","12":"purchasable","13":"product-type-simple"},"_links":{"self":[{"href":"https:\/\/stoic-curie.212-227-153-4.plesk.page\/de\/wp-json\/wp\/v2\/product\/3446091","targetHints":{"allow":["GET"]}}],"collection":[{"href":"https:\/\/stoic-curie.212-227-153-4.plesk.page\/de\/wp-json\/wp\/v2\/product"}],"about":[{"href":"https:\/\/stoic-curie.212-227-153-4.plesk.page\/de\/wp-json\/wp\/v2\/types\/product"}],"replies":[{"embeddable":true,"href":"https:\/\/stoic-curie.212-227-153-4.plesk.page\/de\/wp-json\/wp\/v2\/comments?post=3446091"}],"version-history":[{"count":0,"href":"https:\/\/stoic-curie.212-227-153-4.plesk.page\/de\/wp-json\/wp\/v2\/product\/3446091\/revisions"}],"wp:featuredmedia":[{"embeddable":true,"href":"https:\/\/stoic-curie.212-227-153-4.plesk.page\/de\/wp-json\/wp\/v2\/media\/5949200"}],"wp:attachment":[{"href":"https:\/\/stoic-curie.212-227-153-4.plesk.page\/de\/wp-json\/wp\/v2\/media?parent=3446091"}],"wp:term":[{"taxonomy":"product_brand","embeddable":true,"href":"https:\/\/stoic-curie.212-227-153-4.plesk.page\/de\/wp-json\/wp\/v2\/product_brand?post=3446091"},{"taxonomy":"product_cat","embeddable":true,"href":"https:\/\/stoic-curie.212-227-153-4.plesk.page\/de\/wp-json\/wp\/v2\/product_cat?post=3446091"},{"taxonomy":"product_tag","embeddable":true,"href":"https:\/\/stoic-curie.212-227-153-4.plesk.page\/de\/wp-json\/wp\/v2\/product_tag?post=3446091"}],"curies":[{"name":"wp","href":"https:\/\/api.w.org\/{rel}","templated":true}]}}