{"id":3446101,"date":"2025-10-09T23:06:58","date_gmt":"2025-10-10T03:06:58","guid":{"rendered":"https:\/\/stoic-curie.212-227-153-4.plesk.page\/product\/selbstansaugende-pumpe-tellarini-i-30\/"},"modified":"2026-02-24T23:35:26","modified_gmt":"2026-02-24T23:35:26","slug":"selbstansaugende-pumpe-tellarini-i-30","status":"publish","type":"product","link":"https:\/\/stoic-curie.212-227-153-4.plesk.page\/de\/product\/selbstansaugende-pumpe-tellarini-i-30\/","title":{"rendered":"Selbstansaugende Pumpe Tellarini I 30"},"content":{"rendered":"<p>Selbstansaugende Pumpe Tellarini I 30 &#8211; <\/p>\n<p style=\"color: rgb(34, 34, 34); font-family: Arial, Helvetica, sans-serif; font-size: small;\">Entdecken Sie die ideale L\u00f6sung f\u00fcr das Ansaugen und \u00dcbertragen von Fl\u00fcssigkeiten, mit robusten selbstansaugenden F\u00e4higkeiten, der M\u00f6glichkeit, auch mit intermittierender Fl\u00fcssigkeitspr\u00e4senz zu arbeiten, und r\u00fcckw\u00e4rtsflie\u00dfendem Betrieb. Die I-Serie besteht aus CB754S Messing mit einer Welle aus Edelstahl. Dieses Modell enth\u00e4lt eine St\u00fctze und einen Riemen zur einfachen Motoranbindung. Bitte beachten Sie die Kompatibilit\u00e4t und w\u00e4hlen Sie die passenden Dichtungen f\u00fcr Ihre spezifische Anwendung.<\/p>\n<p style=\"color: rgb(34, 34, 34); font-family: Arial, Helvetica, sans-serif; font-size: small;\">Dieses Produkt eignet sich besonders gut f\u00fcr:<\/p>\n<ul style=\"color: rgb(34, 34, 34); font-family: Arial, Helvetica, sans-serif; font-size: small;\">\n<li>Nautische Anwendungen (Bilge, Dienste, K\u00fchlung, Waschen, Meerwasser)<\/li>\n<li>Landwirtschaft (Fungizide, fl\u00fcssige D\u00fcnger, Komponenten landwirtschaftlicher Maschinen, Bew\u00e4sserung)<\/li>\n<li>Transport (Tankwagen, Stra\u00dfenmaschinen, Bord-Wassersysteme)<\/li>\n<\/ul>\n<p style=\"color: rgb(34, 34, 34); font-family: Arial, Helvetica, sans-serif; font-size: small;\"><strong>Hydraulische Spezifikationen:<\/strong><\/p>\n<ul style=\"color: rgb(34, 34, 34); font-family: Arial, Helvetica, sans-serif; font-size: small;\">\n<li>Maximale Kapazit\u00e4t: 166 Liter\/Minute<\/li>\n<li>Maximale F\u00f6rderh\u00f6he: 65 Meter<\/li>\n<li>Wellen-Dichtung: Dichtung<\/li>\n<li>Maximale Ansaugh\u00f6he: 6 Meter<\/li>\n<li>Gewindeanschl\u00fcsse: 1\u00bd Zoll<\/li>\n<li>Maximale Fl\u00fcssigkeitsdichte: 1,1 g\/cm\u00b3 (frei von harten Partikeln)<\/li>\n<li>Maximale Temperatur: 90\u00b0C<\/li>\n<li>Nicht geeignet f\u00fcr aggressive Fl\u00fcssigkeiten, die die Pumpenmaterialien und Dichtungen besch\u00e4digen k\u00f6nnten (siehe technische Spezifikationen)<\/li>\n<li>Nicht zum \u00dcbertragen von Benzin, L\u00f6sungsmitteln oder zur Verwendung in explosiven und brennbaren Umgebungen gedacht<\/li>\n<li>Umkehrbare Pumpenflussf\u00e4higkeit<\/li>\n<li>Inklusive eines Paares von Messing-Schlauchanschl\u00fcssen f\u00fcr 30-mm-Rohre (einen geraden und einen gewinkelten)<\/li>\n<li>Kann kurzfristig mit geschlossenen Rohren betrieben werden<\/li>\n<li>Die Pumpe muss w\u00e4hrend der Installation mit Fl\u00fcssigkeit gef\u00fcllt sein; dieser Schritt ist anschlie\u00dfend nicht erforderlich<\/li>\n<\/ul>\n<p style=\"color: rgb(34, 34, 34); font-family: Arial, Helvetica, sans-serif; font-size: small;\"><strong>Technische Spezifikationen:<\/strong><\/p>\n<ul style=\"color: rgb(34, 34, 34); font-family: Arial, Helvetica, sans-serif; font-size: small;\">\n<li>Vorbereitet f\u00fcr den Anschluss \u00fcber Riemen 1A72<\/li>\n<\/ul>\n<p style=\"color: rgb(34, 34, 34); font-family: Arial, Helvetica, sans-serif; font-size: small;\"><strong>Materialien:<\/strong><\/p>\n<ul style=\"color: rgb(34, 34, 34); font-family: Arial, Helvetica, sans-serif; font-size: small;\">\n<li>Pumpenteile: Messing<\/li>\n<li>Welle: AISI 304<\/li>\n<li>Laufrad: Messing<\/li>\n<li>Dichtungen: NBR<\/li>\n<\/ul>\n<p style=\"color: rgb(34, 34, 34); font-family: Arial, Helvetica, sans-serif; font-size: small;\"><strong>Pumpeneigenschaften:<\/strong><\/p>\n<ul style=\"color: rgb(34, 34, 34); font-family: Arial, Helvetica, sans-serif; font-size: small;\">\n<li>Anschl\u00fcsse: 1\u00bd Zoll<\/li>\n<li>Schlauchanschluss: 30 mm<\/li>\n<li>Ansaughf\u00e4higkeit: 6 Meter<\/li>\n<li>Maximale Durchflussrate: 166 Liter\/Minute<\/li>\n<li>Maximale F\u00f6rderh\u00f6he: 65 Meter<\/li>\n<\/ul>\n<p style=\"color: rgb(34, 34, 34); font-family: Arial, Helvetica, sans-serif; font-size: small;\"><strong>Gesamtabmessungen:<\/strong><\/p>\n<ul style=\"color: rgb(34, 34, 34); font-family: Arial, Helvetica, sans-serif; font-size: small;\">\n<li>Breite: 298 mm<\/li>\n<li>L\u00e4nge: 158 mm<\/li>\n<li>H\u00f6he: 180 mm<\/li>\n<li>Gewicht: 6,4 kg<\/li>\n<\/ul>\n","protected":false},"excerpt":{"rendered":"<p>Selbstansaugende Pumpe Tellarini I 30 &#8211; Entdecken Sie die ideale L\u00f6sung f\u00fcr das Ansaugen und \u00dcbertragen von Fl\u00fcssigkeiten, mit robusten<\/p>\n","protected":false},"featured_media":5949202,"comment_status":"closed","ping_status":"closed","template":"","meta":[],"product_brand":[2975],"product_cat":[1522],"product_tag":[],"class_list":{"0":"post-3446101","1":"product","2":"type-product","3":"status-publish","4":"has-post-thumbnail","6":"product_brand-gianneschi-de","7":"product_cat-motorkuehlpumpen","9":"first","10":"instock","11":"shipping-taxable","12":"purchasable","13":"product-type-simple"},"_links":{"self":[{"href":"https:\/\/stoic-curie.212-227-153-4.plesk.page\/de\/wp-json\/wp\/v2\/product\/3446101","targetHints":{"allow":["GET"]}}],"collection":[{"href":"https:\/\/stoic-curie.212-227-153-4.plesk.page\/de\/wp-json\/wp\/v2\/product"}],"about":[{"href":"https:\/\/stoic-curie.212-227-153-4.plesk.page\/de\/wp-json\/wp\/v2\/types\/product"}],"replies":[{"embeddable":true,"href":"https:\/\/stoic-curie.212-227-153-4.plesk.page\/de\/wp-json\/wp\/v2\/comments?post=3446101"}],"version-history":[{"count":0,"href":"https:\/\/stoic-curie.212-227-153-4.plesk.page\/de\/wp-json\/wp\/v2\/product\/3446101\/revisions"}],"wp:featuredmedia":[{"embeddable":true,"href":"https:\/\/stoic-curie.212-227-153-4.plesk.page\/de\/wp-json\/wp\/v2\/media\/5949202"}],"wp:attachment":[{"href":"https:\/\/stoic-curie.212-227-153-4.plesk.page\/de\/wp-json\/wp\/v2\/media?parent=3446101"}],"wp:term":[{"taxonomy":"product_brand","embeddable":true,"href":"https:\/\/stoic-curie.212-227-153-4.plesk.page\/de\/wp-json\/wp\/v2\/product_brand?post=3446101"},{"taxonomy":"product_cat","embeddable":true,"href":"https:\/\/stoic-curie.212-227-153-4.plesk.page\/de\/wp-json\/wp\/v2\/product_cat?post=3446101"},{"taxonomy":"product_tag","embeddable":true,"href":"https:\/\/stoic-curie.212-227-153-4.plesk.page\/de\/wp-json\/wp\/v2\/product_tag?post=3446101"}],"curies":[{"name":"wp","href":"https:\/\/api.w.org\/{rel}","templated":true}]}}