{"id":3446127,"date":"2025-10-09T23:06:59","date_gmt":"2025-10-10T03:06:59","guid":{"rendered":"https:\/\/stoic-curie.212-227-153-4.plesk.page\/product\/elektromagnetische-kupplungspumpe-tellarini-ife-25-24\/"},"modified":"2026-02-24T23:35:26","modified_gmt":"2026-02-24T23:35:26","slug":"elektromagnetische-kupplungspumpe-tellarini-ife-25-24","status":"publish","type":"product","link":"https:\/\/stoic-curie.212-227-153-4.plesk.page\/de\/product\/elektromagnetische-kupplungspumpe-tellarini-ife-25-24\/","title":{"rendered":"Elektromagnetische Kupplungspumpe Tellarini IFE 25-24"},"content":{"rendered":"<p>Elektromagnetische Kupplungspumpe Tellarini IFE 25-24 &#8211; <\/p>\n<p style=\"color: rgb(34, 34, 34); font-family: Arial, Helvetica, sans-serif; font-size: small;\">Wir freuen uns, die ideale L\u00f6sung f\u00fcr das Absaugen und \u00dcbertragen von Fl\u00fcssigkeiten vorzustellen, die sich durch ihre starken selbstansaugenden Eigenschaften auszeichnet. Diese Pumpe funktioniert effektiv, selbst wenn die Fl\u00fcssigkeitsversorgung unregelm\u00e4\u00dfig ist, und erm\u00f6glicht einen umgekehrten Fluss. Die IFE-Serie ist sorgf\u00e4ltig aus CB754S Messing gefertigt und mit einer Edelstahlachse verst\u00e4rkt. Ihr Design umfasst ein St\u00fctz- und Riemensystem zur Gew\u00e4hrleistung einer reibungslosen Motoranbindung. Eine elektromagnetische Kupplung, strategisch zwischen Riemenscheibe und Achse platziert, erm\u00f6glicht der Pumpe, sich mit einem Betriebs-Motor zu verbinden, wodurch eine Fernsteuerung der Aktivierung und Deaktivierung \u00fcber einen einfachen Schalter m\u00f6glich ist. Es ist wichtig, die Kompatibilit\u00e4t zu best\u00e4tigen und die richtigen Dichtungen f\u00fcr jede individuelle Anwendung auszuw\u00e4hlen.<\/p>\n<p style=\"color: rgb(34, 34, 34); font-family: Arial, Helvetica, sans-serif; font-size: small;\">Dieses Produkt eignet sich besonders f\u00fcr die folgenden Anwendungen:<\/p>\n<ul style=\"color: rgb(34, 34, 34); font-family: Arial, Helvetica, sans-serif; font-size: small;\">\n<li>Marine Anwendungen (Bilgen, Dienstleistungen, K\u00fchlung, Reinigung, Meerwasser)<\/li>\n<li>Landwirtschaftliche Zwecke (Fungizide, fl\u00fcssige D\u00fcngemittel, Komponenten f\u00fcr Landmaschinen, Bew\u00e4sserung)<\/li>\n<li>Transport (Tankfahrzeuge, Stra\u00dfenmaschinen, Bordwassersysteme)<\/li>\n<\/ul>\n<p style=\"color: rgb(34, 34, 34); font-family: Arial, Helvetica, sans-serif; font-size: small;\"><strong>Hydraulische Spezifikationen:<\/strong><\/p>\n<ul style=\"color: rgb(34, 34, 34); font-family: Arial, Helvetica, sans-serif; font-size: small;\">\n<li>Maximale F\u00f6rdermenge: 97 Liter pro Minute<\/li>\n<li>Maximale F\u00f6rderh\u00f6he: 45 Meter<\/li>\n<li>Achsdichtung: Ja<\/li>\n<li>Maximale Ansaugh\u00f6he: 6 Meter<\/li>\n<li>Gewindeadaptionen: 1 Zoll<\/li>\n<li>Maximale Fl\u00fcssigkeitsdichte: 1.1 g\/cm\u00b3 (frei von festen Partikeln)<\/li>\n<li>Maximale Temperatur: 90\u00b0C<\/li>\n<li>Nicht geeignet f\u00fcr aggressive Fl\u00fcssigkeiten, die Pumpenmaterialien und Dichtungen besch\u00e4digen k\u00f6nnten (bitte technische Spezifikationen konsultieren)<\/li>\n<li>Nicht f\u00fcr die \u00dcbertragung von Benzin, L\u00f6sungsmitteln oder f\u00fcr den Einsatz in explosiven und brennbaren Umgebungen vorgesehen<\/li>\n<li>F\u00e4higkeit zum umgekehrten Pumpfluss<\/li>\n<li>Lieferung mit einem Paar Messing-Schlauchanschl\u00fcssen f\u00fcr 25 mm Rohre (ein gerader und ein gebogener)<\/li>\n<li>Kann f\u00fcr kurze Zeitr\u00e4ume mit geschlossenen Rohren betrieben werden<\/li>\n<li>Die Pumpe muss w\u00e4hrend der Installation mit Fl\u00fcssigkeit gef\u00fcllt sein; dieser Schritt ist danach nicht mehr erforderlich<\/li>\n<\/ul>\n<p style=\"color: rgb(34, 34, 34); font-family: Arial, Helvetica, sans-serif; font-size: small;\"><strong>Technische Spezifikationen:<\/strong><\/p>\n<ul style=\"color: rgb(34, 34, 34); font-family: Arial, Helvetica, sans-serif; font-size: small;\">\n<li>Entwickelt f\u00fcr Anschluss \u00fcber Riemenscheibe 1Z120<\/li>\n<li>Ausgestattet mit einer 12V DC elektromagnetisch betriebenen Kupplung zur Fernsteuerung der Aktivierung und Deaktivierung der Pumpe<\/li>\n<\/ul>\n<p style=\"color: rgb(34, 34, 34); font-family: Arial, Helvetica, sans-serif; font-size: small;\"><strong>Materialien:<\/strong><\/p>\n<ul style=\"color: rgb(34, 34, 34); font-family: Arial, Helvetica, sans-serif; font-size: small;\">\n<li>Pumpenkomponenten: Messing<\/li>\n<li>Achse: AISI 304<\/li>\n<li>Impeller: Messing<\/li>\n<li>Dichtungen: NBR<\/li>\n<\/ul>\n<p style=\"color: rgb(34, 34, 34); font-family: Arial, Helvetica, sans-serif; font-size: small;\"><strong>Pumpeneigenschaften:<\/strong><\/p>\n<ul style=\"color: rgb(34, 34, 34); font-family: Arial, Helvetica, sans-serif; font-size: small;\">\n<li>Anschl\u00fcsse: 1 Zoll<\/li>\n<li>Schlauchanschluss: 25 mm<\/li>\n<li>Ansaugf\u00e4higkeit: 6 Meter<\/li>\n<li>Maximale F\u00f6rdermenge: 97 Liter pro Minute<\/li>\n<li>Maximale F\u00f6rderh\u00f6he: 45 Meter<\/li>\n<\/ul>\n<p style=\"color: rgb(34, 34, 34); font-family: Arial, Helvetica, sans-serif; font-size: small;\"><strong>Gesamtabmessungen:<\/strong><\/p>\n<ul style=\"color: rgb(34, 34, 34); font-family: Arial, Helvetica, sans-serif; font-size: small;\">\n<li>Breite: 212 mm<\/li>\n<li>L\u00e4nge: 126 mm<\/li>\n<li>H\u00f6he: 146 mm<\/li>\n<li>Gewicht: 5,4 kg<\/li>\n<\/ul>\n","protected":false},"excerpt":{"rendered":"<p>Elektromagnetische Kupplungspumpe Tellarini IFE 25-24 &#8211; Wir freuen uns, die ideale L\u00f6sung f\u00fcr das Absaugen und \u00dcbertragen von Fl\u00fcssigkeiten vorzustellen,<\/p>\n","protected":false},"featured_media":5946619,"comment_status":"closed","ping_status":"closed","template":"","meta":[],"product_brand":[2975],"product_cat":[1522],"product_tag":[],"class_list":{"0":"post-3446127","1":"product","2":"type-product","3":"status-publish","4":"has-post-thumbnail","6":"product_brand-gianneschi-de","7":"product_cat-motorkuehlpumpen","9":"first","10":"outofstock","11":"shipping-taxable","12":"purchasable","13":"product-type-simple"},"_links":{"self":[{"href":"https:\/\/stoic-curie.212-227-153-4.plesk.page\/de\/wp-json\/wp\/v2\/product\/3446127","targetHints":{"allow":["GET"]}}],"collection":[{"href":"https:\/\/stoic-curie.212-227-153-4.plesk.page\/de\/wp-json\/wp\/v2\/product"}],"about":[{"href":"https:\/\/stoic-curie.212-227-153-4.plesk.page\/de\/wp-json\/wp\/v2\/types\/product"}],"replies":[{"embeddable":true,"href":"https:\/\/stoic-curie.212-227-153-4.plesk.page\/de\/wp-json\/wp\/v2\/comments?post=3446127"}],"version-history":[{"count":0,"href":"https:\/\/stoic-curie.212-227-153-4.plesk.page\/de\/wp-json\/wp\/v2\/product\/3446127\/revisions"}],"wp:featuredmedia":[{"embeddable":true,"href":"https:\/\/stoic-curie.212-227-153-4.plesk.page\/de\/wp-json\/wp\/v2\/media\/5946619"}],"wp:attachment":[{"href":"https:\/\/stoic-curie.212-227-153-4.plesk.page\/de\/wp-json\/wp\/v2\/media?parent=3446127"}],"wp:term":[{"taxonomy":"product_brand","embeddable":true,"href":"https:\/\/stoic-curie.212-227-153-4.plesk.page\/de\/wp-json\/wp\/v2\/product_brand?post=3446127"},{"taxonomy":"product_cat","embeddable":true,"href":"https:\/\/stoic-curie.212-227-153-4.plesk.page\/de\/wp-json\/wp\/v2\/product_cat?post=3446127"},{"taxonomy":"product_tag","embeddable":true,"href":"https:\/\/stoic-curie.212-227-153-4.plesk.page\/de\/wp-json\/wp\/v2\/product_tag?post=3446127"}],"curies":[{"name":"wp","href":"https:\/\/api.w.org\/{rel}","templated":true}]}}