{"id":3446128,"date":"2025-10-09T23:07:00","date_gmt":"2025-10-10T03:07:00","guid":{"rendered":"https:\/\/stoic-curie.212-227-153-4.plesk.page\/product\/elektromagnetische-kupplungspumpe-tellarini-ife-30-24\/"},"modified":"2026-02-24T23:35:26","modified_gmt":"2026-02-24T23:35:26","slug":"elektromagnetische-kupplungspumpe-tellarini-ife-30-24","status":"publish","type":"product","link":"https:\/\/stoic-curie.212-227-153-4.plesk.page\/de\/product\/elektromagnetische-kupplungspumpe-tellarini-ife-30-24\/","title":{"rendered":"Elektromagnetische Kupplungspumpe Tellarini IFE 30-24"},"content":{"rendered":"<p>Elektromagnetische Kupplungspumpe Tellarini IFE 30-24 &#8211; <\/p>\n<p style=\"color: rgb(34, 34, 34); font-family: Arial, Helvetica, sans-serif; font-size: small;\">Diese Pumpe ist mit einem Messinglaufrad und einer Edelstahlachse ausgestattet und verf\u00fcgt \u00fcber eine elektromagnetische Kupplung. Sie arbeitet mit einer maximalen Drehzahl von 2900 U\/min und kann bei 1400 U\/min eine F\u00f6rderh\u00f6he von 65 Metern erreichen.<\/p>\n<p style=\"color: rgb(34, 34, 34); font-family: Arial, Helvetica, sans-serif; font-size: small;\">Entwickelt f\u00fcr Anwendungen in S\u00fc\u00df- und Salzwasser, gl\u00e4nzt diese Pumpe bei der Absch\u00f6pfung und dem Transport von Fl\u00fcssigkeiten. Ihre robuste Selbstansaugung erm\u00f6glicht den Betrieb auch bei intermittierenden Fl\u00fcssigkeitszufl\u00fcssen und bietet die Vielseitigkeit eines umkehrbaren Flusses. Die IFE-Serie ist aus CB754S Messing gefertigt und enth\u00e4lt eine Edelstahlachse. Das Modell wird mit einer Halterung und einer Riemenscheibe f\u00fcr eine nahtlose Motoranbindung geliefert. Die elektromagnetische Kupplung, die zwischen der Riemenscheibe und der Achse angebracht ist, erm\u00f6glicht die Fernsteuerung des Ein- und Ausschaltens der Pumpe \u00fcber einen einfachen Schalter. Es ist wichtig, die Kompatibilit\u00e4t zu \u00fcberpr\u00fcfen und geeignete Dichtungen f\u00fcr die jeweilige Anwendung auszuw\u00e4hlen.<\/p>\n<p style=\"color: rgb(34, 34, 34); font-family: Arial, Helvetica, sans-serif; font-size: small;\"><strong>Ideale Anwendungen:<\/strong><\/p>\n<ul style=\"color: rgb(34, 34, 34); font-family: Arial, Helvetica, sans-serif; font-size: small;\">\n<li><strong>Nautische Anwendungen:<\/strong>&nbsp;Bilgen, Service, K\u00fchlung, Waschen und Salzwasseranwendungen.<\/li>\n<li><strong>Landwirtschaft:<\/strong>&nbsp;Fungizide, fl\u00fcssige D\u00fcngemittel, Komponenten landwirtschaftlicher Maschinen und Bew\u00e4sserung.<\/li>\n<li><strong>Transport:<\/strong>&nbsp;Tankwagen, Stra\u00dfenmaschinen und Bordwassersysteme.<\/li>\n<\/ul>\n<p style=\"color: rgb(34, 34, 34); font-family: Arial, Helvetica, sans-serif; font-size: small;\"><strong>Hydraulische Spezifikationen:<\/strong><\/p>\n<ul style=\"color: rgb(34, 34, 34); font-family: Arial, Helvetica, sans-serif; font-size: small;\">\n<li>Maximale Kapazit\u00e4t: 166 Liter pro Minute<\/li>\n<li>Maximaler F\u00f6rderdruck: 65 Meter<\/li>\n<li>Achsabdichtung: Ja<\/li>\n<li>Maximale Ansaugh\u00f6he: 6 Meter<\/li>\n<li>Gewindebohrungen: 1&#8243;\u00bd<\/li>\n<li>Maximale Fl\u00fcssigkeitsdichte: 1,1 g\/cm\u00b3 (frei von harten Partikeln)<\/li>\n<li>Maximale Temperatur: 90 \u00b0C<\/li>\n<li>Nicht geeignet f\u00fcr aggressive Fl\u00fcssigkeiten, die die Pumpenmaterialien und Dichtungen besch\u00e4digen k\u00f6nnen (bitte technische Spezifikationen beachten).<\/li>\n<li>Nicht f\u00fcr den Transfer von Benzin, L\u00f6sungsmitteln oder in Umgebungen mit Explosions- und Brandrisiken bestimmt.<\/li>\n<li>F\u00e4higkeit zum umkehrbaren Pumpfluss.<\/li>\n<li>Beinhaltet ein Paar Messing-Schlauchanschl\u00fcsse f\u00fcr 30 mm Rohre (ein gerader und einer gebogen).<\/li>\n<li>Kann f\u00fcr kurze Zeit mit geschlossenen Rohren betrieben werden.<\/li>\n<li>Die Pumpe muss w\u00e4hrend der Installation mit Fl\u00fcssigkeit gef\u00fcllt werden; dieser Schritt ist danach nicht mehr erforderlich.<\/li>\n<\/ul>\n<p style=\"color: rgb(34, 34, 34); font-family: Arial, Helvetica, sans-serif; font-size: small;\"><strong>Technische Spezifikationen:<\/strong><\/p>\n<ul style=\"color: rgb(34, 34, 34); font-family: Arial, Helvetica, sans-serif; font-size: small;\">\n<li>Vorbereitet f\u00fcr den Anschluss \u00fcber Riemenscheibe 2A148.<\/li>\n<li>Besitzt eine 12V DC elektromagnetische Kupplung zwischen der Riemenscheibe und der Achse f\u00fcr die Fernsteuerung des Ein- und Ausschaltens der Pumpe.<\/li>\n<\/ul>\n<p style=\"color: rgb(34, 34, 34); font-family: Arial, Helvetica, sans-serif; font-size: small;\"><strong>Materialien:<\/strong><\/p>\n<ul style=\"color: rgb(34, 34, 34); font-family: Arial, Helvetica, sans-serif; font-size: small;\">\n<li>Pumpenteile: Messing<\/li>\n<li>Achse: AISI 304<\/li>\n<li>Laufrad: Messing<\/li>\n<li>Dichtungen: NBR<\/li>\n<\/ul>\n<p style=\"color: rgb(34, 34, 34); font-family: Arial, Helvetica, sans-serif; font-size: small;\"><strong>Pumpenmerkmale:<\/strong><\/p>\n<ul style=\"color: rgb(34, 34, 34); font-family: Arial, Helvetica, sans-serif; font-size: small;\">\n<li>Anschl\u00fcsse: 1&#8243;\u00bd<\/li>\n<li>Durchmesser des Schlauchanschlusses: 30 mm<\/li>\n<li>Ansaugbarkeit: 6 m<\/li>\n<li>Maximaler Durchfluss: 166 Liter pro Minute<\/li>\n<li>Maximaler F\u00f6rderdruck: 65 m<\/li>\n<\/ul>\n<p style=\"color: rgb(34, 34, 34); font-family: Arial, Helvetica, sans-serif; font-size: small;\"><strong>Gesamtma\u00dfe:<\/strong><\/p>\n<ul style=\"color: rgb(34, 34, 34); font-family: Arial, Helvetica, sans-serif; font-size: small;\">\n<li>Breite: 304 mm<\/li>\n<li>L\u00e4nge: 158 mm<\/li>\n<li>H\u00f6he: 180 mm<\/li>\n<li>Gewicht: 11,3 kg<\/li>\n<li><\/li>\n<\/ul>\n","protected":false},"excerpt":{"rendered":"<p>Elektromagnetische Kupplungspumpe Tellarini IFE 30-24 &#8211; Diese Pumpe ist mit einem Messinglaufrad und einer Edelstahlachse ausgestattet und verf\u00fcgt \u00fcber eine<\/p>\n","protected":false},"featured_media":5946619,"comment_status":"closed","ping_status":"closed","template":"","meta":[],"product_brand":[2975],"product_cat":[1522],"product_tag":[],"class_list":{"0":"post-3446128","1":"product","2":"type-product","3":"status-publish","4":"has-post-thumbnail","6":"product_brand-gianneschi-de","7":"product_cat-motorkuehlpumpen","9":"first","10":"instock","11":"shipping-taxable","12":"purchasable","13":"product-type-simple"},"_links":{"self":[{"href":"https:\/\/stoic-curie.212-227-153-4.plesk.page\/de\/wp-json\/wp\/v2\/product\/3446128","targetHints":{"allow":["GET"]}}],"collection":[{"href":"https:\/\/stoic-curie.212-227-153-4.plesk.page\/de\/wp-json\/wp\/v2\/product"}],"about":[{"href":"https:\/\/stoic-curie.212-227-153-4.plesk.page\/de\/wp-json\/wp\/v2\/types\/product"}],"replies":[{"embeddable":true,"href":"https:\/\/stoic-curie.212-227-153-4.plesk.page\/de\/wp-json\/wp\/v2\/comments?post=3446128"}],"version-history":[{"count":0,"href":"https:\/\/stoic-curie.212-227-153-4.plesk.page\/de\/wp-json\/wp\/v2\/product\/3446128\/revisions"}],"wp:featuredmedia":[{"embeddable":true,"href":"https:\/\/stoic-curie.212-227-153-4.plesk.page\/de\/wp-json\/wp\/v2\/media\/5946619"}],"wp:attachment":[{"href":"https:\/\/stoic-curie.212-227-153-4.plesk.page\/de\/wp-json\/wp\/v2\/media?parent=3446128"}],"wp:term":[{"taxonomy":"product_brand","embeddable":true,"href":"https:\/\/stoic-curie.212-227-153-4.plesk.page\/de\/wp-json\/wp\/v2\/product_brand?post=3446128"},{"taxonomy":"product_cat","embeddable":true,"href":"https:\/\/stoic-curie.212-227-153-4.plesk.page\/de\/wp-json\/wp\/v2\/product_cat?post=3446128"},{"taxonomy":"product_tag","embeddable":true,"href":"https:\/\/stoic-curie.212-227-153-4.plesk.page\/de\/wp-json\/wp\/v2\/product_tag?post=3446128"}],"curies":[{"name":"wp","href":"https:\/\/api.w.org\/{rel}","templated":true}]}}