{"id":3446152,"date":"2025-10-09T23:07:00","date_gmt":"2025-10-10T03:07:00","guid":{"rendered":"https:\/\/stoic-curie.212-227-153-4.plesk.page\/product\/raymarine-p70rs\/"},"modified":"2026-02-24T23:35:26","modified_gmt":"2026-02-24T23:35:26","slug":"raymarine-p70rs","status":"publish","type":"product","link":"https:\/\/stoic-curie.212-227-153-4.plesk.page\/de\/product\/raymarine-p70rs\/","title":{"rendered":"Raymarine p70Rs"},"content":{"rendered":"<p>Raymarine p70Rs &#8211; <\/p>\n<p style=\"color: rgb(34, 34, 34); font-family: Arial, Helvetica, sans-serif; font-size: small;\">Das Raymarine p70Rs Autopilot-Bedienfeld ist speziell f\u00fcr motorisierte Fahrzeuge konzipiert. Es vereint eine Kombination aus Tastenbedienung und einem Drehknopf, was die Bedienung erleichtert. Dieses Bedienger\u00e4t verf\u00fcgt \u00fcber einen 3,5-Zoll-LCD-Bildschirm mit einer Aufl\u00f6sung von 320&#215;240 Pixeln, der ein breites Sichtfeld und lebendige Farben bietet, die bei allen Wetterbedingungen sichtbar bleiben. Die Benutzeroberfl\u00e4che ist einfach zu bedienen, ausgestattet mit erhabenen Tasten und einem Knopf f\u00fcr pr\u00e4zise Anpassungen. Ein integrierter Einrichtungsassistent erm\u00f6glicht es Ihnen, den Autopiloten in nur wenigen Minuten zu konfigurieren. Dar\u00fcber hinaus bietet es SeaTalk-Konnektivit\u00e4t f\u00fcr eine nahtlose Integration mit anderen Ger\u00e4ten an Bord.<\/p>\n<p style=\"color: rgb(34, 34, 34); font-family: Arial, Helvetica, sans-serif; font-size: small;\"><strong>Hauptmerkmale:<\/strong><\/p>\n<ul style=\"color: rgb(34, 34, 34); font-family: Arial, Helvetica, sans-serif; font-size: small;\">\n<li>3,5-Zoll ultraheller LCD f\u00fcr hervorragende Sichtbarkeit<\/li>\n<li>Wetterfeste, energieeffiziente Anzeigetechnologie f\u00fcr lebendige Farben, scharfen Kontrast und ein breites Sichtfeld<\/li>\n<li>Tastensteuerung geeignet f\u00fcr Segel- und Motoranwendungen<\/li>\n<li>Unterst\u00fctzte Autopilot-Modi: Auto, Standby, Pattern, Track, Windvane, Power Steer und Jog Steer<\/li>\n<li>Anzeige von Piloteninformationen in mehreren Formaten mit einer automatischen 3-Schritt-Einrichtung f\u00fcr Freizeit, Kreuzfahrt und Leistung<\/li>\n<li>Einfache System- und Gruppenverdunkelung\/-beleuchtung<\/li>\n<li>Benutzerfreundliche Lighthouse-Oberfl\u00e4che mit einem konturierten Gummitastatur f\u00fcr pr\u00e4zise Bedienung unter allen Bedingungen<\/li>\n<li>SeaTalkng-Netzwerk f\u00fcr einfache Verbindung mit Raymarine-Systemen und NMEA2000-Netzwerken<\/li>\n<li>Modernes Glasbr\u00fccken-Design, das die Raymarine eS- und gS-Serie Multifunktionsanzeigen erg\u00e4nzt<\/li>\n<li>Beinhaltet sowohl schwarze (eS-Serie Stil) als auch gunmetal-farbene Blenden sowie eine sch\u00fctzende Sonnenblende<\/li>\n<\/ul>\n<p style=\"color: rgb(34, 34, 34); font-family: Arial, Helvetica, sans-serif; font-size: small;\"><strong>\u00dcberlegene Sichtbarkeit<\/strong><\/p>\n<p style=\"color: rgb(34, 34, 34); font-family: Arial, Helvetica, sans-serif; font-size: small;\">Die fortschrittliche LED-Hintergrundbeleuchtung verbraucht wenig Strom und liefert gleichzeitig lebendige Farben und Kontraste. Das Display bietet breite horizontale und vertikale Betrachtungswinkel, um Klarheit aus verschiedenen Positionen zu gew\u00e4hrleisten.<\/p>\n<p style=\"color: rgb(34, 34, 34); font-family: Arial, Helvetica, sans-serif; font-size: small;\"><strong>Technische Daten:<\/strong><\/p>\n<ul style=\"color: rgb(34, 34, 34); font-family: Arial, Helvetica, sans-serif; font-size: small;\">\n<li>Nennspannung: 12 V DC<\/li>\n<li>Spannungsbereich: 9 bis 16 V DC<\/li>\n<li>Bildschirmgr\u00f6\u00dfe: 3,5 Zoll<\/li>\n<li>Anzeige: Sonnenlichtlesbares optisch verbundenes LCD<\/li>\n<li>Aufl\u00f6sung: 320 x 240 QVGA<\/li>\n<li>Farben: 16-Bit-Farbe (64K Farben)<\/li>\n<li>Farbschemata: Vier Paletten &#8211; zwei f\u00fcr den Tag, invers und rot\/schwarz<\/li>\n<li>LCD-Helligkeit: 1.200 Nits<\/li>\n<li>Energieverbrauch: 1,6 W<\/li>\n<li>Anschl\u00fcsse: SeaTalk &amp; SeaTalkng konform mit NMEA2000-Marinennetzwerken<\/li>\n<li>Arbeitsbereich: -25\u00baC bis 55\u00baC (-13\u00baF bis 131\u00baF)<\/li>\n<li>Lagertemperatur: -30\u00baC bis 70\u00baC (-22\u00baF bis 158\u00baF)<\/li>\n<li>Relative Luftfeuchtigkeit: max. 93%<\/li>\n<li>Wasserdichtigkeit: IPX6<\/li>\n<li>Konformit\u00e4t: Europa 2004\/108\/EG | Australien und Neuseeland C-Tick-Konformit\u00e4tsstufe 2<\/li>\n<\/ul>\n<p style=\"color: rgb(34, 34, 34); font-family: Arial, Helvetica, sans-serif; font-size: small;\"><strong>Lieferumfang:<\/strong><\/p>\n<ul style=\"color: rgb(34, 34, 34); font-family: Arial, Helvetica, sans-serif; font-size: small;\">\n<li>Bedienungsanleitung<\/li>\n<li>Dichtung<\/li>\n<li>SeaTalkNG-Verbindungskabel (40 cm)<\/li>\n<li>Display<\/li>\n<li>Sonnenblende<\/li>\n<li>Ersatzrahmen<\/li>\n<li>Befestigungsschrauben<\/li>\n<\/ul>\n","protected":false},"excerpt":{"rendered":"<p>Raymarine p70Rs &#8211; Das Raymarine p70Rs Autopilot-Bedienfeld ist speziell f\u00fcr motorisierte Fahrzeuge konzipiert. Es vereint eine Kombination aus Tastenbedienung und<\/p>\n","protected":false},"featured_media":5949208,"comment_status":"closed","ping_status":"closed","template":"","meta":[],"product_brand":[3300],"product_cat":[1457],"product_tag":[],"class_list":{"0":"post-3446152","1":"product","2":"type-product","3":"status-publish","4":"has-post-thumbnail","6":"product_brand-raymarine-de","7":"product_cat-bootelektronik","9":"first","10":"outofstock","11":"shipping-taxable","12":"purchasable","13":"product-type-simple"},"_links":{"self":[{"href":"https:\/\/stoic-curie.212-227-153-4.plesk.page\/de\/wp-json\/wp\/v2\/product\/3446152","targetHints":{"allow":["GET"]}}],"collection":[{"href":"https:\/\/stoic-curie.212-227-153-4.plesk.page\/de\/wp-json\/wp\/v2\/product"}],"about":[{"href":"https:\/\/stoic-curie.212-227-153-4.plesk.page\/de\/wp-json\/wp\/v2\/types\/product"}],"replies":[{"embeddable":true,"href":"https:\/\/stoic-curie.212-227-153-4.plesk.page\/de\/wp-json\/wp\/v2\/comments?post=3446152"}],"version-history":[{"count":0,"href":"https:\/\/stoic-curie.212-227-153-4.plesk.page\/de\/wp-json\/wp\/v2\/product\/3446152\/revisions"}],"wp:featuredmedia":[{"embeddable":true,"href":"https:\/\/stoic-curie.212-227-153-4.plesk.page\/de\/wp-json\/wp\/v2\/media\/5949208"}],"wp:attachment":[{"href":"https:\/\/stoic-curie.212-227-153-4.plesk.page\/de\/wp-json\/wp\/v2\/media?parent=3446152"}],"wp:term":[{"taxonomy":"product_brand","embeddable":true,"href":"https:\/\/stoic-curie.212-227-153-4.plesk.page\/de\/wp-json\/wp\/v2\/product_brand?post=3446152"},{"taxonomy":"product_cat","embeddable":true,"href":"https:\/\/stoic-curie.212-227-153-4.plesk.page\/de\/wp-json\/wp\/v2\/product_cat?post=3446152"},{"taxonomy":"product_tag","embeddable":true,"href":"https:\/\/stoic-curie.212-227-153-4.plesk.page\/de\/wp-json\/wp\/v2\/product_tag?post=3446152"}],"curies":[{"name":"wp","href":"https:\/\/api.w.org\/{rel}","templated":true}]}}