{"id":3446153,"date":"2025-10-09T23:07:01","date_gmt":"2025-10-10T03:07:01","guid":{"rendered":"https:\/\/stoic-curie.212-227-153-4.plesk.page\/product\/garmin-echomap-uhd2-62sv\/"},"modified":"2026-02-24T23:35:26","modified_gmt":"2026-02-24T23:35:26","slug":"garmin-echomap-uhd2-62sv","status":"publish","type":"product","link":"https:\/\/stoic-curie.212-227-153-4.plesk.page\/de\/product\/garmin-echomap-uhd2-62sv\/","title":{"rendered":"Garmin Echomap UHD2 62sv"},"content":{"rendered":"<p>Garmin Echomap UHD2 62sv &#8211; <\/p>\n<p>Wir freuen uns, Ihnen den Garmin echoMAP UHD2 62SV (ohne Transducer) vorzustellen. Dieses anspruchsvolle Kartenplotter- und Fischfinder-Ger\u00e4t ist mit einem 6-Zoll-Touchscreen-Display ausgestattet, das eine Aufl\u00f6sung von 800&#215;480 Pixeln bietet, sowie schnellen Zugriffstasten und einem integrierten GPS-Empf\u00e4nger. Es verf\u00fcgt \u00fcber einen leistungsstarken 500W-Sounder, der CHIRP-, ClearV\u00fc-, SideV\u00fc- und UHD-Funktionen umfasst. Dieses Ger\u00e4t ist mit allen Garmin BlueChart- und Garmin Navionics+-Karten kompatibel, und es bietet integrierte drahtlose Konnektivit\u00e4t sowie Unterst\u00fctzung f\u00fcr NMEA0183\/2000 und Fusion-Link. Es integriert sich m\u00fchelos in alle Bordelektroniksysteme und enth\u00e4lt wichtige Garmin-Funktionen wie Auto Guidance, ActiveCaptain, Sail Assist und Quickdraw Contours.<\/p>\n<p>Im Lieferumfang enthalten sind eine verstellbare Halterung, eine Bildschirmabdeckung und ein Strom-\/Datenkabel. Das Modell, das ohne Transducer geliefert wird, wird mit einem Adapterkabel ausgestattet, das einen 8-poligen Transducer an einen 12-poligen Anschluss anschlie\u00dft.<\/p>\n<p>Der Garmin echoMAP UHD2 62SV bietet einen hellen, bei Sonnenlicht gut ablesbaren 6-Zoll-Hochbildschirm. Dieser Scanning-Sounder verwendet traditionelle CHIRP 2D-, ClearV\u00fc- und SideV\u00fc-Technologie und ist auch mit der LiveScope-Scantechnologie in Echtzeit kompatibel.<\/p>\n<p>Der UHD2 62SV ist mit einem 500W-Sounder ausgestattet, der ClearV\u00fc- und SideV\u00fc-Technologie sowie traditionelle CHIRP-Einzelkanalfunktionen bietet. Diese neueste UHD2-Serie pr\u00e4sentiert eine aktualisierte Benutzeroberfl\u00e4che, die der der GPSMAPs \u00e4hnelt, und bietet ein reibungsloseres und schnelleres Erlebnis im Vergleich zu fr\u00fcheren Modellen. Das hochaufl\u00f6sende Display (800 \u00d7 480 Pixel) wird durch eine Tastaturunterst\u00fctzung erg\u00e4nzt. Dar\u00fcber hinaus verf\u00fcgt es \u00fcber einen microSD-Kartensteckplatz, der Karten mit bis zu 32 GB unterst\u00fctzt und Speicherm\u00f6glichkeiten f\u00fcr bis zu 5000 Wegpunkte bietet.<\/p>\n<p>Mit integriertem Wi-Fi k\u00f6nnen Sie Ihr Smartphone mit der ActiveCaptain-App verbinden, die den Datenaustausch zwischen Ger\u00e4ten erm\u00f6glicht. Au\u00dferdem k\u00f6nnen Sie zwei echoMAP UHD2-Ger\u00e4te verbinden, um Benutzer- und Sounderdaten zu teilen.<\/p>\n<p>Das Ger\u00e4t ist mit einem 10Hz-Multiband-GPS ausgestattet, das mehrere Frequenzen nutzt, um die Positionsgenauigkeit zu verbessern, insbesondere in Bereichen mit schwachen oder reflektierten Signalen.<\/p>\n<p>Der echoMAP UHD2 62SV ist auch mit dem FORCE-Elektromotor kompatibel, der eine vollst\u00e4ndige drahtlose Steuerung des Motors \u00fcber das Display erm\u00f6glicht. Sie k\u00f6nnen Routen erstellen und verfolgen, zu Wegpunkten navigieren, die Geschwindigkeit verwalten, die Batterielebensdauer \u00fcberpr\u00fcfen und mehr.<\/p>\n<p><strong>SIDEV\u00dc UHD-TECHNOLOGIE<\/strong><\/p>\n<p>Die SideV\u00fc-Technologie erm\u00f6glicht es Ihnen, zu beobachten, was auf beiden Seiten des Bootes geschieht, und hilft Ihnen, Strukturen und Fische mit hoher Pr\u00e4zision und Detailgenauigkeit zu erkennen. Diese Funktion erm\u00f6glicht es Ihnen, angelnde Gebiete schnell zu finden, dank eines umfangreichen Scanningfeldes von 180\u00b0.<\/p>\n<p>Der 350W GT54UHD-Stegsonde arbeitet mit SideV\u00fc-CHIRP-Frequenzen:<\/p>\n<ul>\n<li>1060-1170 kHz f\u00fcr UHD SideV\u00fc (Tiefe bis zu 35 Metern)<\/li>\n<li>425-485 kHz f\u00fcr SideV\u00fc (Tiefe bis zu 100 Metern)<\/li>\n<\/ul>\n<hr>\n<p><strong>CLEARV\u00dc UHD-TECHNOLOGIE<\/strong><\/p>\n<p>Die ClearV\u00fc UHD-Technologie geh\u00f6rt zu den effektivsten Technologien, die verf\u00fcgbar sind und bietet klare, hochaufl\u00f6sende Bilder in Ultra High Definition von allem unter der Wasseroberfl\u00e4che. Sie k\u00f6nnen untergetauchte Strukturen, Fische und Objekte mit bemerkenswerter Klarheit sehen.<\/p>\n<ul>\n<li><strong>Thermoklinen:<\/strong> Identifizieren Sie die Grenze zwischen Wasserschichten und sauerstoffreichen Zonen.<\/li>\n<li><strong>Fischidentifikation:<\/strong> Deutlich verschiedene Fischarten unterscheiden.<\/li>\n<li><strong>Strukturaufdeckung:<\/strong> Schiffswracks, Vegetation, Br\u00fcckenpfeiler und mehr erkennen.<\/li>\n<\/ul>\n<p>Die 350W GT54UHD-Stegsonde nutzt ClearV\u00fc-CHIRP-Frequenzen:<\/p>\n<ul>\n<li>760-880 kHz f\u00fcr UHD ClearV\u00fc (Tiefe bis zu 50 Metern)<\/li>\n<\/ul>\n<hr>\n<p><strong>COMPATIBLE LIVESCOPE LVS32 &amp; LVS34<\/strong><\/p>\n<p>Sie k\u00f6nnen eine optionale Panoptix LiveScope-Sonde f\u00fcr sofortige Live-Probing anschlie\u00dfen. Greifen Sie auf die Modi LiveScope Down und LiveScope Forward von einer einzigen Sonde zu und wechseln Sie einfach zwischen den Modi, um Ihre Angeltechniken anzupassen. Verwenden Sie den LiveScope Forward-Modus, um scharfe Bilder Ihres K\u00f6ders und der nahegelegenen Fische zu sehen, und den LiveScope Down-Modus, um zu beobachten, was sich direkt unter dem Boot befindet.<\/p>\n<hr>\n<p><strong>QUICKDRAW CONTOURS-FUNKTION<\/strong><\/p>\n<p>Die Quickdraw Contours-Software erm\u00f6glicht es Ihnen, in Echtzeit HD-Fischkarten zu erstellen. Mit dem Garmin echoMAP UHD2 62SV k\u00f6nnen Sie Karten mit einer Abdeckung von bis zu 8000 km\u00b2 speichern, wobei die bathymetrischen Kurven alle 30 cm angezeigt werden. Sie k\u00f6nnen Karten herunterladen oder Ihre eigenen teilen, indem Sie \u00fcber Wi-Fi mit der kostenlosen ActiveCaptain-App verbinden, die auch Bildschirmbenachrichtigungen f\u00fcr Aktualisierungen an Ihrem Echolot bereitstellt.<\/p>\n<hr>\n<p><strong>WIFI UND ECHOMAP UHD2-KONNEKTIVIT\u00c4T<\/strong><\/p>\n<p>Der Garmin echoMAP UHD2 erm\u00f6glicht eine Wi-Fi-Konnektivit\u00e4t mit Smartphones, um die ActiveCaptain-Anwendung sowohl auf iOS- als auch Android-Ger\u00e4ten zu nutzen. Au\u00dferdem k\u00f6nnen Sie zwei echoMAP UHD2-Ger\u00e4te verbinden, um Sounderansichten und Benutzerdaten zu teilen. Zum Beispiel kann ein Sounder an einen Hecktransducer angeschlossen werden, w\u00e4hrend ein zweiter Sounder, der sich vorne befindet, die Sounderansicht drahtlos \u00fcber Wi-Fi empf\u00e4ngt, sodass Sie von allen Seiten des Bootes angeln k\u00f6nnen, w\u00e4hrend Sie einen der Bildschirme \u00fcberwachen.<\/p>\n<p>Die drahtlose Funktion erm\u00f6glicht es auch, bestimmte Soundereinstellungen wie Empfindlichkeit, Reichweite und Interferenzfilter zu teilen, was eine Feinabstimmung auf jedem Bildschirm erm\u00f6glicht. F\u00fcr andere Einstellungen m\u00fcssen Sie jedoch Ihren Hauptbildschirm verwenden.<\/p>\n<p>Die Wi-Fi-Verbindung erleichtert auch das Teilen von Updates. Sie k\u00f6nnen eine SD-Updatekarte in Ihr erstes Echolot einlegen, das Update starten und dann das zweite Echolot drahtlos aktualisieren, sobald das erste Update abgeschlossen ist, ohne die SD-Karte bewegen zu m\u00fcssen.<\/p>\n","protected":false},"excerpt":{"rendered":"<p>Garmin Echomap UHD2 62sv &#8211; Wir freuen uns, Ihnen den Garmin echoMAP UHD2 62SV (ohne Transducer) vorzustellen. Dieses anspruchsvolle Kartenplotter-<\/p>\n","protected":false},"featured_media":5949209,"comment_status":"closed","ping_status":"closed","template":"","meta":[],"product_brand":[2970],"product_cat":[1457],"product_tag":[],"class_list":{"0":"post-3446153","1":"product","2":"type-product","3":"status-publish","4":"has-post-thumbnail","6":"product_brand-garmin-de","7":"product_cat-bootelektronik","9":"first","10":"instock","11":"shipping-taxable","12":"purchasable","13":"product-type-simple"},"_links":{"self":[{"href":"https:\/\/stoic-curie.212-227-153-4.plesk.page\/de\/wp-json\/wp\/v2\/product\/3446153","targetHints":{"allow":["GET"]}}],"collection":[{"href":"https:\/\/stoic-curie.212-227-153-4.plesk.page\/de\/wp-json\/wp\/v2\/product"}],"about":[{"href":"https:\/\/stoic-curie.212-227-153-4.plesk.page\/de\/wp-json\/wp\/v2\/types\/product"}],"replies":[{"embeddable":true,"href":"https:\/\/stoic-curie.212-227-153-4.plesk.page\/de\/wp-json\/wp\/v2\/comments?post=3446153"}],"version-history":[{"count":0,"href":"https:\/\/stoic-curie.212-227-153-4.plesk.page\/de\/wp-json\/wp\/v2\/product\/3446153\/revisions"}],"wp:featuredmedia":[{"embeddable":true,"href":"https:\/\/stoic-curie.212-227-153-4.plesk.page\/de\/wp-json\/wp\/v2\/media\/5949209"}],"wp:attachment":[{"href":"https:\/\/stoic-curie.212-227-153-4.plesk.page\/de\/wp-json\/wp\/v2\/media?parent=3446153"}],"wp:term":[{"taxonomy":"product_brand","embeddable":true,"href":"https:\/\/stoic-curie.212-227-153-4.plesk.page\/de\/wp-json\/wp\/v2\/product_brand?post=3446153"},{"taxonomy":"product_cat","embeddable":true,"href":"https:\/\/stoic-curie.212-227-153-4.plesk.page\/de\/wp-json\/wp\/v2\/product_cat?post=3446153"},{"taxonomy":"product_tag","embeddable":true,"href":"https:\/\/stoic-curie.212-227-153-4.plesk.page\/de\/wp-json\/wp\/v2\/product_tag?post=3446153"}],"curies":[{"name":"wp","href":"https:\/\/api.w.org\/{rel}","templated":true}]}}