{"id":3446161,"date":"2025-10-09T23:07:01","date_gmt":"2025-10-10T03:07:01","guid":{"rendered":"https:\/\/stoic-curie.212-227-153-4.plesk.page\/product\/kit-2-hydraulikschlaeuche-ultraflex-silvesteer-2-meter\/"},"modified":"2026-02-24T23:35:26","modified_gmt":"2026-02-24T23:35:26","slug":"kit-2-hydraulikschlaeuche-ultraflex-silvesteer-2-meter","status":"publish","type":"product","link":"https:\/\/stoic-curie.212-227-153-4.plesk.page\/de\/product\/kit-2-hydraulikschlaeuche-ultraflex-silvesteer-2-meter\/","title":{"rendered":"Kit 2 Hydraulikschl\u00e4uche Ultraflex Silvesteer 2 Meter"},"content":{"rendered":"<p>Kit 2 Hydraulikschl\u00e4uche Ultraflex Silvesteer 2 Meter &#8211; <\/p>\n<p style=\"color: rgb(34, 34, 34); font-family: Arial, Helvetica, sans-serif; font-size: small;\">Das KIT OB-SVS von Ultraflex ist ein herausragendes Produkt, das sich auf dem Markt wirklich abhebt. Es besteht aus zwei \u00e4u\u00dferst flexiblen Hochdruckschl\u00e4uchen, die fachm\u00e4nnisch aus robustem Kevlar-Material hergestellt sind. Diese Materialwahl ist wichtig, da Kevlar f\u00fcr seine bemerkenswerte St\u00e4rke und Langlebigkeit bekannt ist. Jeder Schlauch ist mit vormontierten Anschl\u00fcssen und Biegsamkeitsbegrenzer ausgestattet, die zusammenarbeiten, um eine sichere und zuverl\u00e4ssige Verbindung zu gew\u00e4hrleisten. Dieses durchdachte Design vermittelt Ihnen Vertrauen in die Integrit\u00e4t Ihres Steuersystems bei der Navigation auf dem Wasser.<\/p>\n<p style=\"color: rgb(34, 34, 34); font-family: Arial, Helvetica, sans-serif; font-size: small;\">Zus\u00e4tzlich sind diese Schl\u00e4uche speziell daf\u00fcr konzipiert, mit allen Ultraflex SilverSteer\u2122 und MasterDrive\u2122 Steuersystemen kompatibel zu sein, die 1500 psi \u00dcberdruckventile verwenden. Diese Kompatibilit\u00e4t macht sie zu einer vielseitigen Wahl f\u00fcr verschiedene Steuersysteme und erf\u00fcllt die unterschiedlichen Bed\u00fcrfnisse von Bootsbesitzern.<\/p>\n<p style=\"color: rgb(34, 34, 34); font-family: Arial, Helvetica, sans-serif; font-size: small;\">Die Ultraflex Silversteer Hydraulik-Kevlar-Steuerschlauchmontage ist f\u00fcr Hochleistungssteuersysteme konzipiert, insbesondere f\u00fcr verschiedene Bootstypen. Die Kevlar-Konstruktion verleiht den Schl\u00e4uchen nicht nur au\u00dfergew\u00f6hnliche St\u00e4rke, sondern verbessert auch ihre Lebensdauer. Diese Schl\u00e4uche k\u00f6nnen hohen Dr\u00fccken standhalten und widerstehen im Laufe der Zeit der Abnutzung, was f\u00fcr die Aufrechterhaltung optimaler Leistung in anspruchsvollen marinen Umgebungen unerl\u00e4sslich ist. Bootsbesitzer k\u00f6nnen sich sicher sein, dass diese Schl\u00e4uche so konzipiert sind, dass sie auch unter widrigen Bedingungen herausragende Leistungen erbringen.<\/p>\n<p style=\"color: rgb(34, 34, 34); font-family: Arial, Helvetica, sans-serif; font-size: small;\">Dar\u00fcber hinaus ist die Schlauchmontage vormontiert, was den Installationsprozess f\u00fcr die Benutzer erheblich vereinfacht. Dieses bedachte Designelement erm\u00f6glicht ein schnelles und einfaches Setup, sodass Sie schnell wieder die Zeit auf dem Wasser genie\u00dfen k\u00f6nnen, ohne unn\u00f6tige Verz\u00f6gerungen oder Komplikationen. Zusammenfassend l\u00e4sst sich sagen, dass das KIT OB-SVS f\u00fcr zuverl\u00e4ssige Leistung entwickelt wurde und viele Jahre zuverl\u00e4ssigen Service f\u00fcr Bootsbegeisterte gew\u00e4hrleistet. Egal, ob Sie ein erfahrener Segler oder ein gelegentlicher Wochenend-Bootfahrer sind, dieses Produkt ist eine kluge Investition, die Ihr Bootserlebnis verbessert und Ihnen das Vertrauen gibt, das Sie beim Ausfahren auf das Wasser ben\u00f6tigen.<\/p>\n","protected":false},"excerpt":{"rendered":"<p>Kit 2 Hydraulikschl\u00e4uche Ultraflex Silvesteer 2 Meter &#8211; Das KIT OB-SVS von Ultraflex ist ein herausragendes Produkt, das sich auf<\/p>\n","protected":false},"featured_media":5949215,"comment_status":"closed","ping_status":"closed","template":"","meta":[],"product_brand":[3500],"product_cat":[1536],"product_tag":[],"class_list":{"0":"post-3446161","1":"product","2":"type-product","3":"status-publish","4":"has-post-thumbnail","6":"product_brand-ultraflex-uflex-de","7":"product_cat-hydraulische-lenkung","9":"first","10":"instock","11":"shipping-taxable","12":"purchasable","13":"product-type-simple"},"_links":{"self":[{"href":"https:\/\/stoic-curie.212-227-153-4.plesk.page\/de\/wp-json\/wp\/v2\/product\/3446161","targetHints":{"allow":["GET"]}}],"collection":[{"href":"https:\/\/stoic-curie.212-227-153-4.plesk.page\/de\/wp-json\/wp\/v2\/product"}],"about":[{"href":"https:\/\/stoic-curie.212-227-153-4.plesk.page\/de\/wp-json\/wp\/v2\/types\/product"}],"replies":[{"embeddable":true,"href":"https:\/\/stoic-curie.212-227-153-4.plesk.page\/de\/wp-json\/wp\/v2\/comments?post=3446161"}],"version-history":[{"count":0,"href":"https:\/\/stoic-curie.212-227-153-4.plesk.page\/de\/wp-json\/wp\/v2\/product\/3446161\/revisions"}],"wp:featuredmedia":[{"embeddable":true,"href":"https:\/\/stoic-curie.212-227-153-4.plesk.page\/de\/wp-json\/wp\/v2\/media\/5949215"}],"wp:attachment":[{"href":"https:\/\/stoic-curie.212-227-153-4.plesk.page\/de\/wp-json\/wp\/v2\/media?parent=3446161"}],"wp:term":[{"taxonomy":"product_brand","embeddable":true,"href":"https:\/\/stoic-curie.212-227-153-4.plesk.page\/de\/wp-json\/wp\/v2\/product_brand?post=3446161"},{"taxonomy":"product_cat","embeddable":true,"href":"https:\/\/stoic-curie.212-227-153-4.plesk.page\/de\/wp-json\/wp\/v2\/product_cat?post=3446161"},{"taxonomy":"product_tag","embeddable":true,"href":"https:\/\/stoic-curie.212-227-153-4.plesk.page\/de\/wp-json\/wp\/v2\/product_tag?post=3446161"}],"curies":[{"name":"wp","href":"https:\/\/api.w.org\/{rel}","templated":true}]}}