{"id":3446181,"date":"2025-10-09T23:07:02","date_gmt":"2025-10-10T03:07:02","guid":{"rendered":"https:\/\/stoic-curie.212-227-153-4.plesk.page\/product\/polyform-a7-weiss\/"},"modified":"2026-02-24T23:35:26","modified_gmt":"2026-02-24T23:35:26","slug":"polyform-a7-weiss","status":"publish","type":"product","link":"https:\/\/stoic-curie.212-227-153-4.plesk.page\/de\/product\/polyform-a7-weiss\/","title":{"rendered":"Polyform A7 Wei\u00df"},"content":{"rendered":"<p>Polyform A7 Wei\u00df &#8211; <\/p>\n<p>Die Polyform A-Serie Allzweck-Boje ist seit \u00fcber f\u00fcnf Jahrzehnten eine zuverl\u00e4ssige Wahl f\u00fcr Handelsfischerboote und Yachten. Bekannt f\u00fcr ihre Haltbarkeit und St\u00e4rke ist diese Boje in verschiedenen n\u00fctzlichen Gr\u00f6\u00dfen erh\u00e4ltlich. Branchenexperten erkennen an, dass es eine Herausforderung sein kann, ihre Ausr\u00fcstung unter schwierigen Bedingungen zu kennzeichnen, weshalb die Polyform A-Serie Boje in allen Ozeanen, Meeren, Fl\u00fcssen und Seen eingesetzt wird.<\/p>\n<p>Bemerkenswerte Merkmale aller A-Serie Bojen sind:<\/p>\n<ul>\n<li>Eine robuste, gleichm\u00e4\u00dfige Wandst\u00e4rke, die die St\u00e4rke und Langlebigkeit erh\u00f6ht<\/li>\n<li>Das einzigartige Doppelschwalben-System von Polyform, klar gekennzeichnet mit &#8220;LUFT HINEIN&#8221; und &#8220;LUFT RAUS&#8221;<\/li>\n<li>Ein traditioneller blauer Seilhalter, der zuverl\u00e4ssige Vielseitigkeit gew\u00e4hrleistet<\/li>\n<\/ul>\n<p>Gr\u00f6\u00dfe: A-7<br \/>Farbe: Rot<br \/>Abmessungen: 39&#8243; x 54&#8243;<br \/>Empfohlen f\u00fcr Schiffe \u00fcber 70 Fu\u00df L\u00e4nge<\/p>\n","protected":false},"excerpt":{"rendered":"<p>Polyform A7 Wei\u00df &#8211; Die Polyform A-Serie Allzweck-Boje ist seit \u00fcber f\u00fcnf Jahrzehnten eine zuverl\u00e4ssige Wahl f\u00fcr Handelsfischerboote und Yachten.<\/p>\n","protected":false},"featured_media":5949216,"comment_status":"closed","ping_status":"closed","template":"","meta":[],"product_brand":[3270],"product_cat":[1563],"product_tag":[],"class_list":{"0":"post-3446181","1":"product","2":"type-product","3":"status-publish","4":"has-post-thumbnail","6":"product_brand-polyform-de","7":"product_cat-anlege-und-signalbojen","9":"first","10":"instock","11":"shipping-taxable","12":"purchasable","13":"product-type-simple"},"_links":{"self":[{"href":"https:\/\/stoic-curie.212-227-153-4.plesk.page\/de\/wp-json\/wp\/v2\/product\/3446181","targetHints":{"allow":["GET"]}}],"collection":[{"href":"https:\/\/stoic-curie.212-227-153-4.plesk.page\/de\/wp-json\/wp\/v2\/product"}],"about":[{"href":"https:\/\/stoic-curie.212-227-153-4.plesk.page\/de\/wp-json\/wp\/v2\/types\/product"}],"replies":[{"embeddable":true,"href":"https:\/\/stoic-curie.212-227-153-4.plesk.page\/de\/wp-json\/wp\/v2\/comments?post=3446181"}],"version-history":[{"count":0,"href":"https:\/\/stoic-curie.212-227-153-4.plesk.page\/de\/wp-json\/wp\/v2\/product\/3446181\/revisions"}],"wp:featuredmedia":[{"embeddable":true,"href":"https:\/\/stoic-curie.212-227-153-4.plesk.page\/de\/wp-json\/wp\/v2\/media\/5949216"}],"wp:attachment":[{"href":"https:\/\/stoic-curie.212-227-153-4.plesk.page\/de\/wp-json\/wp\/v2\/media?parent=3446181"}],"wp:term":[{"taxonomy":"product_brand","embeddable":true,"href":"https:\/\/stoic-curie.212-227-153-4.plesk.page\/de\/wp-json\/wp\/v2\/product_brand?post=3446181"},{"taxonomy":"product_cat","embeddable":true,"href":"https:\/\/stoic-curie.212-227-153-4.plesk.page\/de\/wp-json\/wp\/v2\/product_cat?post=3446181"},{"taxonomy":"product_tag","embeddable":true,"href":"https:\/\/stoic-curie.212-227-153-4.plesk.page\/de\/wp-json\/wp\/v2\/product_tag?post=3446181"}],"curies":[{"name":"wp","href":"https:\/\/api.w.org\/{rel}","templated":true}]}}