{"id":5500425,"date":"2026-01-27T06:08:58","date_gmt":"2026-01-27T05:08:58","guid":{"rendered":"https:\/\/stoic-curie.212-227-153-4.plesk.page\/product\/vetus-libero-luken-groesse-32\/"},"modified":"2026-02-24T23:34:41","modified_gmt":"2026-02-24T23:34:41","slug":"vetus-libero-luken-groesse-32","status":"publish","type":"product","link":"https:\/\/stoic-curie.212-227-153-4.plesk.page\/de\/product\/vetus-libero-luken-groesse-32\/","title":{"rendered":"Vetus Libero Luken Gr\u00f6\u00dfe 32"},"content":{"rendered":"<p>Vetus Libero Luken Gr\u00f6\u00dfe 32 &#8211; <\/p>\n<p>Struktur und Rahmen aus anodisiertem Aluminium, Vetus-Luken mit 12 mm dickem, rauchigem Acrylglas. Ausgestattet mit Friktionsscharnieren, die es erm\u00f6glichen, in jeder Position bis zu 180\u00b0 offen zu bleiben. Aufdeckh\u00f6he: 50 mm. CE-Klasse AII zertifiziert.<\/p>\n","protected":false},"excerpt":{"rendered":"<p>Vetus Libero Luken Gr\u00f6\u00dfe 32 &#8211; Struktur und Rahmen aus anodisiertem Aluminium, Vetus-Luken mit 12 mm dickem, rauchigem Acrylglas. Ausgestattet<\/p>\n","protected":false},"featured_media":5937256,"comment_status":"open","ping_status":"closed","template":"","meta":[],"product_brand":[3520],"product_cat":[1415],"product_tag":[],"class_list":{"0":"post-5500425","1":"product","2":"type-product","3":"status-publish","4":"has-post-thumbnail","6":"product_brand-vetus-de","7":"product_cat-bootsluken","9":"first","10":"instock","11":"shipping-taxable","12":"purchasable","13":"product-type-simple"},"_links":{"self":[{"href":"https:\/\/stoic-curie.212-227-153-4.plesk.page\/de\/wp-json\/wp\/v2\/product\/5500425","targetHints":{"allow":["GET"]}}],"collection":[{"href":"https:\/\/stoic-curie.212-227-153-4.plesk.page\/de\/wp-json\/wp\/v2\/product"}],"about":[{"href":"https:\/\/stoic-curie.212-227-153-4.plesk.page\/de\/wp-json\/wp\/v2\/types\/product"}],"replies":[{"embeddable":true,"href":"https:\/\/stoic-curie.212-227-153-4.plesk.page\/de\/wp-json\/wp\/v2\/comments?post=5500425"}],"version-history":[{"count":0,"href":"https:\/\/stoic-curie.212-227-153-4.plesk.page\/de\/wp-json\/wp\/v2\/product\/5500425\/revisions"}],"wp:featuredmedia":[{"embeddable":true,"href":"https:\/\/stoic-curie.212-227-153-4.plesk.page\/de\/wp-json\/wp\/v2\/media\/5937256"}],"wp:attachment":[{"href":"https:\/\/stoic-curie.212-227-153-4.plesk.page\/de\/wp-json\/wp\/v2\/media?parent=5500425"}],"wp:term":[{"taxonomy":"product_brand","embeddable":true,"href":"https:\/\/stoic-curie.212-227-153-4.plesk.page\/de\/wp-json\/wp\/v2\/product_brand?post=5500425"},{"taxonomy":"product_cat","embeddable":true,"href":"https:\/\/stoic-curie.212-227-153-4.plesk.page\/de\/wp-json\/wp\/v2\/product_cat?post=5500425"},{"taxonomy":"product_tag","embeddable":true,"href":"https:\/\/stoic-curie.212-227-153-4.plesk.page\/de\/wp-json\/wp\/v2\/product_tag?post=5500425"}],"curies":[{"name":"wp","href":"https:\/\/api.w.org\/{rel}","templated":true}]}}