{"id":5500427,"date":"2026-01-27T06:09:00","date_gmt":"2026-01-27T05:09:00","guid":{"rendered":"https:\/\/stoic-curie.212-227-153-4.plesk.page\/product\/vetus-luken-libero-62\/"},"modified":"2026-02-24T23:34:41","modified_gmt":"2026-02-24T23:34:41","slug":"vetus-luken-libero-62","status":"publish","type":"product","link":"https:\/\/stoic-curie.212-227-153-4.plesk.page\/de\/product\/vetus-luken-libero-62\/","title":{"rendered":"Vetus Luken Libero 62"},"content":{"rendered":"<p>Vetus Luken Libero 62 &#8211; <\/p>\n<p style=\"color: rgb(34, 34, 34); font-family: Arial, Helvetica, sans-serif; font-size: small;\">Der Vetus Libero 62 (Modell LIB6255L) verf\u00fcgt \u00fcber einen handpolierten, anodisierten Aluminiumrahmen mit einem Eckenradius von entweder 32 mm oder 55 mm. Der Deckel besteht aus 10 mm dickem, dunkelrauchfarbenem Acryl. Diese Flucht- und Decksluken verf\u00fcgen \u00fcber ein verstellbares Mechanismus, das es erm\u00f6glicht, den Deckel in fast jedem Winkel bis zu 90\u00b0 offen zu halten. Der LIBERO-Typ ist f\u00fcr Kategorie A, Bereich II konzipiert.<\/p>\n<p style=\"color: rgb(34, 34, 34); font-family: Arial, Helvetica, sans-serif; font-size: small;\">Das erste Bild zeigt eine Variante unserer LIBERO-Luken, die sich in Form, Anzahl der Scharniere, Versteller und Handgriffen unterscheiden. Weitere Details finden Sie im Abschnitt &#8220;Zus\u00e4tzliche Informationen&#8221;.<\/p>\n<p style=\"color: rgb(34, 34, 34); font-family: Arial, Helvetica, sans-serif; font-size: small;\">Die wichtigsten Spezifikationen umfassen:<\/p>\n<ul style=\"color: rgb(34, 34, 34); font-family: Arial, Helvetica, sans-serif; font-size: small;\">\n<li>Anodisierte Aluminiumstruktur und -rahmen<\/li>\n<li>12 mm dicke, rauchige Acrylscheibe<\/li>\n<li>Friction-Hinges, die es der Luke erm\u00f6glichen, in jeder Position bis zu 180\u00b0 offen zu bleiben<\/li>\n<li>Aufdeckh\u00f6he von 50 mm<\/li>\n<li>CE-Klasse AII zertifiziert<\/li>\n<\/ul>\n<p style=\"color: rgb(34, 34, 34); font-family: Arial, Helvetica, sans-serif; font-size: small;\">Zus\u00e4tzliche Details:<\/p>\n<ul style=\"color: rgb(34, 34, 34); font-family: Arial, Helvetica, sans-serif; font-size: small;\">\n<li>Material: Aluminium<\/li>\n<li>Anzahl der Handgriffe: 2<\/li>\n<li>M\u00fcckenschutztyp: HCM6262<\/li>\n<li>CE-Kennzeichnung: AII<\/li>\n<li>Form: Quadrat<\/li>\n<li>\u00d6ffnungselement: Rahmengesch\u00fctzt<\/li>\n<li>Friction-Hinges: Ja<\/li>\n<li>Typ der Luke: Fluchtluke<\/li>\n<li>L\u00e4nge: 680 mm<\/li>\n<li>H\u00f6he: 680 mm<\/li>\n<li>Ausschnitt-Radius: 55 mm<\/li>\n<li>Ausschnitt-H\u00f6he: 620 mm<\/li>\n<li>Ausschnitt-L\u00e4nge: 620 mm<\/li>\n<\/ul>\n","protected":false},"excerpt":{"rendered":"<p>Vetus Luken Libero 62 &#8211; Der Vetus Libero 62 (Modell LIB6255L) verf\u00fcgt \u00fcber einen handpolierten, anodisierten Aluminiumrahmen mit einem Eckenradius<\/p>\n","protected":false},"featured_media":5937256,"comment_status":"open","ping_status":"closed","template":"","meta":[],"product_brand":[3520],"product_cat":[1415],"product_tag":[],"class_list":{"0":"post-5500427","1":"product","2":"type-product","3":"status-publish","4":"has-post-thumbnail","6":"product_brand-vetus-de","7":"product_cat-bootsluken","9":"first","10":"instock","11":"shipping-taxable","12":"purchasable","13":"product-type-simple"},"_links":{"self":[{"href":"https:\/\/stoic-curie.212-227-153-4.plesk.page\/de\/wp-json\/wp\/v2\/product\/5500427","targetHints":{"allow":["GET"]}}],"collection":[{"href":"https:\/\/stoic-curie.212-227-153-4.plesk.page\/de\/wp-json\/wp\/v2\/product"}],"about":[{"href":"https:\/\/stoic-curie.212-227-153-4.plesk.page\/de\/wp-json\/wp\/v2\/types\/product"}],"replies":[{"embeddable":true,"href":"https:\/\/stoic-curie.212-227-153-4.plesk.page\/de\/wp-json\/wp\/v2\/comments?post=5500427"}],"version-history":[{"count":0,"href":"https:\/\/stoic-curie.212-227-153-4.plesk.page\/de\/wp-json\/wp\/v2\/product\/5500427\/revisions"}],"wp:featuredmedia":[{"embeddable":true,"href":"https:\/\/stoic-curie.212-227-153-4.plesk.page\/de\/wp-json\/wp\/v2\/media\/5937256"}],"wp:attachment":[{"href":"https:\/\/stoic-curie.212-227-153-4.plesk.page\/de\/wp-json\/wp\/v2\/media?parent=5500427"}],"wp:term":[{"taxonomy":"product_brand","embeddable":true,"href":"https:\/\/stoic-curie.212-227-153-4.plesk.page\/de\/wp-json\/wp\/v2\/product_brand?post=5500427"},{"taxonomy":"product_cat","embeddable":true,"href":"https:\/\/stoic-curie.212-227-153-4.plesk.page\/de\/wp-json\/wp\/v2\/product_cat?post=5500427"},{"taxonomy":"product_tag","embeddable":true,"href":"https:\/\/stoic-curie.212-227-153-4.plesk.page\/de\/wp-json\/wp\/v2\/product_tag?post=5500427"}],"curies":[{"name":"wp","href":"https:\/\/api.w.org\/{rel}","templated":true}]}}