{"id":5500428,"date":"2026-01-27T06:09:02","date_gmt":"2026-01-27T05:09:02","guid":{"rendered":"https:\/\/stoic-curie.212-227-153-4.plesk.page\/product\/vetus-agm-batterien-140-ampere\/"},"modified":"2026-02-24T23:34:44","modified_gmt":"2026-02-24T23:34:44","slug":"vetus-agm-batterien-140-ampere","status":"publish","type":"product","link":"https:\/\/stoic-curie.212-227-153-4.plesk.page\/de\/product\/vetus-agm-batterien-140-ampere\/","title":{"rendered":"Vetus AGM Batterien 140 Ampere"},"content":{"rendered":"<p>Vetus AGM Batterien 140 Ampere &#8211; <\/p>\n<p>AGM (Absorbierbare Glasfaser-Technologie) Vetus-Batterien. Versiegelt, wartungsfrei. F\u00fcr den maritimen Einsatz konzipiert, mit einer niedrigen Selbstentladung, ideal zum Neustart des Motors zu Beginn der n\u00e4chsten Saison. Sehr robust; im Falle einer Besch\u00e4digung lecken sie keine Fl\u00fcssigkeiten und funktionieren dank der zwischen den Platten eingesetzten Glasfaserseparatoren weiterhin. Besonders f\u00fcr den zyklischen Einsatz entwickelt.<\/p>\n","protected":false},"excerpt":{"rendered":"<p>Vetus AGM Batterien 140 Ampere &#8211; AGM (Absorbierbare Glasfaser-Technologie) Vetus-Batterien. Versiegelt, wartungsfrei. F\u00fcr den maritimen Einsatz konzipiert, mit einer niedrigen<\/p>\n","protected":false},"featured_media":5937512,"comment_status":"open","ping_status":"closed","template":"","meta":[],"product_brand":[3520],"product_cat":[1442],"product_tag":[],"class_list":{"0":"post-5500428","1":"product","2":"type-product","3":"status-publish","4":"has-post-thumbnail","6":"product_brand-vetus-de","7":"product_cat-bootsbatterien","9":"first","10":"instock","11":"shipping-taxable","12":"purchasable","13":"product-type-simple"},"_links":{"self":[{"href":"https:\/\/stoic-curie.212-227-153-4.plesk.page\/de\/wp-json\/wp\/v2\/product\/5500428","targetHints":{"allow":["GET"]}}],"collection":[{"href":"https:\/\/stoic-curie.212-227-153-4.plesk.page\/de\/wp-json\/wp\/v2\/product"}],"about":[{"href":"https:\/\/stoic-curie.212-227-153-4.plesk.page\/de\/wp-json\/wp\/v2\/types\/product"}],"replies":[{"embeddable":true,"href":"https:\/\/stoic-curie.212-227-153-4.plesk.page\/de\/wp-json\/wp\/v2\/comments?post=5500428"}],"version-history":[{"count":0,"href":"https:\/\/stoic-curie.212-227-153-4.plesk.page\/de\/wp-json\/wp\/v2\/product\/5500428\/revisions"}],"wp:featuredmedia":[{"embeddable":true,"href":"https:\/\/stoic-curie.212-227-153-4.plesk.page\/de\/wp-json\/wp\/v2\/media\/5937512"}],"wp:attachment":[{"href":"https:\/\/stoic-curie.212-227-153-4.plesk.page\/de\/wp-json\/wp\/v2\/media?parent=5500428"}],"wp:term":[{"taxonomy":"product_brand","embeddable":true,"href":"https:\/\/stoic-curie.212-227-153-4.plesk.page\/de\/wp-json\/wp\/v2\/product_brand?post=5500428"},{"taxonomy":"product_cat","embeddable":true,"href":"https:\/\/stoic-curie.212-227-153-4.plesk.page\/de\/wp-json\/wp\/v2\/product_cat?post=5500428"},{"taxonomy":"product_tag","embeddable":true,"href":"https:\/\/stoic-curie.212-227-153-4.plesk.page\/de\/wp-json\/wp\/v2\/product_tag?post=5500428"}],"curies":[{"name":"wp","href":"https:\/\/api.w.org\/{rel}","templated":true}]}}