{"id":5500429,"date":"2026-01-27T06:09:03","date_gmt":"2026-01-27T05:09:03","guid":{"rendered":"https:\/\/stoic-curie.212-227-153-4.plesk.page\/product\/vetus-agm-batterie-170-ampere\/"},"modified":"2026-02-24T23:34:44","modified_gmt":"2026-02-24T23:34:44","slug":"vetus-agm-batterie-170-ampere","status":"publish","type":"product","link":"https:\/\/stoic-curie.212-227-153-4.plesk.page\/de\/product\/vetus-agm-batterie-170-ampere\/","title":{"rendered":"Vetus AGM Batterie 170 Ampere"},"content":{"rendered":"<p>Vetus AGM Batterie 170 Ampere &#8211; <\/p>\n<p style=\"color: rgb(34, 34, 34); font-family: Arial, Helvetica, sans-serif; font-size: small;\">Der Elektrolyte in diesen Batterien ist in Glasfaser-Matten separiert, die zwischen den Batterietafeln positioniert sind. Diese Bauweise verhindert effektiv Leckagen w\u00e4hrend des normalen Betriebs. Selbst im Falle eines versehentlichen Falls, der das Geh\u00e4use besch\u00e4digt, bleibt der Elektrolyt sicher innerhalb der Glasfaser-Matten eingeschlossen. Dieses Batteriedesign ist f\u00fcr den Lufttransport geeignet und stellt eine Alternative zu den fr\u00fcheren VETUS AGM-Batterien dar.<\/p>\n<p style=\"color: rgb(34, 34, 34); font-family: Arial, Helvetica, sans-serif; font-size: small;\">Die VETUS AGM (Absorbierte Glasmatte) Batterien sind vollst\u00e4ndig versiegelt und ben\u00f6tigen keine Wartung. Sie wurden speziell f\u00fcr marine Anwendungen entwickelt und sind perfekt zum Starten von Motoren, Betreiben von Winden und Versorgen von Bugstrahlruder. Diese Batterien liefern hohe Marine Cranking Amps (MCA), haben niedrige Selbstentladung und sind so konzipiert, dass sie Sch\u00e4den widerstehen. Wenn sie besch\u00e4digt werden, treten keine Fl\u00fcssigkeitslecks auf, und sie funktionieren weiterhin effektiv. Sie sind besonders ideal f\u00fcr kontinuierliche Zyklus-Anwendungen, insbesondere wenn eine sofortige Wiederaufladung m\u00f6glich ist.<\/p>\n<p style=\"color: rgb(34, 34, 34); font-family: Arial, Helvetica, sans-serif; font-size: small;\"><strong>Technische Daten<\/strong><\/p>\n<ul style=\"color: rgb(34, 34, 34); font-family: Arial, Helvetica, sans-serif; font-size: small;\">\n<li>Kaltstartstrom (CCA EN): 1100 A<\/li>\n<li>Reservelaufzeit (Minuten bei 25A): 300<\/li>\n<li>Kapazit\u00e4t C20 (Ah): 170 Ah<\/li>\n<li>Kapazit\u00e4t C5 (Ah): 130 Ah<\/li>\n<li>Spannung: 12 V<\/li>\n<li>Gewicht: 46,6 kg<\/li>\n<li>L\u00e4nge: 513 mm<\/li>\n<li>H\u00f6he: 223 mm<\/li>\n<li>Breite: 223 mm<\/li>\n<\/ul>\n","protected":false},"excerpt":{"rendered":"<p>Vetus AGM Batterie 170 Ampere &#8211; Der Elektrolyte in diesen Batterien ist in Glasfaser-Matten separiert, die zwischen den Batterietafeln positioniert<\/p>\n","protected":false},"featured_media":5937512,"comment_status":"open","ping_status":"closed","template":"","meta":[],"product_brand":[3520],"product_cat":[1442],"product_tag":[],"class_list":{"0":"post-5500429","1":"product","2":"type-product","3":"status-publish","4":"has-post-thumbnail","6":"product_brand-vetus-de","7":"product_cat-bootsbatterien","9":"first","10":"instock","11":"shipping-taxable","12":"purchasable","13":"product-type-simple"},"_links":{"self":[{"href":"https:\/\/stoic-curie.212-227-153-4.plesk.page\/de\/wp-json\/wp\/v2\/product\/5500429","targetHints":{"allow":["GET"]}}],"collection":[{"href":"https:\/\/stoic-curie.212-227-153-4.plesk.page\/de\/wp-json\/wp\/v2\/product"}],"about":[{"href":"https:\/\/stoic-curie.212-227-153-4.plesk.page\/de\/wp-json\/wp\/v2\/types\/product"}],"replies":[{"embeddable":true,"href":"https:\/\/stoic-curie.212-227-153-4.plesk.page\/de\/wp-json\/wp\/v2\/comments?post=5500429"}],"version-history":[{"count":0,"href":"https:\/\/stoic-curie.212-227-153-4.plesk.page\/de\/wp-json\/wp\/v2\/product\/5500429\/revisions"}],"wp:featuredmedia":[{"embeddable":true,"href":"https:\/\/stoic-curie.212-227-153-4.plesk.page\/de\/wp-json\/wp\/v2\/media\/5937512"}],"wp:attachment":[{"href":"https:\/\/stoic-curie.212-227-153-4.plesk.page\/de\/wp-json\/wp\/v2\/media?parent=5500429"}],"wp:term":[{"taxonomy":"product_brand","embeddable":true,"href":"https:\/\/stoic-curie.212-227-153-4.plesk.page\/de\/wp-json\/wp\/v2\/product_brand?post=5500429"},{"taxonomy":"product_cat","embeddable":true,"href":"https:\/\/stoic-curie.212-227-153-4.plesk.page\/de\/wp-json\/wp\/v2\/product_cat?post=5500429"},{"taxonomy":"product_tag","embeddable":true,"href":"https:\/\/stoic-curie.212-227-153-4.plesk.page\/de\/wp-json\/wp\/v2\/product_tag?post=5500429"}],"curies":[{"name":"wp","href":"https:\/\/api.w.org\/{rel}","templated":true}]}}