{"id":5500430,"date":"2026-01-27T06:09:03","date_gmt":"2026-01-27T05:09:03","guid":{"rendered":"https:\/\/stoic-curie.212-227-153-4.plesk.page\/product\/vetus-agm-batterie-220amp\/"},"modified":"2026-02-24T23:34:44","modified_gmt":"2026-02-24T23:34:44","slug":"vetus-agm-batterie-220amp","status":"publish","type":"product","link":"https:\/\/stoic-curie.212-227-153-4.plesk.page\/de\/product\/vetus-agm-batterie-220amp\/","title":{"rendered":"Vetus AGM Batterie 220amp"},"content":{"rendered":"<p>Vetus AGM Batterie 220amp &#8211; <\/p>\n<p>Die AGM-Batterien (Absorbent Glass Mat) von Vetus bieten eine zuverl\u00e4ssige, wartungsfreie L\u00f6sung f\u00fcr den maritimen Einsatz. Diese versiegelten Batterien eignen sich hervorragend zum Starten von Motoren, zum Betrieb von Winden und zum Antrieb von Bugstrahlrudern. Mit beeindruckenden Marine Cranking Amps (MCA) und minimalen Selbstentladeraten sind sie daf\u00fcr ausgelegt, harschen Umgebungen standzuhalten. Selbst bei Besch\u00e4digungen treten keine Fl\u00fcssigkeitslecks auf, und sie funktionieren weiterhin effizient. Dar\u00fcber hinaus sind sie besonders gut f\u00fcr kontinuierliche Zyklen geeignet, was sofortiges Aufladen erm\u00f6glicht.<\/p>\n<p>Diese tiefzyklischen AGM-Batterien von Vetus k\u00f6nnen entweder Ger\u00e4te mit Strom versorgen oder als Starterbatterien fungieren. Sie erf\u00fcllen alle Bordstromanforderungen und sind anpassungsf\u00e4hig f\u00fcr verschiedene Anwendungen. Egal, ob Sie niedrige Str\u00f6me f\u00fcr Beleuchtung, K\u00fchlung oder Navigationselektronik \u00fcber l\u00e4ngere Zeitr\u00e4ume ben\u00f6tigen oder hohe Str\u00f6me f\u00fcr Startermotoren, Bugstrahlruder, Klimaanlagen oder robuste Wechselrichter f\u00fcr kurze Zeit, diese Batterien bieten eine au\u00dfergew\u00f6hnliche Leistung.<\/p>\n<p><strong>Vorteile der AGM-Batterien von Vetus:<\/strong><\/p>\n<ul>\n<li>Erh\u00e4ltlich in Kapazit\u00e4ten von 60 bis 220 Ah<\/li>\n<li>Ideal f\u00fcr saisonalen Einsatz aufgrund einer sehr niedrigen Selbstentladerate (&lt; 3%)<\/li>\n<li>Kann bis zu 80% entladen werden (80% Entladungstiefe)<\/li>\n<li>F\u00e4hig, 375 Lade-\/Entladezyklen bei richtiger Nutzung mit 80% DOD zu bew\u00e4ltigen<\/li>\n<li>Entwickelt, um Vibrationen und St\u00f6\u00dfen standzuhalten, mit einer versiegelten Konstruktion und einem Glasfasergewebe, das sauerstoffscheidende S\u00e4urelecks verhindert<\/li>\n<li>Gefertigt mit einer Blei-Calcium-Legierung, um Wasserverlust zu reduzieren und die Lebensdauer zu verl\u00e4ngern<\/li>\n<li>Ein sicherer Betrieb wird durch die VRLA-Technologie gew\u00e4hrleistet, die \u00fcbersch\u00fcssigen Gasdruck \u00fcber Ventile ableitet im Falle eines fehlerhaften Ladevorgangs, was jedoch zu vorzeitigem Verschlei\u00df f\u00fchren kann<\/li>\n<li>Produziert in der EU<\/li>\n<\/ul>\n<p><strong>Technische Spezifikationen:<\/strong><\/p>\n<table>\n<thead>\n<tr>\n<th>Typ<\/th>\n<th>C20-Kapazit\u00e4t<\/th>\n<th>C5-Kapazit\u00e4t<\/th>\n<th>Cold Cranking Amps (CCA &#8211; EN)<\/th>\n<th>Reserve Kapazit\u00e4t bei 25 A (Minuten)<\/th>\n<th>Abmessungen (LxBxH in mm)<\/th>\n<th>Gewicht (kg)<\/th>\n<\/tr>\n<\/thead>\n<tbody>\n<tr>\n<td>VEAGM70<\/td>\n<td>70 Ah<\/td>\n<td>52 Ah<\/td>\n<td>660 A<\/td>\n<td>130<\/td>\n<td>278x175x190<\/td>\n<td>22.0<\/td>\n<\/tr>\n<tr>\n<td>VEAGM90<\/td>\n<td>90 Ah<\/td>\n<td>67 Ah<\/td>\n<td>780 A<\/td>\n<td>175<\/td>\n<td>353x175x190<\/td>\n<td>27.8<\/td>\n<\/tr>\n<tr>\n<td>VEAGM100<\/td>\n<td>100 Ah<\/td>\n<td>70 Ah<\/td>\n<td>680 A<\/td>\n<td>180<\/td>\n<td>345x175x190<\/td>\n<td>31.8<\/td>\n<\/tr>\n<tr>\n<td>VEAGM140<\/td>\n<td>140 Ah<\/td>\n<td>105 Ah<\/td>\n<td>800 A<\/td>\n<td>260<\/td>\n<td>513x189x223<\/td>\n<td>40.7<\/td>\n<\/tr>\n<tr>\n<td>VEAGM170<\/td>\n<td>170 Ah<\/td>\n<td>125 Ah<\/td>\n<td>1150 A<\/td>\n<td>300<\/td>\n<td>513x223x223<\/td>\n<td>46.6<\/td>\n<\/tr>\n<tr>\n<td>VEAGM185<\/td>\n<td>195 Ah<\/td>\n<td>145 Ah<\/td>\n<td>1100 A<\/td>\n<td>350<\/td>\n<td>514x274x242<\/td>\n<td>56.2<\/td>\n<\/tr>\n<tr>\n<td>VEAGM220<\/td>\n<td>220 Ah<\/td>\n<td>185 Ah<\/td>\n<td>1300 A<\/td>\n<td>430<\/td>\n<td>518x274x242<\/td>\n<td>60.7<\/td>\n<\/tr>\n<\/tbody>\n<\/table>\n<p>Entscheiden Sie sich f\u00fcr die AGM-Batterien von Vetus f\u00fcr zuverl\u00e4ssige Energie und Leistung auf dem Wasser.<\/p>\n","protected":false},"excerpt":{"rendered":"<p>Vetus AGM Batterie 220amp &#8211; Die AGM-Batterien (Absorbent Glass Mat) von Vetus bieten eine zuverl\u00e4ssige, wartungsfreie L\u00f6sung f\u00fcr den maritimen<\/p>\n","protected":false},"featured_media":5937512,"comment_status":"open","ping_status":"closed","template":"","meta":[],"product_brand":[3520],"product_cat":[1442],"product_tag":[],"class_list":{"0":"post-5500430","1":"product","2":"type-product","3":"status-publish","4":"has-post-thumbnail","6":"product_brand-vetus-de","7":"product_cat-bootsbatterien","9":"first","10":"instock","11":"shipping-taxable","12":"purchasable","13":"product-type-simple"},"_links":{"self":[{"href":"https:\/\/stoic-curie.212-227-153-4.plesk.page\/de\/wp-json\/wp\/v2\/product\/5500430","targetHints":{"allow":["GET"]}}],"collection":[{"href":"https:\/\/stoic-curie.212-227-153-4.plesk.page\/de\/wp-json\/wp\/v2\/product"}],"about":[{"href":"https:\/\/stoic-curie.212-227-153-4.plesk.page\/de\/wp-json\/wp\/v2\/types\/product"}],"replies":[{"embeddable":true,"href":"https:\/\/stoic-curie.212-227-153-4.plesk.page\/de\/wp-json\/wp\/v2\/comments?post=5500430"}],"version-history":[{"count":0,"href":"https:\/\/stoic-curie.212-227-153-4.plesk.page\/de\/wp-json\/wp\/v2\/product\/5500430\/revisions"}],"wp:featuredmedia":[{"embeddable":true,"href":"https:\/\/stoic-curie.212-227-153-4.plesk.page\/de\/wp-json\/wp\/v2\/media\/5937512"}],"wp:attachment":[{"href":"https:\/\/stoic-curie.212-227-153-4.plesk.page\/de\/wp-json\/wp\/v2\/media?parent=5500430"}],"wp:term":[{"taxonomy":"product_brand","embeddable":true,"href":"https:\/\/stoic-curie.212-227-153-4.plesk.page\/de\/wp-json\/wp\/v2\/product_brand?post=5500430"},{"taxonomy":"product_cat","embeddable":true,"href":"https:\/\/stoic-curie.212-227-153-4.plesk.page\/de\/wp-json\/wp\/v2\/product_cat?post=5500430"},{"taxonomy":"product_tag","embeddable":true,"href":"https:\/\/stoic-curie.212-227-153-4.plesk.page\/de\/wp-json\/wp\/v2\/product_tag?post=5500430"}],"curies":[{"name":"wp","href":"https:\/\/api.w.org\/{rel}","templated":true}]}}