{"id":5500433,"date":"2026-01-27T06:09:13","date_gmt":"2026-01-27T05:09:13","guid":{"rendered":"https:\/\/stoic-curie.212-227-153-4.plesk.page\/product\/verzinkter-toro-anker-25-kg\/"},"modified":"2026-02-24T23:34:56","modified_gmt":"2026-02-24T23:34:56","slug":"verzinkter-toro-anker-25-kg","status":"publish","type":"product","link":"https:\/\/stoic-curie.212-227-153-4.plesk.page\/de\/product\/verzinkter-toro-anker-25-kg\/","title":{"rendered":"Verzinkter Toro-Anker 25 kg"},"content":{"rendered":"<p>Verzinkter Toro-Anker 25 kg &#8211; <\/p>\n<p><strong>Verzinkter Stahlanker f\u00fcr weiche Meeresb\u00f6den<\/strong><\/p>\n<p>Dieser verzinkte Stahlanker wurde sorgf\u00e4ltig f\u00fcr optimale Leistung in weichen Meeresb\u00f6den, darunter Sand, Schlamm und Schleim, entwickelt. Seine charakteristische Gewichtsverteilung an der Spitze erm\u00f6glicht ein schnelles Eindringen in den Boden aus dem vorteilhaftesten Winkel und sorgt somit f\u00fcr einen sicheren Halt. Aus hochgradigem, verzinktem Manganstahl gefertigt, ist dieser einteilige Anker perfekt ausbalanciert, um frei von Bugrollen abzusinken, was ihn besonders geeignet f\u00fcr den Einsatz mit Fernwindlasses macht. Der signifikante Ballast im Fu\u00dfbereich gew\u00e4hrleistet ein sofortiges Eintauchen in den Meeresboden bei Kontakt. Wir bieten eine lebenslange Garantie gegen Bruch.<\/p>\n<p><strong>Merkmale<\/strong><\/p>\n<ul>\n<li>Bau aus hochgradigem, verzinktem Manganstahl<\/li>\n<li>Einzigartiges Schaftprofil<\/li>\n<li>Ballastierte Spitze<\/li>\n<li>Selbststartendes Design<\/li>\n<li>Niedriges Gewichtszentrum<\/li>\n<li>Selbstaufrichtende Geometrie<\/li>\n<li>Sofortige Setzf\u00e4higkeit<\/li>\n<li>Konsistente und zuverl\u00e4ssige Leistung<\/li>\n<\/ul>\n<p><strong>Feuerverzinkte Anker<\/strong><\/p>\n<p>Das Feuerverzinken wird allgemein als die bevorzugte Oberfl\u00e4chenbehandlung f\u00fcr Anker auf Segel- und Motoryachten angesehen. Diese Pr\u00e4ferenz ergibt sich haupts\u00e4chlich aus den hohen Kosten von Edelstahlankern, w\u00e4hrend Aluminium typischerweise f\u00fcr Kedge- oder Sekund\u00e4ranker aufgrund seiner leichten Eigenschaften reserviert ist.<\/p>\n<p>Verzinkter Stahl ist eine au\u00dfergew\u00f6hnliche Wahl f\u00fcr die Ankerproduktion, da er robust, schwer, langlebig in marinen Umgebungen, relativ wirtschaftlich und anpassungsf\u00e4hig f\u00fcr komplexe Designkonfigurationen ist.<\/p>\n<p>Obwohl moderne, technologisch fortschrittliche Anker mit \u00fcberlegener Haltekraft zunehmend bevorzugt werden, sind traditionelle Designs weiterhin erh\u00e4ltlich f\u00fcr die, die eine klassische Form und ein klassisches Profil sch\u00e4tzen.<\/p>\n<p><strong>Kompatibilit\u00e4t mit Bugrollen<\/strong><\/p>\n<p>\u00c4ltere Ankerdesigns bestehen \u00fcberwiegend aus verzinktem Stahl. Obwohl sie m\u00f6glicherweise nicht die fortschrittlichen Leistungsmerkmale neuerer Modelle bieten, stellen sie oft eine kosteneffizientere L\u00f6sung f\u00fcr die Installation an Bugrollen dar. Der Austausch eines Ankers durch ein \u00e4hnliches Modell kann erhebliche Einsparungen bringen, und die Vermeidung von \u00c4nderungen an der Stevenkopf- und Rollenanordnung kann die Kosteneffizienz weiter erh\u00f6hen. Design- und Entwicklungsteams sind sich dessen bewusst, und Hersteller neuer Designs stellen oft detaillierte Ma\u00dfe und Vollma\u00dfvorlagen zur Verf\u00fcgung, um den Kunden bei der Umgehung von Installationsschwierigkeiten zu helfen.<\/p>\n","protected":false},"excerpt":{"rendered":"<p>Verzinkter Toro-Anker 25 kg &#8211; Verzinkter Stahlanker f\u00fcr weiche Meeresb\u00f6den Dieser verzinkte Stahlanker wurde sorgf\u00e4ltig f\u00fcr optimale Leistung in weichen<\/p>\n","protected":false},"featured_media":5941611,"comment_status":"open","ping_status":"closed","template":"","meta":[],"product_brand":[3085],"product_cat":[1579],"product_tag":[],"class_list":{"0":"post-5500433","1":"product","2":"type-product","3":"status-publish","4":"has-post-thumbnail","6":"product_brand-maggigroup-de","7":"product_cat-anker-delta","9":"first","10":"instock","11":"shipping-taxable","12":"purchasable","13":"product-type-simple"},"_links":{"self":[{"href":"https:\/\/stoic-curie.212-227-153-4.plesk.page\/de\/wp-json\/wp\/v2\/product\/5500433","targetHints":{"allow":["GET"]}}],"collection":[{"href":"https:\/\/stoic-curie.212-227-153-4.plesk.page\/de\/wp-json\/wp\/v2\/product"}],"about":[{"href":"https:\/\/stoic-curie.212-227-153-4.plesk.page\/de\/wp-json\/wp\/v2\/types\/product"}],"replies":[{"embeddable":true,"href":"https:\/\/stoic-curie.212-227-153-4.plesk.page\/de\/wp-json\/wp\/v2\/comments?post=5500433"}],"version-history":[{"count":0,"href":"https:\/\/stoic-curie.212-227-153-4.plesk.page\/de\/wp-json\/wp\/v2\/product\/5500433\/revisions"}],"wp:featuredmedia":[{"embeddable":true,"href":"https:\/\/stoic-curie.212-227-153-4.plesk.page\/de\/wp-json\/wp\/v2\/media\/5941611"}],"wp:attachment":[{"href":"https:\/\/stoic-curie.212-227-153-4.plesk.page\/de\/wp-json\/wp\/v2\/media?parent=5500433"}],"wp:term":[{"taxonomy":"product_brand","embeddable":true,"href":"https:\/\/stoic-curie.212-227-153-4.plesk.page\/de\/wp-json\/wp\/v2\/product_brand?post=5500433"},{"taxonomy":"product_cat","embeddable":true,"href":"https:\/\/stoic-curie.212-227-153-4.plesk.page\/de\/wp-json\/wp\/v2\/product_cat?post=5500433"},{"taxonomy":"product_tag","embeddable":true,"href":"https:\/\/stoic-curie.212-227-153-4.plesk.page\/de\/wp-json\/wp\/v2\/product_tag?post=5500433"}],"curies":[{"name":"wp","href":"https:\/\/api.w.org\/{rel}","templated":true}]}}