{"id":5500434,"date":"2026-01-27T06:09:14","date_gmt":"2026-01-27T05:09:14","guid":{"rendered":"https:\/\/stoic-curie.212-227-153-4.plesk.page\/product\/verzinkter-toro-anker-16-kg\/"},"modified":"2026-02-24T23:34:56","modified_gmt":"2026-02-24T23:34:56","slug":"verzinkter-toro-anker-16-kg","status":"publish","type":"product","link":"https:\/\/stoic-curie.212-227-153-4.plesk.page\/de\/product\/verzinkter-toro-anker-16-kg\/","title":{"rendered":"Verzinkter Toro-Anker 16 kg"},"content":{"rendered":"<p>Verzinkter Toro-Anker 16 kg &#8211; <\/p>\n<p><strong>Galvanisierter Stahlanker f\u00fcr weiche Meeresb\u00f6den<\/strong><\/p>\n<p>Dieser galvanisierte Stahlanker ist f\u00fcr weiche Meeresb\u00f6den wie Sand, Schlamm und Schlamm gemacht. Sein spezielles Gewicht an der Spitze hilft dem Anker, den besten Winkel zum Eintauchen zu finden, was einen starken Halt garantiert. Hergestellt aus hochwertigem galvanisiertem Mangansilberstahl, ist dieser Anker in einem St\u00fcck gestaltet und l\u00e4sst sich leicht von Bugrollen abwerfen. Dies macht ihn perfekt f\u00fcr die Verwendung mit Fernantrieben. Das hohe Gewicht im Fu\u00dfbereich sorgt daf\u00fcr, dass er sofort den Meeresboden ber\u00fchrt. Wir garantieren lebenslange Bruchfestigkeit.<\/p>\n<p><strong>Eigenschaften<\/strong><\/p>\n<ul>\n<li>Hochwertige Bauweise aus galvanisiertem Mangansilberstahl<\/li>\n<li>Einzigartiges Schaftprofil<\/li>\n<li>Ballastierte Spitze<\/li>\n<li>Selbststartendes Design<\/li>\n<li>Niedriger Schwerpunkt<\/li>\n<li>Selbstaufrichtende Form<\/li>\n<li>Schnelle Setzzeit<\/li>\n<li>Zuverl\u00e4ssige Leistung<\/li>\n<\/ul>\n<p><strong>Feuerverzinkte Anker<\/strong><\/p>\n<p>Feuerverzinkung ist das gebr\u00e4uchlichste Finish f\u00fcr Anker auf Segel- und Motoryachten. Dies liegt daran, dass Edelstahlanker f\u00fcr viele Segler zu teuer sein k\u00f6nnen. Aluminium wird oft f\u00fcr Kedge- oder Sekund\u00e4ranker verwendet, da es leicht ist.<\/p>\n<p>Galvanisierter Stahl ist eine hervorragende Wahl f\u00fcr Anker, da er stark, schwer und langlebig in maritimen Umgebungen ist. Zudem ist er erschwinglich und kann in verschiedene Designs geformt werden.<\/p>\n<p>W\u00e4hrend neue Anker mit hoher Haltekraft heutzutage beliebt sind, sind traditionelle Designs nach wie vor erh\u00e4ltlich. Diese klassischen Anker sprechen diejenigen an, die ein zeitloses Aussehen bevorzugen.<\/p>\n<p><strong>Kompatibilit\u00e4t mit Bugrollen<\/strong><\/p>\n<p>\u00c4ltere Ankerdesigns bestehen in der Regel aus galvanisiertem Stahl. Obwohl sie m\u00f6glicherweise nicht so gut wie neuere Modelle abschneiden, k\u00f6nnen sie eine budgetfreundlichere Option f\u00fcr Bugrollen darstellen. Den Austausch eines Ankers durch ein \u00e4hnliches Modell kann Ihnen helfen, Geld zu sparen. Es ist auch klug, \u00c4nderungen an der Schaftkopf- und Rolleneinrichtung zu vermeiden. Dies kann ebenfalls zu erheblichen Einsparungen f\u00fchren. Designteams verstehen dies. Hersteller neuer Designs geben oft detaillierte Gr\u00f6\u00dfen und Vorlagen in Originalgr\u00f6\u00dfe an. Das hilft den Kunden, Installationsprobleme zu vermeiden.<\/p>\n","protected":false},"excerpt":{"rendered":"<p>Verzinkter Toro-Anker 16 kg &#8211; Galvanisierter Stahlanker f\u00fcr weiche Meeresb\u00f6den Dieser galvanisierte Stahlanker ist f\u00fcr weiche Meeresb\u00f6den wie Sand, Schlamm<\/p>\n","protected":false},"featured_media":5941611,"comment_status":"open","ping_status":"closed","template":"","meta":[],"product_brand":[3085],"product_cat":[1579],"product_tag":[],"class_list":{"0":"post-5500434","1":"product","2":"type-product","3":"status-publish","4":"has-post-thumbnail","6":"product_brand-maggigroup-de","7":"product_cat-anker-delta","9":"first","10":"instock","11":"shipping-taxable","12":"purchasable","13":"product-type-simple"},"_links":{"self":[{"href":"https:\/\/stoic-curie.212-227-153-4.plesk.page\/de\/wp-json\/wp\/v2\/product\/5500434","targetHints":{"allow":["GET"]}}],"collection":[{"href":"https:\/\/stoic-curie.212-227-153-4.plesk.page\/de\/wp-json\/wp\/v2\/product"}],"about":[{"href":"https:\/\/stoic-curie.212-227-153-4.plesk.page\/de\/wp-json\/wp\/v2\/types\/product"}],"replies":[{"embeddable":true,"href":"https:\/\/stoic-curie.212-227-153-4.plesk.page\/de\/wp-json\/wp\/v2\/comments?post=5500434"}],"version-history":[{"count":0,"href":"https:\/\/stoic-curie.212-227-153-4.plesk.page\/de\/wp-json\/wp\/v2\/product\/5500434\/revisions"}],"wp:featuredmedia":[{"embeddable":true,"href":"https:\/\/stoic-curie.212-227-153-4.plesk.page\/de\/wp-json\/wp\/v2\/media\/5941611"}],"wp:attachment":[{"href":"https:\/\/stoic-curie.212-227-153-4.plesk.page\/de\/wp-json\/wp\/v2\/media?parent=5500434"}],"wp:term":[{"taxonomy":"product_brand","embeddable":true,"href":"https:\/\/stoic-curie.212-227-153-4.plesk.page\/de\/wp-json\/wp\/v2\/product_brand?post=5500434"},{"taxonomy":"product_cat","embeddable":true,"href":"https:\/\/stoic-curie.212-227-153-4.plesk.page\/de\/wp-json\/wp\/v2\/product_cat?post=5500434"},{"taxonomy":"product_tag","embeddable":true,"href":"https:\/\/stoic-curie.212-227-153-4.plesk.page\/de\/wp-json\/wp\/v2\/product_tag?post=5500434"}],"curies":[{"name":"wp","href":"https:\/\/api.w.org\/{rel}","templated":true}]}}