{"id":5500437,"date":"2026-01-27T06:09:17","date_gmt":"2026-01-27T05:09:17","guid":{"rendered":"https:\/\/stoic-curie.212-227-153-4.plesk.page\/product\/verzinkter-toro-anker-10-kg\/"},"modified":"2026-02-24T23:34:56","modified_gmt":"2026-02-24T23:34:56","slug":"verzinkter-toro-anker-10-kg","status":"publish","type":"product","link":"https:\/\/stoic-curie.212-227-153-4.plesk.page\/de\/product\/verzinkter-toro-anker-10-kg\/","title":{"rendered":"Verzinkter Toro-Anker 10 kg"},"content":{"rendered":"<p>Verzinkter Toro-Anker 10 kg &#8211; <\/p>\n<p><strong>Galvanisierter Stahlanker f\u00fcr weiche Meeresb\u00f6den<\/strong><\/p>\n<p>Dieser galvanisierte Stahlanker ist speziell f\u00fcr den Einsatz in weichen Meeresb\u00f6den wie Sand, Schlamm und Schleim konzipiert. Seine einzigartige Gewichtsverteilung an der Spitze erm\u00f6glicht es dem Anker, schnell den optimalen Winkel f\u00fcr das Eindringen zu finden, was eine stabile Haltbarkeit gew\u00e4hrleistet. Hergestellt aus hochwertigem galvanisiertem Mangansilberstahl, ist dieser einteilige Anker so ausgewogen, dass er frei von Bugrollen f\u00e4llt, was ihn f\u00fcr den Einsatz mit Fernwinden geeignet macht. Das schwere Ballastgewicht im Zehenbereich sorgt daf\u00fcr, dass er beim Aufprall den Meeresboden erreicht. Wir bieten eine lebenslange Garantie gegen Bruch.<\/p>\n<p><strong>Merkmale<\/strong><\/p>\n<ul>\n<li>Hochwertige Konstruktion aus galvanisiertem Mangansilberstahl<\/li>\n<li>Einzigartiges Schaftprofil<\/li>\n<li>Ballastierte Spitze<\/li>\n<li>Selbststartendes Design<\/li>\n<li>Niedriger Schwerpunkt<\/li>\n<li>Selbstaufrichtende Geometrie<\/li>\n<li>Sofortige Setzm\u00f6glichkeit<\/li>\n<li>Konsistente und zuverl\u00e4ssige Leistung<\/li>\n<\/ul>\n<p><strong>Hei\u00dfbad-galvanisierte Anker<\/strong><\/p>\n<p>Die Hei\u00dfbadgalvanisierung ist das am h\u00e4ufigsten verwendete Finish f\u00fcr Anker auf Segel- und Motorjachten. Dies liegt haupts\u00e4chlich daran, dass Edelstahlanker f\u00fcr viele Segler prohibitively teuer sein k\u00f6nnen, w\u00e4hrend Aluminium oft f\u00fcr Kedge- oder Sekund\u00e4ranker aufgrund seiner Leichtbauweise verwendet wird.<\/p>\n<p>Galvanisierter Stahl ist ein ausgezeichnetes Material f\u00fcr die Ankerproduktion, da er stark, schwer, langlebig in marinen Umgebungen, relativ erschwinglich ist und in komplexe Designs geformt werden kann.<\/p>\n<p>W\u00e4hrend moderne, technologisch fortschrittliche Anker mit hoher Haltekraft heute beliebt sind, sind traditionelle Designs f\u00fcr diejenigen erh\u00e4ltlich, die eine klassische Form und Profil bevorzugen.<\/p>\n<p><strong>Kompatibilit\u00e4t mit Bugrollern<\/strong><\/p>\n<p>\u00c4ltere Ankerdesigns bestehen typischerweise aus galvanisiertem Stahl. Obwohl sie m\u00f6glicherweise nicht die fortschrittliche Leistung neuerer Modelle bieten, k\u00f6nnen sie eine kosteng\u00fcnstigere Option f\u00fcr die Montage an Bugrollen darstellen. Der Austausch eines Ankers durch ein \u00e4hnliches Modell kann zu Kosteneinsparungen f\u00fchren, und das Vermeiden von Modifikationen an der Stemhead- und Rollenanordnung kann zu erheblichen finanziellen Vorteilen f\u00fchren. Design- und Entwicklungsteams erkennen dies, und die Hersteller neuer Designs bieten oft detaillierte Ma\u00dfe und ma\u00dfstabsgetreue Vorlagen an, um den Kunden bei der Vermeidung von Installationsproblemen zu helfen.<\/p>\n","protected":false},"excerpt":{"rendered":"<p>Verzinkter Toro-Anker 10 kg &#8211; Galvanisierter Stahlanker f\u00fcr weiche Meeresb\u00f6den Dieser galvanisierte Stahlanker ist speziell f\u00fcr den Einsatz in weichen<\/p>\n","protected":false},"featured_media":5941611,"comment_status":"open","ping_status":"closed","template":"","meta":[],"product_brand":[3085],"product_cat":[1579],"product_tag":[],"class_list":{"0":"post-5500437","1":"product","2":"type-product","3":"status-publish","4":"has-post-thumbnail","6":"product_brand-maggigroup-de","7":"product_cat-anker-delta","9":"first","10":"instock","11":"shipping-taxable","12":"purchasable","13":"product-type-simple"},"_links":{"self":[{"href":"https:\/\/stoic-curie.212-227-153-4.plesk.page\/de\/wp-json\/wp\/v2\/product\/5500437","targetHints":{"allow":["GET"]}}],"collection":[{"href":"https:\/\/stoic-curie.212-227-153-4.plesk.page\/de\/wp-json\/wp\/v2\/product"}],"about":[{"href":"https:\/\/stoic-curie.212-227-153-4.plesk.page\/de\/wp-json\/wp\/v2\/types\/product"}],"replies":[{"embeddable":true,"href":"https:\/\/stoic-curie.212-227-153-4.plesk.page\/de\/wp-json\/wp\/v2\/comments?post=5500437"}],"version-history":[{"count":0,"href":"https:\/\/stoic-curie.212-227-153-4.plesk.page\/de\/wp-json\/wp\/v2\/product\/5500437\/revisions"}],"wp:featuredmedia":[{"embeddable":true,"href":"https:\/\/stoic-curie.212-227-153-4.plesk.page\/de\/wp-json\/wp\/v2\/media\/5941611"}],"wp:attachment":[{"href":"https:\/\/stoic-curie.212-227-153-4.plesk.page\/de\/wp-json\/wp\/v2\/media?parent=5500437"}],"wp:term":[{"taxonomy":"product_brand","embeddable":true,"href":"https:\/\/stoic-curie.212-227-153-4.plesk.page\/de\/wp-json\/wp\/v2\/product_brand?post=5500437"},{"taxonomy":"product_cat","embeddable":true,"href":"https:\/\/stoic-curie.212-227-153-4.plesk.page\/de\/wp-json\/wp\/v2\/product_cat?post=5500437"},{"taxonomy":"product_tag","embeddable":true,"href":"https:\/\/stoic-curie.212-227-153-4.plesk.page\/de\/wp-json\/wp\/v2\/product_tag?post=5500437"}],"curies":[{"name":"wp","href":"https:\/\/api.w.org\/{rel}","templated":true}]}}