{"id":5500438,"date":"2026-01-27T06:09:18","date_gmt":"2026-01-27T05:09:18","guid":{"rendered":"https:\/\/stoic-curie.212-227-153-4.plesk.page\/product\/verzinkter-toro-anker-16-kg-2\/"},"modified":"2026-02-24T23:34:56","modified_gmt":"2026-02-24T23:34:56","slug":"verzinkter-toro-anker-16-kg-2","status":"publish","type":"product","link":"https:\/\/stoic-curie.212-227-153-4.plesk.page\/de\/product\/verzinkter-toro-anker-16-kg-2\/","title":{"rendered":"Verzinkter Toro-Anker 16 kg"},"content":{"rendered":"<p>Verzinkter Toro-Anker 16 kg &#8211; <\/p>\n<p><strong>Galvanisierter Stahlanker f\u00fcr weiche Meeresb\u00f6den<\/strong><\/p>\n<p>Dieser galvanisierte Stahlanker ist speziell f\u00fcr den Einsatz in weichen Meeresb\u00f6den, einschlie\u00dflich Sand, Schlamm und Schleim, konzipiert. Seine charakteristische Gewichtsverteilung an der Spitze erm\u00f6glicht es dem Anker, schnell den optimalen Winkel f\u00fcr das Eindringen zu erreichen, was einen sicheren Halt gew\u00e4hrleistet. Hergestellt aus hochwertigem galvanisiertem Manganstahl, l\u00e4sst sich dieser einteilige Anker frei von den Bugrollen ablassen, was ihn besonders f\u00fcr den Einsatz mit Fernbedienungswindlass geeignet macht. Das erhebliche Ballastgewicht im Fu\u00dfbereich sorgt daf\u00fcr, dass er beim Aufprall den Meeresboden ber\u00fchrt. Wir bieten eine lebenslange Garantie gegen Bruch an.<\/p>\n<p><strong>Eigenschaften<\/strong><\/p>\n<ul>\n<li>Konstruktion aus hochwertigem galvanisiertem Manganstahl<\/li>\n<li>Einzigartiges Schaftprofil<\/li>\n<li>Ballastierte Spitze<\/li>\n<li>Selbststartendes Design<\/li>\n<li>Geringer Schwerpunkt<\/li>\n<li>Selbstaufrichtende Geometrie<\/li>\n<li>Sofortige Setzkraft<\/li>\n<li>Konstante und zuverl\u00e4ssige Leistung<\/li>\n<\/ul>\n<p><strong>Hei\u00dfdipped galvanisierte Anker<\/strong><\/p>\n<p>Hei\u00dfdip-Galvanisierung ist der bevorzugte Abschluss f\u00fcr Anker, die auf Segel- und Motorjachten verwendet werden. Diese Vorliebe ergibt sich haupts\u00e4chlich daraus, dass Edelstahlanker f\u00fcr viele Segler unerschwinglich teuer sein k\u00f6nnen, w\u00e4hrend Aluminium typischerweise f\u00fcr Kedge- oder Sekund\u00e4ranker aufgrund seiner Leichtbauweise reserviert ist.<\/p>\n<p>Galvanisierter Stahl ist ein ausgezeichnetes Material f\u00fcr die Ankerproduktion, da es stark, schwer, langlebig in maritimen Umgebungen, relativ erschwinglich und f\u00fcr komplexe Designs geeignet ist.<\/p>\n<p>W\u00e4hrend zeitgem\u00e4\u00dfe, technologisch fortgeschrittene Anker mit hoher Haltekraft an Popularit\u00e4t gewinnen, sind traditionelle Designs weiterhin erh\u00e4ltlich f\u00fcr diejenigen, die eine klassische Form und Profil bevorzugen.<\/p>\n<p><strong>Kompatibilit\u00e4t mit Bugrollen<\/strong><\/p>\n<p>\u00c4ltere Ankerdesigns bestehen normalerweise aus galvanisiertem Stahl. Obwohl sie m\u00f6glicherweise nicht die fortschrittlichen Leistungsmerkmale neuerer Modelle bieten, k\u00f6nnen sie eine kosteng\u00fcnstigere L\u00f6sung f\u00fcr die Montage an Bugrollen darstellen. Der Austausch eines Ankers durch ein \u00e4hnliches Modell kann finanzielle Einsparungen bringen, und die Vermeidung von Anpassungen an der Steuerbord- und Rollenanordnung kann erhebliche Kostenreduktionen zur Folge haben. Design- und Entwicklungsteams erkennen dies, und Hersteller neuer Modelle liefern h\u00e4ufig detaillierte Abmessungen und vollst\u00e4ndige Vorlagen in Originalgr\u00f6\u00dfe, um den Kunden zu helfen, Installationsprobleme zu vermeiden.<\/p>\n","protected":false},"excerpt":{"rendered":"<p>Verzinkter Toro-Anker 16 kg &#8211; Galvanisierter Stahlanker f\u00fcr weiche Meeresb\u00f6den Dieser galvanisierte Stahlanker ist speziell f\u00fcr den Einsatz in weichen<\/p>\n","protected":false},"featured_media":5941611,"comment_status":"open","ping_status":"closed","template":"","meta":[],"product_brand":[3085],"product_cat":[1579],"product_tag":[],"class_list":{"0":"post-5500438","1":"product","2":"type-product","3":"status-publish","4":"has-post-thumbnail","6":"product_brand-maggigroup-de","7":"product_cat-anker-delta","9":"first","10":"instock","11":"shipping-taxable","12":"purchasable","13":"product-type-simple"},"_links":{"self":[{"href":"https:\/\/stoic-curie.212-227-153-4.plesk.page\/de\/wp-json\/wp\/v2\/product\/5500438","targetHints":{"allow":["GET"]}}],"collection":[{"href":"https:\/\/stoic-curie.212-227-153-4.plesk.page\/de\/wp-json\/wp\/v2\/product"}],"about":[{"href":"https:\/\/stoic-curie.212-227-153-4.plesk.page\/de\/wp-json\/wp\/v2\/types\/product"}],"replies":[{"embeddable":true,"href":"https:\/\/stoic-curie.212-227-153-4.plesk.page\/de\/wp-json\/wp\/v2\/comments?post=5500438"}],"version-history":[{"count":0,"href":"https:\/\/stoic-curie.212-227-153-4.plesk.page\/de\/wp-json\/wp\/v2\/product\/5500438\/revisions"}],"wp:featuredmedia":[{"embeddable":true,"href":"https:\/\/stoic-curie.212-227-153-4.plesk.page\/de\/wp-json\/wp\/v2\/media\/5941611"}],"wp:attachment":[{"href":"https:\/\/stoic-curie.212-227-153-4.plesk.page\/de\/wp-json\/wp\/v2\/media?parent=5500438"}],"wp:term":[{"taxonomy":"product_brand","embeddable":true,"href":"https:\/\/stoic-curie.212-227-153-4.plesk.page\/de\/wp-json\/wp\/v2\/product_brand?post=5500438"},{"taxonomy":"product_cat","embeddable":true,"href":"https:\/\/stoic-curie.212-227-153-4.plesk.page\/de\/wp-json\/wp\/v2\/product_cat?post=5500438"},{"taxonomy":"product_tag","embeddable":true,"href":"https:\/\/stoic-curie.212-227-153-4.plesk.page\/de\/wp-json\/wp\/v2\/product_tag?post=5500438"}],"curies":[{"name":"wp","href":"https:\/\/api.w.org\/{rel}","templated":true}]}}