{"id":5500448,"date":"2026-01-27T06:09:33","date_gmt":"2026-01-27T05:09:33","guid":{"rendered":"https:\/\/stoic-curie.212-227-153-4.plesk.page\/product\/verzinkter-toro-anker-50kg\/"},"modified":"2026-02-24T23:35:05","modified_gmt":"2026-02-24T23:35:05","slug":"verzinkter-toro-anker-50kg","status":"publish","type":"product","link":"https:\/\/stoic-curie.212-227-153-4.plesk.page\/de\/product\/verzinkter-toro-anker-50kg\/","title":{"rendered":"Verzinkter Toro Anker 50kg"},"content":{"rendered":"<p>Verzinkter Toro Anker 50kg &#8211; <\/p>\n<p><strong>Feuerverzinkter Stahlanker f\u00fcr weiche Meeresb\u00f6den<\/strong><\/p>\n<p>Dieser feuerverzinkte Stahlanker wurde speziell f\u00fcr den Einsatz in weichen Meeresb\u00f6den, einschlie\u00dflich Sand, Schlamm und Schleim, entwickelt. Seine einzigartige Gewichtsverteilung an der Spitze erm\u00f6glicht es dem Anker, schnell den optimalen Einstichwinkel zu finden, um einen sicheren Halt zu gew\u00e4hrleisten. Hergestellt aus hochwertigem feuerverzinktem Manganstahl, f\u00e4llt dieser Einteilanker frei von Bugrollern ab und ist daher ideal f\u00fcr den Einsatz mit Fernwinschen. Der erhebliche Ballast im Fu\u00dfbereich sorgt daf\u00fcr, dass er beim Aufprall den Meeresboden ber\u00fchrt. Wir bieten eine lebenslange Garantie gegen Bruch.<\/p>\n<p><strong>Eigenschaften<\/strong><\/p>\n<ul>\n<li>Aus hochwertigem feuerverzinktem Manganstahl hergestellt<\/li>\n<li>Einzigartiges Schaftdesign<\/li>\n<li>Ballastierte Spitze f\u00fcr verbesserte Leistung<\/li>\n<li>Selbststartmechanismus<\/li>\n<li>Niedriger Schwerpunkt f\u00fcr Stabilit\u00e4t<\/li>\n<li>Selbstaufrichtende Geometrie f\u00fcr einfache R\u00fcckholung<\/li>\n<li>Sofortiges Setzverm\u00f6gen<\/li>\n<li>Konsistente und zuverl\u00e4ssige Leistung<\/li>\n<\/ul>\n<p><strong>Feuerverzinkte Anker<\/strong><\/p>\n<p>Die Feuerverzinkung ist die beliebteste Oberfl\u00e4chenbehandlung f\u00fcr Anker, die auf Segel- und Motorjachten verwendet werden. Diese Vorliebe ergibt sich haupts\u00e4chlich daraus, dass rostfreie Stahlanker f\u00fcr viele Segler prohibitv teuer sein k\u00f6nnen, w\u00e4hrend Aluminium oft f\u00fcr Kedge- oder Sekund\u00e4ranker aufgrund seiner leichten Eigenschaften reserviert ist.<\/p>\n<p>Feuerverzinkter Stahl ist ein hervorragendes Material f\u00fcr die Anfertigung von Ankern, da es robust, schwer, langlebig unter marinen Bedingungen, relativ erschwinglich ist und in komplexe Designs geformt werden kann.<\/p>\n<p>Obwohl moderne, technologisch fortschrittliche Anker mit \u00fcberlegener Haltekraft derzeit im Trend liegen, sind traditionelle Designs weiterhin verf\u00fcgbar f\u00fcr diejenigen, die eine klassische Form und Profil bevorzugen.<\/p>\n<p><strong>Kompatibilit\u00e4t mit Bugrollen<\/strong><\/p>\n<p>\u00c4ltere Ankerdesigns bestehen typischerweise aus feuerverzinktem Stahl. Obwohl sie m\u00f6glicherweise nicht die fortschrittliche Leistung neuester Modelle bieten, k\u00f6nnen sie eine budgetfreundliche Option f\u00fcr die Montage an Bugrollen darstellen. Der Ersatz eines Ankers durch ein \u00e4hnliches Modell kann zu Kosteneinsparungen f\u00fchren, und das Vermeiden von Modifikationen am Kopf und der Rollenanordnung kann erhebliche finanzielle Vorteile bringen. Design- und Entwicklungsteams erkennen dies, und Hersteller neuer Designs stellen oft detaillierte Abmessungen und vollst\u00e4ndige Vorlagen zur Verf\u00fcgung, um Kunden bei der Vermeidung von Installationsproblemen zu unterst\u00fctzen.<\/p>\n","protected":false},"excerpt":{"rendered":"<p>Verzinkter Toro Anker 50kg &#8211; Feuerverzinkter Stahlanker f\u00fcr weiche Meeresb\u00f6den Dieser feuerverzinkte Stahlanker wurde speziell f\u00fcr den Einsatz in weichen<\/p>\n","protected":false},"featured_media":5941611,"comment_status":"open","ping_status":"closed","template":"","meta":[],"product_brand":[3085],"product_cat":[1579],"product_tag":[],"class_list":{"0":"post-5500448","1":"product","2":"type-product","3":"status-publish","4":"has-post-thumbnail","6":"product_brand-maggigroup-de","7":"product_cat-anker-delta","9":"first","10":"instock","11":"shipping-taxable","12":"purchasable","13":"product-type-simple"},"_links":{"self":[{"href":"https:\/\/stoic-curie.212-227-153-4.plesk.page\/de\/wp-json\/wp\/v2\/product\/5500448","targetHints":{"allow":["GET"]}}],"collection":[{"href":"https:\/\/stoic-curie.212-227-153-4.plesk.page\/de\/wp-json\/wp\/v2\/product"}],"about":[{"href":"https:\/\/stoic-curie.212-227-153-4.plesk.page\/de\/wp-json\/wp\/v2\/types\/product"}],"replies":[{"embeddable":true,"href":"https:\/\/stoic-curie.212-227-153-4.plesk.page\/de\/wp-json\/wp\/v2\/comments?post=5500448"}],"version-history":[{"count":0,"href":"https:\/\/stoic-curie.212-227-153-4.plesk.page\/de\/wp-json\/wp\/v2\/product\/5500448\/revisions"}],"wp:featuredmedia":[{"embeddable":true,"href":"https:\/\/stoic-curie.212-227-153-4.plesk.page\/de\/wp-json\/wp\/v2\/media\/5941611"}],"wp:attachment":[{"href":"https:\/\/stoic-curie.212-227-153-4.plesk.page\/de\/wp-json\/wp\/v2\/media?parent=5500448"}],"wp:term":[{"taxonomy":"product_brand","embeddable":true,"href":"https:\/\/stoic-curie.212-227-153-4.plesk.page\/de\/wp-json\/wp\/v2\/product_brand?post=5500448"},{"taxonomy":"product_cat","embeddable":true,"href":"https:\/\/stoic-curie.212-227-153-4.plesk.page\/de\/wp-json\/wp\/v2\/product_cat?post=5500448"},{"taxonomy":"product_tag","embeddable":true,"href":"https:\/\/stoic-curie.212-227-153-4.plesk.page\/de\/wp-json\/wp\/v2\/product_tag?post=5500448"}],"curies":[{"name":"wp","href":"https:\/\/api.w.org\/{rel}","templated":true}]}}