{"id":5500449,"date":"2026-01-27T06:09:34","date_gmt":"2026-01-27T05:09:34","guid":{"rendered":"https:\/\/stoic-curie.212-227-153-4.plesk.page\/product\/toro-anker-feuerverzinkt-63-kg\/"},"modified":"2026-02-24T23:35:05","modified_gmt":"2026-02-24T23:35:05","slug":"toro-anker-feuerverzinkt-63-kg","status":"publish","type":"product","link":"https:\/\/stoic-curie.212-227-153-4.plesk.page\/de\/product\/toro-anker-feuerverzinkt-63-kg\/","title":{"rendered":"Toro Anker, feuerverzinkt, 63 kg"},"content":{"rendered":"<p>Toro Anker, feuerverzinkt, 63 kg &#8211; <\/p>\n<p style=\"color: rgb(34, 34, 34); font-family: Arial, Helvetica, sans-serif; font-size: small;\">Verzinkter Stahlanker f\u00fcr weiche Meeresb\u00f6den<\/p>\n<p style=\"color: rgb(34, 34, 34); font-family: Arial, Helvetica, sans-serif; font-size: small;\">Dieser verzinkte Stahlanker ist f\u00fcr den Einsatz in weichen Meeresb\u00f6den wie Sand, Schlamm und Schleim konzipiert. Die einzigartige Gewichtsverteilung an der Spitze erm\u00f6glicht es dem Anker, schnell den besten Winkel f\u00fcr das Eindringen zu finden und so einen stabilen Halt zu gew\u00e4hrleisten. Hergestellt aus hochgradigem verzinktem Manganstahl, ist dieser einteilige Anker so ausbalanciert, dass er frei von Bugrollern f\u00e4llt, was ihn ideal f\u00fcr den Einsatz mit Fernbedienungen macht. Das schwere Ballastgewicht im Zehenbereich stellt sicher, dass er beim Aufprall den Meeresboden erreicht. Wir garantieren lebenslange Bruchfestigkeit.<\/p>\n<p style=\"color: rgb(34, 34, 34); font-family: Arial, Helvetica, sans-serif; font-size: small;\"><strong>Merkmale<\/strong><\/p>\n<ul style=\"color: rgb(34, 34, 34); font-family: Arial, Helvetica, sans-serif; font-size: small;\">\n<li>Hochgradige verzinkte Manganstahlkonstruktion<\/li>\n<li>Einzigartiges Schaftprofil<\/li>\n<li>Ballastierte Spitze<\/li>\n<li>Selbststartendes Design<\/li>\n<li>Niedriger Schwerpunkt<\/li>\n<li>Selbstaufrichtende Geometrie<\/li>\n<li>Schnell einstellbar<\/li>\n<li>Konsistente und zuverl\u00e4ssige Leistung<\/li>\n<\/ul>\n<p style=\"color: rgb(34, 34, 34); font-family: Arial, Helvetica, sans-serif; font-size: small;\"><strong>Hei\u00dfdip-Verzinkte Anker<\/strong><\/p>\n<p style=\"color: rgb(34, 34, 34); font-family: Arial, Helvetica, sans-serif; font-size: small;\">Hei\u00dfdip-Verzinkung ist das beliebteste Finish f\u00fcr Anker, die auf Segel- und Motorjachten verwendet werden. Dies liegt haupts\u00e4chlich daran, dass Edelstahlanker f\u00fcr viele Segler zu teuer sein k\u00f6nnen, w\u00e4hrend Aluminium typischerweise f\u00fcr Kedgen oder sekund\u00e4re Anker aufgrund seines leichten Gewichts verwendet wird.<\/p>\n<p style=\"color: rgb(34, 34, 34); font-family: Arial, Helvetica, sans-serif; font-size: small;\">Verzinkter Stahl ist eine hervorragende Wahl f\u00fcr die Ankerproduktion, da er stark, schwer, langlebig in maritimen Umgebungen, relativ erschwinglich und in komplexe Designs formbar ist.<\/p>\n<p style=\"color: rgb(34, 34, 34); font-family: Arial, Helvetica, sans-serif; font-size: small;\">W\u00e4hrend technologisch fortschrittliche Anker der neuen Generation mit hoher Haltekraft heute beliebt sind, sind traditionelle Designs nach wie vor erh\u00e4ltlich f\u00fcr diejenigen, die eine klassische Form und ein klassisches Profil bevorzugen.<\/p>\n<p style=\"color: rgb(34, 34, 34); font-family: Arial, Helvetica, sans-serif; font-size: small;\"><strong>Kompatibilit\u00e4t mit Bugrollern<\/strong><\/p>\n<p style=\"color: rgb(34, 34, 34); font-family: Arial, Helvetica, sans-serif; font-size: small;\">\u00c4ltere Ankerdesigns bestehen normalerweise aus verzinktem Stahl. Obwohl sie m\u00f6glicherweise nicht die fortschrittliche Leistung neuerer Modelle bieten, k\u00f6nnen sie eine kosteng\u00fcnstigere Option f\u00fcr die Montage auf Bugrollern sein. Der Austausch eines Ankers durch ein \u00e4hnliches Modell kann Geld sparen, und das Vermeiden von \u00c4nderungen an der Steven- und Rollenanordnung kann zu erheblichen Einsparungen f\u00fchren. Design- und Entwicklungsteams sind sich dessen bewusst, und Hersteller neuer Designs stellen oft detaillierte Ma\u00dfe und vollformatige Vorlagen zur Verf\u00fcgung, um den Kunden zu helfen, Installationsprobleme zu vermeiden.<\/p>\n","protected":false},"excerpt":{"rendered":"<p>Toro Anker, feuerverzinkt, 63 kg &#8211; Verzinkter Stahlanker f\u00fcr weiche Meeresb\u00f6den Dieser verzinkte Stahlanker ist f\u00fcr den Einsatz in weichen<\/p>\n","protected":false},"featured_media":5941611,"comment_status":"open","ping_status":"closed","template":"","meta":[],"product_brand":[3085],"product_cat":[1579],"product_tag":[],"class_list":{"0":"post-5500449","1":"product","2":"type-product","3":"status-publish","4":"has-post-thumbnail","6":"product_brand-maggigroup-de","7":"product_cat-anker-delta","9":"first","10":"instock","11":"shipping-taxable","12":"purchasable","13":"product-type-simple"},"_links":{"self":[{"href":"https:\/\/stoic-curie.212-227-153-4.plesk.page\/de\/wp-json\/wp\/v2\/product\/5500449","targetHints":{"allow":["GET"]}}],"collection":[{"href":"https:\/\/stoic-curie.212-227-153-4.plesk.page\/de\/wp-json\/wp\/v2\/product"}],"about":[{"href":"https:\/\/stoic-curie.212-227-153-4.plesk.page\/de\/wp-json\/wp\/v2\/types\/product"}],"replies":[{"embeddable":true,"href":"https:\/\/stoic-curie.212-227-153-4.plesk.page\/de\/wp-json\/wp\/v2\/comments?post=5500449"}],"version-history":[{"count":0,"href":"https:\/\/stoic-curie.212-227-153-4.plesk.page\/de\/wp-json\/wp\/v2\/product\/5500449\/revisions"}],"wp:featuredmedia":[{"embeddable":true,"href":"https:\/\/stoic-curie.212-227-153-4.plesk.page\/de\/wp-json\/wp\/v2\/media\/5941611"}],"wp:attachment":[{"href":"https:\/\/stoic-curie.212-227-153-4.plesk.page\/de\/wp-json\/wp\/v2\/media?parent=5500449"}],"wp:term":[{"taxonomy":"product_brand","embeddable":true,"href":"https:\/\/stoic-curie.212-227-153-4.plesk.page\/de\/wp-json\/wp\/v2\/product_brand?post=5500449"},{"taxonomy":"product_cat","embeddable":true,"href":"https:\/\/stoic-curie.212-227-153-4.plesk.page\/de\/wp-json\/wp\/v2\/product_cat?post=5500449"},{"taxonomy":"product_tag","embeddable":true,"href":"https:\/\/stoic-curie.212-227-153-4.plesk.page\/de\/wp-json\/wp\/v2\/product_tag?post=5500449"}],"curies":[{"name":"wp","href":"https:\/\/api.w.org\/{rel}","templated":true}]}}