{"id":5500451,"date":"2026-01-27T06:09:36","date_gmt":"2026-01-27T05:09:36","guid":{"rendered":"https:\/\/stoic-curie.212-227-153-4.plesk.page\/product\/63-kg-edelstahl-anker-toro\/"},"modified":"2026-02-24T23:35:05","modified_gmt":"2026-02-24T23:35:05","slug":"63-kg-edelstahl-anker-toro","status":"publish","type":"product","link":"https:\/\/stoic-curie.212-227-153-4.plesk.page\/de\/product\/63-kg-edelstahl-anker-toro\/","title":{"rendered":"63 kg Edelstahl-Anker Toro"},"content":{"rendered":"<p>63 kg Edelstahl-Anker Toro &#8211; <\/p>\n<p>Der Toro-Anker, hergestellt aus hochwertigem AISI 316 Edelstahl, ist speziell f\u00fcr den Einsatz in weichen Meeresb\u00f6den wie Sand, Schlamm und Schleim konzipiert. Die innovative Gewichtsverteilung an der Spitze erm\u00f6glicht es, schnell den optimalen Eindringwinkel zu erreichen und sorgt f\u00fcr einen sicheren Halt. Das charakteristische Schaftprofil und die ballaste Spitze erm\u00f6glichen ein m\u00fcheloses Aussetzen des Toro-Ankers. Mit einem tiefen Schwerpunkt und einer selbstaufrichtenden Geometrie setzt sich der Toro-Anker sofort nach dem Loslassen.<\/p>\n<p>Das Anker wird f\u00fcr seine gleichm\u00e4\u00dfige und zuverl\u00e4ssige Leistung anerkannt und hat die allgemeine Genehmigung von Lloyd&#8217;s Register als Anker mit hoher Haltekraft erhalten und ist die bevorzugte Wahl f\u00fcr zahlreiche nationale Seenotrettungsorganisationen. F\u00fcr diejenigen, die verbesserte Haltbarkeit suchen, ist auch eine Ausf\u00fchrung aus hochwertigem Duplex\/hochfestem Edelstahl erh\u00e4ltlich.<\/p>\n<p>Alle Toro-Anker sind durch eine lebenslange Garantie gegen Bruch abgesichert, und eine Lloyd&#8217;s-Testzertifizierung kann f\u00fcr einzelne Delta-Anker arrangiert werden.<\/p>\n<p><strong>Bitte beachten Sie, dass Sch\u00e4den durch Verformung oder Biegen nicht in dieser Garantie enthalten sind.<\/strong><\/p>\n<p><strong>Hauptmerkmale:<\/strong><\/p>\n<ul>\n<li>Hergestellt aus hochgradigem Manganstahl<\/li>\n<li>Selbststartendes Design<\/li>\n<li>Lloyd&#8217;s Register Typgenehmigung<\/li>\n<li>Lebenslange Garantie gegen Bruch<\/li>\n<li>Lloyd&#8217;s Testzertifizierung verf\u00fcgbar<\/li>\n<\/ul>\n","protected":false},"excerpt":{"rendered":"<p>63 kg Edelstahl-Anker Toro &#8211; Der Toro-Anker, hergestellt aus hochwertigem AISI 316 Edelstahl, ist speziell f\u00fcr den Einsatz in weichen<\/p>\n","protected":false},"featured_media":5941612,"comment_status":"open","ping_status":"closed","template":"","meta":[],"product_brand":[3085],"product_cat":[1579],"product_tag":[],"class_list":{"0":"post-5500451","1":"product","2":"type-product","3":"status-publish","4":"has-post-thumbnail","6":"product_brand-maggigroup-de","7":"product_cat-anker-delta","9":"first","10":"instock","11":"shipping-taxable","12":"purchasable","13":"product-type-simple"},"_links":{"self":[{"href":"https:\/\/stoic-curie.212-227-153-4.plesk.page\/de\/wp-json\/wp\/v2\/product\/5500451","targetHints":{"allow":["GET"]}}],"collection":[{"href":"https:\/\/stoic-curie.212-227-153-4.plesk.page\/de\/wp-json\/wp\/v2\/product"}],"about":[{"href":"https:\/\/stoic-curie.212-227-153-4.plesk.page\/de\/wp-json\/wp\/v2\/types\/product"}],"replies":[{"embeddable":true,"href":"https:\/\/stoic-curie.212-227-153-4.plesk.page\/de\/wp-json\/wp\/v2\/comments?post=5500451"}],"version-history":[{"count":0,"href":"https:\/\/stoic-curie.212-227-153-4.plesk.page\/de\/wp-json\/wp\/v2\/product\/5500451\/revisions"}],"wp:featuredmedia":[{"embeddable":true,"href":"https:\/\/stoic-curie.212-227-153-4.plesk.page\/de\/wp-json\/wp\/v2\/media\/5941612"}],"wp:attachment":[{"href":"https:\/\/stoic-curie.212-227-153-4.plesk.page\/de\/wp-json\/wp\/v2\/media?parent=5500451"}],"wp:term":[{"taxonomy":"product_brand","embeddable":true,"href":"https:\/\/stoic-curie.212-227-153-4.plesk.page\/de\/wp-json\/wp\/v2\/product_brand?post=5500451"},{"taxonomy":"product_cat","embeddable":true,"href":"https:\/\/stoic-curie.212-227-153-4.plesk.page\/de\/wp-json\/wp\/v2\/product_cat?post=5500451"},{"taxonomy":"product_tag","embeddable":true,"href":"https:\/\/stoic-curie.212-227-153-4.plesk.page\/de\/wp-json\/wp\/v2\/product_tag?post=5500451"}],"curies":[{"name":"wp","href":"https:\/\/api.w.org\/{rel}","templated":true}]}}