{"id":5500452,"date":"2026-01-27T06:09:37","date_gmt":"2026-01-27T05:09:37","guid":{"rendered":"https:\/\/stoic-curie.212-227-153-4.plesk.page\/product\/aufblasbares-schleppspielzeug-jobe-binar-2-personen\/"},"modified":"2026-02-24T23:35:05","modified_gmt":"2026-02-24T23:35:05","slug":"aufblasbares-schleppspielzeug-jobe-binar-2-personen","status":"publish","type":"product","link":"https:\/\/stoic-curie.212-227-153-4.plesk.page\/de\/product\/aufblasbares-schleppspielzeug-jobe-binar-2-personen\/","title":{"rendered":"Aufblasbares Schleppspielzeug Jobe Binar, 2 Personen"},"content":{"rendered":"<p>Aufblasbares Schleppspielzeug Jobe Binar, 2 Personen &#8211; <\/p>\n<p>Aufblasbare und entspannende Couch, hergestellt aus widerstandsf\u00e4higem 28G PVC mit einem sch\u00fctzenden \u00dcberzug aus 840D Nylon. Verst\u00e4rkter Ziehring, Boston-Ventil, 7 gepolsterte Griffe mit Neopren-Schutz und gepolsterter Sitz mit zwei zus\u00e4tzlichen Neoprengriffen. Mit 3 Jahren Garantie nach Registrierung auf der Jobe-Website.<\/p>\n","protected":false},"excerpt":{"rendered":"<p>Aufblasbares Schleppspielzeug Jobe Binar, 2 Personen &#8211; Aufblasbare und entspannende Couch, hergestellt aus widerstandsf\u00e4higem 28G PVC mit einem sch\u00fctzenden \u00dcberzug<\/p>\n","protected":false},"featured_media":5944182,"comment_status":"open","ping_status":"closed","template":"","meta":[],"product_brand":[3040],"product_cat":[1559],"product_tag":[],"class_list":{"0":"post-5500452","1":"product","2":"type-product","3":"status-publish","4":"has-post-thumbnail","6":"product_brand-jobe-sports-de","7":"product_cat-wasserski-zubehoer","9":"first","10":"outofstock","11":"shipping-taxable","12":"purchasable","13":"product-type-simple"},"_links":{"self":[{"href":"https:\/\/stoic-curie.212-227-153-4.plesk.page\/de\/wp-json\/wp\/v2\/product\/5500452","targetHints":{"allow":["GET"]}}],"collection":[{"href":"https:\/\/stoic-curie.212-227-153-4.plesk.page\/de\/wp-json\/wp\/v2\/product"}],"about":[{"href":"https:\/\/stoic-curie.212-227-153-4.plesk.page\/de\/wp-json\/wp\/v2\/types\/product"}],"replies":[{"embeddable":true,"href":"https:\/\/stoic-curie.212-227-153-4.plesk.page\/de\/wp-json\/wp\/v2\/comments?post=5500452"}],"version-history":[{"count":0,"href":"https:\/\/stoic-curie.212-227-153-4.plesk.page\/de\/wp-json\/wp\/v2\/product\/5500452\/revisions"}],"wp:featuredmedia":[{"embeddable":true,"href":"https:\/\/stoic-curie.212-227-153-4.plesk.page\/de\/wp-json\/wp\/v2\/media\/5944182"}],"wp:attachment":[{"href":"https:\/\/stoic-curie.212-227-153-4.plesk.page\/de\/wp-json\/wp\/v2\/media?parent=5500452"}],"wp:term":[{"taxonomy":"product_brand","embeddable":true,"href":"https:\/\/stoic-curie.212-227-153-4.plesk.page\/de\/wp-json\/wp\/v2\/product_brand?post=5500452"},{"taxonomy":"product_cat","embeddable":true,"href":"https:\/\/stoic-curie.212-227-153-4.plesk.page\/de\/wp-json\/wp\/v2\/product_cat?post=5500452"},{"taxonomy":"product_tag","embeddable":true,"href":"https:\/\/stoic-curie.212-227-153-4.plesk.page\/de\/wp-json\/wp\/v2\/product_tag?post=5500452"}],"curies":[{"name":"wp","href":"https:\/\/api.w.org\/{rel}","templated":true}]}}