{"id":5500457,"date":"2026-01-27T06:09:56","date_gmt":"2026-01-27T05:09:56","guid":{"rendered":"https:\/\/stoic-curie.212-227-153-4.plesk.page\/product\/lukenrahmen-groesse-40\/"},"modified":"2026-02-24T23:35:10","modified_gmt":"2026-02-24T23:35:10","slug":"lukenrahmen-groesse-40","status":"publish","type":"product","link":"https:\/\/stoic-curie.212-227-153-4.plesk.page\/de\/product\/lukenrahmen-groesse-40\/","title":{"rendered":"Lukenrahmen Gr\u00f6\u00dfe 40"},"content":{"rendered":"<p>Lukenrahmen Gr\u00f6\u00dfe 40 &#8211; <\/p>\n<p>Zubeh\u00f6r f\u00fcr quadratische Luken.<\/p>\n","protected":false},"excerpt":{"rendered":"<p>Lukenrahmen Gr\u00f6\u00dfe 40 &#8211; Zubeh\u00f6r f\u00fcr quadratische Luken.<\/p>\n","protected":false},"featured_media":5945328,"comment_status":"open","ping_status":"closed","template":"","meta":[],"product_brand":[2855],"product_cat":[1415],"product_tag":[],"class_list":{"0":"post-5500457","1":"product","2":"type-product","3":"status-publish","4":"has-post-thumbnail","6":"product_brand-can-marine-de","7":"product_cat-bootsluken","9":"first","10":"instock","11":"shipping-taxable","12":"purchasable","13":"product-type-simple"},"_links":{"self":[{"href":"https:\/\/stoic-curie.212-227-153-4.plesk.page\/de\/wp-json\/wp\/v2\/product\/5500457","targetHints":{"allow":["GET"]}}],"collection":[{"href":"https:\/\/stoic-curie.212-227-153-4.plesk.page\/de\/wp-json\/wp\/v2\/product"}],"about":[{"href":"https:\/\/stoic-curie.212-227-153-4.plesk.page\/de\/wp-json\/wp\/v2\/types\/product"}],"replies":[{"embeddable":true,"href":"https:\/\/stoic-curie.212-227-153-4.plesk.page\/de\/wp-json\/wp\/v2\/comments?post=5500457"}],"version-history":[{"count":0,"href":"https:\/\/stoic-curie.212-227-153-4.plesk.page\/de\/wp-json\/wp\/v2\/product\/5500457\/revisions"}],"wp:featuredmedia":[{"embeddable":true,"href":"https:\/\/stoic-curie.212-227-153-4.plesk.page\/de\/wp-json\/wp\/v2\/media\/5945328"}],"wp:attachment":[{"href":"https:\/\/stoic-curie.212-227-153-4.plesk.page\/de\/wp-json\/wp\/v2\/media?parent=5500457"}],"wp:term":[{"taxonomy":"product_brand","embeddable":true,"href":"https:\/\/stoic-curie.212-227-153-4.plesk.page\/de\/wp-json\/wp\/v2\/product_brand?post=5500457"},{"taxonomy":"product_cat","embeddable":true,"href":"https:\/\/stoic-curie.212-227-153-4.plesk.page\/de\/wp-json\/wp\/v2\/product_cat?post=5500457"},{"taxonomy":"product_tag","embeddable":true,"href":"https:\/\/stoic-curie.212-227-153-4.plesk.page\/de\/wp-json\/wp\/v2\/product_tag?post=5500457"}],"curies":[{"name":"wp","href":"https:\/\/api.w.org\/{rel}","templated":true}]}}