{"id":5500470,"date":"2026-01-27T06:10:17","date_gmt":"2026-01-27T05:10:17","guid":{"rendered":"https:\/\/stoic-curie.212-227-153-4.plesk.page\/product\/marinebatterie-vetus-smf-230-ah\/"},"modified":"2026-02-24T23:35:12","modified_gmt":"2026-02-24T23:35:12","slug":"marinebatterie-vetus-smf-230-ah","status":"publish","type":"product","link":"https:\/\/stoic-curie.212-227-153-4.plesk.page\/de\/product\/marinebatterie-vetus-smf-230-ah\/","title":{"rendered":"Marinebatterie Vetus SMF 230 Ah"},"content":{"rendered":"<p>Marinebatterie Vetus SMF 230 Ah &#8211; <\/p>\n<p>Die Vetus SMF (wartungsfreie, versiegelte) Batterien erfordern keine Wartung. Sie sind f\u00fcr den maritimen Einsatz konzipiert und weisen eine geringe Selbstentladung auf, sodass sie ideal f\u00fcr den Motorneustart zu Beginn der n\u00e4chsten Saison sind. Sie sind mit Bleicalciumplatten ausgestattet, die den Wasserverbrauch reduzieren und Gase, die w\u00e4hrend des Betriebs entstehen, regenerieren.<\/p>\n","protected":false},"excerpt":{"rendered":"<p>Marinebatterie Vetus SMF 230 Ah &#8211; Die Vetus SMF (wartungsfreie, versiegelte) Batterien erfordern keine Wartung. Sie sind f\u00fcr den maritimen<\/p>\n","protected":false},"featured_media":5946030,"comment_status":"open","ping_status":"closed","template":"","meta":[],"product_brand":[3520],"product_cat":[1442],"product_tag":[],"class_list":{"0":"post-5500470","1":"product","2":"type-product","3":"status-publish","4":"has-post-thumbnail","6":"product_brand-vetus-de","7":"product_cat-bootsbatterien","9":"first","10":"instock","11":"shipping-taxable","12":"purchasable","13":"product-type-simple"},"_links":{"self":[{"href":"https:\/\/stoic-curie.212-227-153-4.plesk.page\/de\/wp-json\/wp\/v2\/product\/5500470","targetHints":{"allow":["GET"]}}],"collection":[{"href":"https:\/\/stoic-curie.212-227-153-4.plesk.page\/de\/wp-json\/wp\/v2\/product"}],"about":[{"href":"https:\/\/stoic-curie.212-227-153-4.plesk.page\/de\/wp-json\/wp\/v2\/types\/product"}],"replies":[{"embeddable":true,"href":"https:\/\/stoic-curie.212-227-153-4.plesk.page\/de\/wp-json\/wp\/v2\/comments?post=5500470"}],"version-history":[{"count":0,"href":"https:\/\/stoic-curie.212-227-153-4.plesk.page\/de\/wp-json\/wp\/v2\/product\/5500470\/revisions"}],"wp:featuredmedia":[{"embeddable":true,"href":"https:\/\/stoic-curie.212-227-153-4.plesk.page\/de\/wp-json\/wp\/v2\/media\/5946030"}],"wp:attachment":[{"href":"https:\/\/stoic-curie.212-227-153-4.plesk.page\/de\/wp-json\/wp\/v2\/media?parent=5500470"}],"wp:term":[{"taxonomy":"product_brand","embeddable":true,"href":"https:\/\/stoic-curie.212-227-153-4.plesk.page\/de\/wp-json\/wp\/v2\/product_brand?post=5500470"},{"taxonomy":"product_cat","embeddable":true,"href":"https:\/\/stoic-curie.212-227-153-4.plesk.page\/de\/wp-json\/wp\/v2\/product_cat?post=5500470"},{"taxonomy":"product_tag","embeddable":true,"href":"https:\/\/stoic-curie.212-227-153-4.plesk.page\/de\/wp-json\/wp\/v2\/product_tag?post=5500470"}],"curies":[{"name":"wp","href":"https:\/\/api.w.org\/{rel}","templated":true}]}}