{"id":5500473,"date":"2026-01-27T06:10:23","date_gmt":"2026-01-27T05:10:23","guid":{"rendered":"https:\/\/stoic-curie.212-227-153-4.plesk.page\/product\/schuhe-orca-bay-belgravia-42\/"},"modified":"2026-02-24T23:35:16","modified_gmt":"2026-02-24T23:35:16","slug":"schuhe-orca-bay-belgravia-42","status":"publish","type":"product","link":"https:\/\/stoic-curie.212-227-153-4.plesk.page\/de\/product\/schuhe-orca-bay-belgravia-42\/","title":{"rendered":"Schuhe Orca bay Belgravia 42"},"content":{"rendered":"<p>Schuhe Orca bay Belgravia 42 &#8211; <\/p>\n<p>Eleganter Belgravia Leder Sneaker, leicht und komfortabel. Rutschfeste, nicht abf\u00e4rbende wei\u00dfe Gummisohle. Stoffsenkel, rostfreie \u00d6sen und EVA-gepolsterte Fersenschale.<\/p>\n","protected":false},"excerpt":{"rendered":"<p>Schuhe Orca bay Belgravia 42 &#8211; Eleganter Belgravia Leder Sneaker, leicht und komfortabel. Rutschfeste, nicht abf\u00e4rbende wei\u00dfe Gummisohle. Stoffsenkel, rostfreie<\/p>\n","protected":false},"featured_media":5946935,"comment_status":"open","ping_status":"closed","template":"","meta":[],"product_brand":[3230],"product_cat":[1573],"product_tag":[],"class_list":{"0":"post-5500473","1":"product","2":"type-product","3":"status-publish","4":"has-post-thumbnail","6":"product_brand-orca-bay-de","7":"product_cat-nautische-schuhe","9":"first","10":"instock","11":"shipping-taxable","12":"purchasable","13":"product-type-simple"},"_links":{"self":[{"href":"https:\/\/stoic-curie.212-227-153-4.plesk.page\/de\/wp-json\/wp\/v2\/product\/5500473","targetHints":{"allow":["GET"]}}],"collection":[{"href":"https:\/\/stoic-curie.212-227-153-4.plesk.page\/de\/wp-json\/wp\/v2\/product"}],"about":[{"href":"https:\/\/stoic-curie.212-227-153-4.plesk.page\/de\/wp-json\/wp\/v2\/types\/product"}],"replies":[{"embeddable":true,"href":"https:\/\/stoic-curie.212-227-153-4.plesk.page\/de\/wp-json\/wp\/v2\/comments?post=5500473"}],"version-history":[{"count":0,"href":"https:\/\/stoic-curie.212-227-153-4.plesk.page\/de\/wp-json\/wp\/v2\/product\/5500473\/revisions"}],"wp:featuredmedia":[{"embeddable":true,"href":"https:\/\/stoic-curie.212-227-153-4.plesk.page\/de\/wp-json\/wp\/v2\/media\/5946935"}],"wp:attachment":[{"href":"https:\/\/stoic-curie.212-227-153-4.plesk.page\/de\/wp-json\/wp\/v2\/media?parent=5500473"}],"wp:term":[{"taxonomy":"product_brand","embeddable":true,"href":"https:\/\/stoic-curie.212-227-153-4.plesk.page\/de\/wp-json\/wp\/v2\/product_brand?post=5500473"},{"taxonomy":"product_cat","embeddable":true,"href":"https:\/\/stoic-curie.212-227-153-4.plesk.page\/de\/wp-json\/wp\/v2\/product_cat?post=5500473"},{"taxonomy":"product_tag","embeddable":true,"href":"https:\/\/stoic-curie.212-227-153-4.plesk.page\/de\/wp-json\/wp\/v2\/product_tag?post=5500473"}],"curies":[{"name":"wp","href":"https:\/\/api.w.org\/{rel}","templated":true}]}}