{"id":5500480,"date":"2026-01-27T06:10:39","date_gmt":"2026-01-27T05:10:39","guid":{"rendered":"https:\/\/stoic-curie.212-227-153-4.plesk.page\/product\/rostfreie-platten-uflex-304-x-228mm\/"},"modified":"2026-02-24T23:35:26","modified_gmt":"2026-02-24T23:35:26","slug":"rostfreie-platten-uflex-304-x-228mm","status":"publish","type":"product","link":"https:\/\/stoic-curie.212-227-153-4.plesk.page\/de\/product\/rostfreie-platten-uflex-304-x-228mm\/","title":{"rendered":"Rostfreie Platten Uflex 304 x 228mm"},"content":{"rendered":"<p>Rostfreie Platten Uflex 304 x 228mm &#8211; <\/p>\n<p>Wartungsfreies und einfach zu installierendes elektromagnetisches 12V Uflex Trim-Kit. Es ben\u00f6tigt keine elektrische oder hydraulische Steuereinheit und keine Rohrleitungen. Das Bedienfeld mit Joystick erm\u00f6glicht das Ausrichten der Tabs zur Anpassung der Roll- und Nicklage. Die Steuerbox beinhaltet auch die Auto-Align-Funktion zur automatischen Anpassung der Klappen, wenn sie deaktiviert ist, und kann auch als Schalter f\u00fcr einen m\u00f6glichen zweiten Joystick-Standort verwendet werden. Das Kit umfasst zwei AT-Aktoren und die Steuerbox mit verchromtem Joystick. Die Edelstahlplatten m\u00fcssen separat erworben werden, sie k\u00f6nnen standardm\u00e4\u00dfig oder mit einem spiegelpolierten Hochleistungsprofil erh\u00e4ltlich sein.<\/p>\n<p>&#8211; Verbessert den Kraftstoffverbrauch und den Komfort der Passagiere<br \/>&#8211; Tabs, die selbst unter den anspruchsvollsten Seebedingungen langlebig sind<br \/>&#8211; Installation mit nur einem kleinen Loch pro Tab durch den Heckbereich<\/p>\n","protected":false},"excerpt":{"rendered":"<p>Rostfreie Platten Uflex 304 x 228mm &#8211; Wartungsfreies und einfach zu installierendes elektromagnetisches 12V Uflex Trim-Kit. Es ben\u00f6tigt keine elektrische<\/p>\n","protected":false},"featured_media":5948740,"comment_status":"open","ping_status":"closed","template":"","meta":[],"product_brand":[3500],"product_cat":[1519],"product_tag":[],"class_list":{"0":"post-5500480","1":"product","2":"type-product","3":"status-publish","4":"has-post-thumbnail","6":"product_brand-ultraflex-uflex-de","7":"product_cat-trimklappen","9":"first","10":"instock","11":"shipping-taxable","12":"purchasable","13":"product-type-simple"},"_links":{"self":[{"href":"https:\/\/stoic-curie.212-227-153-4.plesk.page\/de\/wp-json\/wp\/v2\/product\/5500480","targetHints":{"allow":["GET"]}}],"collection":[{"href":"https:\/\/stoic-curie.212-227-153-4.plesk.page\/de\/wp-json\/wp\/v2\/product"}],"about":[{"href":"https:\/\/stoic-curie.212-227-153-4.plesk.page\/de\/wp-json\/wp\/v2\/types\/product"}],"replies":[{"embeddable":true,"href":"https:\/\/stoic-curie.212-227-153-4.plesk.page\/de\/wp-json\/wp\/v2\/comments?post=5500480"}],"version-history":[{"count":0,"href":"https:\/\/stoic-curie.212-227-153-4.plesk.page\/de\/wp-json\/wp\/v2\/product\/5500480\/revisions"}],"wp:featuredmedia":[{"embeddable":true,"href":"https:\/\/stoic-curie.212-227-153-4.plesk.page\/de\/wp-json\/wp\/v2\/media\/5948740"}],"wp:attachment":[{"href":"https:\/\/stoic-curie.212-227-153-4.plesk.page\/de\/wp-json\/wp\/v2\/media?parent=5500480"}],"wp:term":[{"taxonomy":"product_brand","embeddable":true,"href":"https:\/\/stoic-curie.212-227-153-4.plesk.page\/de\/wp-json\/wp\/v2\/product_brand?post=5500480"},{"taxonomy":"product_cat","embeddable":true,"href":"https:\/\/stoic-curie.212-227-153-4.plesk.page\/de\/wp-json\/wp\/v2\/product_cat?post=5500480"},{"taxonomy":"product_tag","embeddable":true,"href":"https:\/\/stoic-curie.212-227-153-4.plesk.page\/de\/wp-json\/wp\/v2\/product_tag?post=5500480"}],"curies":[{"name":"wp","href":"https:\/\/api.w.org\/{rel}","templated":true}]}}