{"id":5500490,"date":"2026-01-27T06:11:00","date_gmt":"2026-01-27T05:11:00","guid":{"rendered":"https:\/\/stoic-curie.212-227-153-4.plesk.page\/product\/ocean-ultra-slim-silent-electric-toilet-v12\/"},"modified":"2026-02-24T23:35:26","modified_gmt":"2026-02-24T23:35:26","slug":"ocean-ultra-slim-silent-electric-toilet-v12","status":"publish","type":"product","link":"https:\/\/stoic-curie.212-227-153-4.plesk.page\/de\/product\/ocean-ultra-slim-silent-electric-toilet-v12\/","title":{"rendered":"Ocean Ultra Slim Silent Electric Toilet V12"},"content":{"rendered":"<p>Ocean Ultra Slim Silent Electric Toilet V12 &#8211; <\/p>\n<p>Ocean Ultra Slim Bevelled Silent elektrische Vakuumtoilet<br \/>\u2022 Ultra-leiser Hydrovakuum-Ablass<br \/>\u2022 Kurze Basis mit schr\u00e4gem R\u00fccken f\u00fcr die Installation in engen R\u00e4umen gegen den Rumpf<br \/>\u2022 Bequemer Sitz vergleichbar mit einem Haushalts-WC<br \/>\u2022 Automatische Wasser-Kontroll-\/Entladefunktion mit minimalem Verbrauch<br \/>\u2022 Wird mit Standardsteuerpanel geliefert<br \/>\u2022 Thermoset-Sitz mit sanft schlie\u00dfendem Mechanismus<br \/>\u2022 Zerkleinerungsablass mit bis zu 5 Metern H\u00f6henunterschied<br \/>\u2022 Kann \u00fcber oder unter der Wasserlinie installiert werden<br \/>Kann mit einer Wasseraufnahme-Pumpe vervollst\u00e4ndigt werden.<br \/>F\u00fcr mehrere in Reihe installierte Toiletten sind eine Wasseraufnahme-Pumpe f\u00fcr alle und ein Magnetventil pro Toilette erforderlich.<br \/>Einlass 19 mm (3\/4&#8243;), Auslass 25\/38 mm (1&#8243;\u20131 1\/2&#8243;), Verbrauch 25A (12V).<\/p>\n","protected":false},"excerpt":{"rendered":"<p>Ocean Ultra Slim Silent Electric Toilet V12 &#8211; Ocean Ultra Slim Bevelled Silent elektrische Vakuumtoilet\u2022 Ultra-leiser Hydrovakuum-Ablass\u2022 Kurze Basis mit<\/p>\n","protected":false},"featured_media":5949236,"comment_status":"open","ping_status":"closed","template":"","meta":[],"product_brand":[3140],"product_cat":[1388],"product_tag":[],"class_list":{"0":"post-5500490","1":"product","2":"type-product","3":"status-publish","4":"has-post-thumbnail","6":"product_brand-matromarine-de","7":"product_cat-marine-wcs","9":"first","10":"instock","11":"shipping-taxable","12":"purchasable","13":"product-type-simple"},"_links":{"self":[{"href":"https:\/\/stoic-curie.212-227-153-4.plesk.page\/de\/wp-json\/wp\/v2\/product\/5500490","targetHints":{"allow":["GET"]}}],"collection":[{"href":"https:\/\/stoic-curie.212-227-153-4.plesk.page\/de\/wp-json\/wp\/v2\/product"}],"about":[{"href":"https:\/\/stoic-curie.212-227-153-4.plesk.page\/de\/wp-json\/wp\/v2\/types\/product"}],"replies":[{"embeddable":true,"href":"https:\/\/stoic-curie.212-227-153-4.plesk.page\/de\/wp-json\/wp\/v2\/comments?post=5500490"}],"version-history":[{"count":0,"href":"https:\/\/stoic-curie.212-227-153-4.plesk.page\/de\/wp-json\/wp\/v2\/product\/5500490\/revisions"}],"wp:featuredmedia":[{"embeddable":true,"href":"https:\/\/stoic-curie.212-227-153-4.plesk.page\/de\/wp-json\/wp\/v2\/media\/5949236"}],"wp:attachment":[{"href":"https:\/\/stoic-curie.212-227-153-4.plesk.page\/de\/wp-json\/wp\/v2\/media?parent=5500490"}],"wp:term":[{"taxonomy":"product_brand","embeddable":true,"href":"https:\/\/stoic-curie.212-227-153-4.plesk.page\/de\/wp-json\/wp\/v2\/product_brand?post=5500490"},{"taxonomy":"product_cat","embeddable":true,"href":"https:\/\/stoic-curie.212-227-153-4.plesk.page\/de\/wp-json\/wp\/v2\/product_cat?post=5500490"},{"taxonomy":"product_tag","embeddable":true,"href":"https:\/\/stoic-curie.212-227-153-4.plesk.page\/de\/wp-json\/wp\/v2\/product_tag?post=5500490"}],"curies":[{"name":"wp","href":"https:\/\/api.w.org\/{rel}","templated":true}]}}