{"id":5500491,"date":"2026-01-27T06:11:01","date_gmt":"2026-01-27T05:11:01","guid":{"rendered":"https:\/\/stoic-curie.212-227-153-4.plesk.page\/product\/ocean-ultra-slim-lautloses-elektrisches-toilettensystem-v24\/"},"modified":"2026-02-24T23:35:26","modified_gmt":"2026-02-24T23:35:26","slug":"ocean-ultra-slim-lautloses-elektrisches-toilettensystem-v24","status":"publish","type":"product","link":"https:\/\/stoic-curie.212-227-153-4.plesk.page\/de\/product\/ocean-ultra-slim-lautloses-elektrisches-toilettensystem-v24\/","title":{"rendered":"Ocean Ultra Slim Lautloses Elektrisches Toilettensystem V24"},"content":{"rendered":"<p>Ocean Ultra Slim Lautloses Elektrisches Toilettensystem V24 &#8211; <\/p>\n<p>Ocean Ultra Slim Geformtes Lautloses Elektrisches Vakuumtoilet<br \/>\u2022 Ultra-leiser Hydrovakuum-Abfluss<br \/>\u2022 Kurze Basis mit schr\u00e4gem R\u00fccken f\u00fcr die Installation in engen R\u00e4umen am Rumpf<br \/>\u2022 Bequemer Sitz vergleichbar mit einem Haushaltswc<br \/>\u2022 Automatische Wasserzufuhr\/-entleerung mit minimalem Verbrauch<br \/>\u2022 Wird mit Standard-Bedienfeld geliefert<br \/>\u2022 Thermoset-Sitz mit sanftem Schlie\u00dfmechanismus<br \/>\u2022 Zerkleinerer mit Ablauf bis zu einer H\u00f6henunterschied von 5 Metern<br \/>\u2022 Kann oberhalb oder unterhalb der Wasserlinie installiert werden<br \/>Bitte mit einer Wasserentnahmepumpe erg\u00e4nzen.<br \/>F\u00fcr mehrere in Reihe installierte Toiletten verwenden Sie eine Wasserentnahmepumpe f\u00fcr alle und ein Magnetventil pro Toilette.<br \/>Zufluss 19 mm (3\/4&#8243;), Abfluss 25\/38 mm (1&#8243;\u20131 1\/2&#8243;), Verbrauch 25A (12V).<\/p>\n","protected":false},"excerpt":{"rendered":"<p>Ocean Ultra Slim Lautloses Elektrisches Toilettensystem V24 &#8211; Ocean Ultra Slim Geformtes Lautloses Elektrisches Vakuumtoilet\u2022 Ultra-leiser Hydrovakuum-Abfluss\u2022 Kurze Basis mit<\/p>\n","protected":false},"featured_media":5949236,"comment_status":"open","ping_status":"closed","template":"","meta":[],"product_brand":[3140],"product_cat":[1388],"product_tag":[],"class_list":{"0":"post-5500491","1":"product","2":"type-product","3":"status-publish","4":"has-post-thumbnail","6":"product_brand-matromarine-de","7":"product_cat-marine-wcs","9":"first","10":"instock","11":"shipping-taxable","12":"purchasable","13":"product-type-simple"},"_links":{"self":[{"href":"https:\/\/stoic-curie.212-227-153-4.plesk.page\/de\/wp-json\/wp\/v2\/product\/5500491","targetHints":{"allow":["GET"]}}],"collection":[{"href":"https:\/\/stoic-curie.212-227-153-4.plesk.page\/de\/wp-json\/wp\/v2\/product"}],"about":[{"href":"https:\/\/stoic-curie.212-227-153-4.plesk.page\/de\/wp-json\/wp\/v2\/types\/product"}],"replies":[{"embeddable":true,"href":"https:\/\/stoic-curie.212-227-153-4.plesk.page\/de\/wp-json\/wp\/v2\/comments?post=5500491"}],"version-history":[{"count":0,"href":"https:\/\/stoic-curie.212-227-153-4.plesk.page\/de\/wp-json\/wp\/v2\/product\/5500491\/revisions"}],"wp:featuredmedia":[{"embeddable":true,"href":"https:\/\/stoic-curie.212-227-153-4.plesk.page\/de\/wp-json\/wp\/v2\/media\/5949236"}],"wp:attachment":[{"href":"https:\/\/stoic-curie.212-227-153-4.plesk.page\/de\/wp-json\/wp\/v2\/media?parent=5500491"}],"wp:term":[{"taxonomy":"product_brand","embeddable":true,"href":"https:\/\/stoic-curie.212-227-153-4.plesk.page\/de\/wp-json\/wp\/v2\/product_brand?post=5500491"},{"taxonomy":"product_cat","embeddable":true,"href":"https:\/\/stoic-curie.212-227-153-4.plesk.page\/de\/wp-json\/wp\/v2\/product_cat?post=5500491"},{"taxonomy":"product_tag","embeddable":true,"href":"https:\/\/stoic-curie.212-227-153-4.plesk.page\/de\/wp-json\/wp\/v2\/product_tag?post=5500491"}],"curies":[{"name":"wp","href":"https:\/\/api.w.org\/{rel}","templated":true}]}}