{"id":5500499,"date":"2026-01-27T06:11:07","date_gmt":"2026-01-27T05:11:07","guid":{"rendered":"https:\/\/stoic-curie.212-227-153-4.plesk.page\/product\/din-766-g40-verzinkte-kalibrierte-kette-8mm-x-50m\/"},"modified":"2026-02-24T23:35:26","modified_gmt":"2026-02-24T23:35:26","slug":"din-766-g40-verzinkte-kalibrierte-kette-8mm-x-50m","status":"publish","type":"product","link":"https:\/\/stoic-curie.212-227-153-4.plesk.page\/de\/product\/din-766-g40-verzinkte-kalibrierte-kette-8mm-x-50m\/","title":{"rendered":"DIN 766 G40 verzinkte kalibrierte Kette 8mm x 50m"},"content":{"rendered":"<p>DIN 766 G40 verzinkte kalibrierte Kette 8mm x 50m &#8211; Dies ist eine hochwertige verzinkte Stahlkette, die den DIN766-Standards entspricht und Haltbarkeit sowie Zuverl\u00e4ssigkeit f\u00fcr verschiedene Anwendungen gew\u00e4hrleistet.<\/p>\n","protected":false},"excerpt":{"rendered":"<p>DIN 766 G40 verzinkte kalibrierte Kette 8mm x 50m &#8211; Dies ist eine hochwertige verzinkte Stahlkette, die den DIN766-Standards entspricht<\/p>\n","protected":false},"featured_media":5949240,"comment_status":"open","ping_status":"closed","template":"","meta":[],"product_brand":[3085],"product_cat":[1332,1398],"product_tag":[],"class_list":{"0":"post-5500499","1":"product","2":"type-product","3":"status-publish","4":"has-post-thumbnail","6":"product_brand-maggigroup-de","7":"product_cat-kalibrierte-kette-verzinkt","8":"product_cat-verzinkte-kette","10":"first","11":"instock","12":"shipping-taxable","13":"purchasable","14":"product-type-simple"},"_links":{"self":[{"href":"https:\/\/stoic-curie.212-227-153-4.plesk.page\/de\/wp-json\/wp\/v2\/product\/5500499","targetHints":{"allow":["GET"]}}],"collection":[{"href":"https:\/\/stoic-curie.212-227-153-4.plesk.page\/de\/wp-json\/wp\/v2\/product"}],"about":[{"href":"https:\/\/stoic-curie.212-227-153-4.plesk.page\/de\/wp-json\/wp\/v2\/types\/product"}],"replies":[{"embeddable":true,"href":"https:\/\/stoic-curie.212-227-153-4.plesk.page\/de\/wp-json\/wp\/v2\/comments?post=5500499"}],"version-history":[{"count":0,"href":"https:\/\/stoic-curie.212-227-153-4.plesk.page\/de\/wp-json\/wp\/v2\/product\/5500499\/revisions"}],"wp:featuredmedia":[{"embeddable":true,"href":"https:\/\/stoic-curie.212-227-153-4.plesk.page\/de\/wp-json\/wp\/v2\/media\/5949240"}],"wp:attachment":[{"href":"https:\/\/stoic-curie.212-227-153-4.plesk.page\/de\/wp-json\/wp\/v2\/media?parent=5500499"}],"wp:term":[{"taxonomy":"product_brand","embeddable":true,"href":"https:\/\/stoic-curie.212-227-153-4.plesk.page\/de\/wp-json\/wp\/v2\/product_brand?post=5500499"},{"taxonomy":"product_cat","embeddable":true,"href":"https:\/\/stoic-curie.212-227-153-4.plesk.page\/de\/wp-json\/wp\/v2\/product_cat?post=5500499"},{"taxonomy":"product_tag","embeddable":true,"href":"https:\/\/stoic-curie.212-227-153-4.plesk.page\/de\/wp-json\/wp\/v2\/product_tag?post=5500499"}],"curies":[{"name":"wp","href":"https:\/\/api.w.org\/{rel}","templated":true}]}}