{"id":5500516,"date":"2026-01-27T06:11:22","date_gmt":"2026-01-27T05:11:22","guid":{"rendered":"https:\/\/stoic-curie.212-227-153-4.plesk.page\/product\/din766-g40-edelstahl-kalibrierteter-ketten-8mm-x-15mt\/"},"modified":"2026-02-24T23:35:26","modified_gmt":"2026-02-24T23:35:26","slug":"din766-g40-edelstahl-kalibrierteter-ketten-8mm-x-15mt","status":"publish","type":"product","link":"https:\/\/stoic-curie.212-227-153-4.plesk.page\/de\/product\/din766-g40-edelstahl-kalibrierteter-ketten-8mm-x-15mt\/","title":{"rendered":"DIN766 G40 Edelstahl Kalibrierteter Ketten 8mm x 15mt"},"content":{"rendered":"<p>DIN766 G40 Edelstahl Kalibrierteter Ketten 8mm x 15mt &#8211; Diese hochwertige kalibrierte Kette besteht aus strapazierf\u00e4higem Edelstahl und entspricht den DIN766-Normen. Sie eignet sich f\u00fcr eine Vielzahl von Anwendungen und bietet au\u00dfergew\u00f6hnliche Festigkeit und Korrosionsbest\u00e4ndigkeit.<\/p>\n","protected":false},"excerpt":{"rendered":"<p>DIN766 G40 Edelstahl Kalibrierteter Ketten 8mm x 15mt &#8211; Diese hochwertige kalibrierte Kette besteht aus strapazierf\u00e4higem Edelstahl und entspricht den<\/p>\n","protected":false},"featured_media":5949245,"comment_status":"open","ping_status":"closed","template":"","meta":[],"product_brand":[3085],"product_cat":[1405,1333],"product_tag":[],"class_list":{"0":"post-5500516","1":"product","2":"type-product","3":"status-publish","4":"has-post-thumbnail","6":"product_brand-maggigroup-de","7":"product_cat-edelstahlkette","8":"product_cat-kalibrierte-edelstahlkette","10":"first","11":"instock","12":"shipping-taxable","13":"purchasable","14":"product-type-simple"},"_links":{"self":[{"href":"https:\/\/stoic-curie.212-227-153-4.plesk.page\/de\/wp-json\/wp\/v2\/product\/5500516","targetHints":{"allow":["GET"]}}],"collection":[{"href":"https:\/\/stoic-curie.212-227-153-4.plesk.page\/de\/wp-json\/wp\/v2\/product"}],"about":[{"href":"https:\/\/stoic-curie.212-227-153-4.plesk.page\/de\/wp-json\/wp\/v2\/types\/product"}],"replies":[{"embeddable":true,"href":"https:\/\/stoic-curie.212-227-153-4.plesk.page\/de\/wp-json\/wp\/v2\/comments?post=5500516"}],"version-history":[{"count":0,"href":"https:\/\/stoic-curie.212-227-153-4.plesk.page\/de\/wp-json\/wp\/v2\/product\/5500516\/revisions"}],"wp:featuredmedia":[{"embeddable":true,"href":"https:\/\/stoic-curie.212-227-153-4.plesk.page\/de\/wp-json\/wp\/v2\/media\/5949245"}],"wp:attachment":[{"href":"https:\/\/stoic-curie.212-227-153-4.plesk.page\/de\/wp-json\/wp\/v2\/media?parent=5500516"}],"wp:term":[{"taxonomy":"product_brand","embeddable":true,"href":"https:\/\/stoic-curie.212-227-153-4.plesk.page\/de\/wp-json\/wp\/v2\/product_brand?post=5500516"},{"taxonomy":"product_cat","embeddable":true,"href":"https:\/\/stoic-curie.212-227-153-4.plesk.page\/de\/wp-json\/wp\/v2\/product_cat?post=5500516"},{"taxonomy":"product_tag","embeddable":true,"href":"https:\/\/stoic-curie.212-227-153-4.plesk.page\/de\/wp-json\/wp\/v2\/product_tag?post=5500516"}],"curies":[{"name":"wp","href":"https:\/\/api.w.org\/{rel}","templated":true}]}}