{"id":5500519,"date":"2026-01-27T06:11:25","date_gmt":"2026-01-27T05:11:25","guid":{"rendered":"https:\/\/stoic-curie.212-227-153-4.plesk.page\/product\/din766-g40-edelstahl-kalibrierte-kette-10mm-x-15m\/"},"modified":"2026-02-24T23:35:26","modified_gmt":"2026-02-24T23:35:26","slug":"din766-g40-edelstahl-kalibrierte-kette-10mm-x-15m","status":"publish","type":"product","link":"https:\/\/stoic-curie.212-227-153-4.plesk.page\/de\/product\/din766-g40-edelstahl-kalibrierte-kette-10mm-x-15m\/","title":{"rendered":"DIN766 G40 Edelstahl Kalibrierte Kette 10mm x 15m"},"content":{"rendered":"<p>DIN766 G40 Edelstahl Kalibrierte Kette 10mm x 15m &#8211; Die DIN766 G40 Edelstahl kalibrierte Kette ist auf Haltbarkeit und St\u00e4rke ausgelegt, was sie ideal f\u00fcr verschiedene Anwendungen macht. Diese hochwertige Kette bietet hervorragenden Widerstand gegen Korrosion und Verschlei\u00df und gew\u00e4hrleistet eine langlebige Leistung.<\/p>\n","protected":false},"excerpt":{"rendered":"<p>DIN766 G40 Edelstahl Kalibrierte Kette 10mm x 15m &#8211; Die DIN766 G40 Edelstahl kalibrierte Kette ist auf Haltbarkeit und St\u00e4rke<\/p>\n","protected":false},"featured_media":5949245,"comment_status":"open","ping_status":"closed","template":"","meta":[],"product_brand":[3085],"product_cat":[1405,1333],"product_tag":[],"class_list":{"0":"post-5500519","1":"product","2":"type-product","3":"status-publish","4":"has-post-thumbnail","6":"product_brand-maggigroup-de","7":"product_cat-edelstahlkette","8":"product_cat-kalibrierte-edelstahlkette","10":"first","11":"instock","12":"shipping-taxable","13":"purchasable","14":"product-type-simple"},"_links":{"self":[{"href":"https:\/\/stoic-curie.212-227-153-4.plesk.page\/de\/wp-json\/wp\/v2\/product\/5500519","targetHints":{"allow":["GET"]}}],"collection":[{"href":"https:\/\/stoic-curie.212-227-153-4.plesk.page\/de\/wp-json\/wp\/v2\/product"}],"about":[{"href":"https:\/\/stoic-curie.212-227-153-4.plesk.page\/de\/wp-json\/wp\/v2\/types\/product"}],"replies":[{"embeddable":true,"href":"https:\/\/stoic-curie.212-227-153-4.plesk.page\/de\/wp-json\/wp\/v2\/comments?post=5500519"}],"version-history":[{"count":0,"href":"https:\/\/stoic-curie.212-227-153-4.plesk.page\/de\/wp-json\/wp\/v2\/product\/5500519\/revisions"}],"wp:featuredmedia":[{"embeddable":true,"href":"https:\/\/stoic-curie.212-227-153-4.plesk.page\/de\/wp-json\/wp\/v2\/media\/5949245"}],"wp:attachment":[{"href":"https:\/\/stoic-curie.212-227-153-4.plesk.page\/de\/wp-json\/wp\/v2\/media?parent=5500519"}],"wp:term":[{"taxonomy":"product_brand","embeddable":true,"href":"https:\/\/stoic-curie.212-227-153-4.plesk.page\/de\/wp-json\/wp\/v2\/product_brand?post=5500519"},{"taxonomy":"product_cat","embeddable":true,"href":"https:\/\/stoic-curie.212-227-153-4.plesk.page\/de\/wp-json\/wp\/v2\/product_cat?post=5500519"},{"taxonomy":"product_tag","embeddable":true,"href":"https:\/\/stoic-curie.212-227-153-4.plesk.page\/de\/wp-json\/wp\/v2\/product_tag?post=5500519"}],"curies":[{"name":"wp","href":"https:\/\/api.w.org\/{rel}","templated":true}]}}