{"id":5500532,"date":"2026-01-27T06:11:36","date_gmt":"2026-01-27T05:11:36","guid":{"rendered":"https:\/\/stoic-curie.212-227-153-4.plesk.page\/product\/vitrifrigo-im-vf28-bright-plus\/"},"modified":"2026-02-24T23:35:28","modified_gmt":"2026-02-24T23:35:28","slug":"vitrifrigo-im-vf28-bright-plus","status":"publish","type":"product","link":"https:\/\/stoic-curie.212-227-153-4.plesk.page\/de\/product\/vitrifrigo-im-vf28-bright-plus\/","title":{"rendered":"Vitrifrigo IM VF28 Bright Plus"},"content":{"rendered":"<p>Vitrifrigo IM VF28 Bright Plus &#8211; <\/p>\n<p>Die professionelle Eismaschine aus Edelstahl ist f\u00fcr Haltbarkeit und Widerstandsf\u00e4higkeit, auch in maritimen Umgebungen, konzipiert. Sie produziert kristallklares, kompaktes und hochwertiges Eis. Ausgestattet mit einer internen K\u00fchleinigung, einem Luft- oder Wasser-Kondensationssystem und einem automatischen Desinfektionszyklus garantiert sie konstante Leistung und optimale Hygiene. Mit einer Stromversorgung von 220\u2013240V ist sie dank Touch-Steuerung, einstellbarem Eisw\u00fcrfelgewicht und programmierbarer Produktionskapazit\u00e4t einfach zu bedienen und anpassbar. Das Modell VF28 BRIGHT umfasst pr\u00e4diktive Fehlanalyse, Leistungs\u00fcberwachung, HACCP-Bericht und einen USB-Anschluss f\u00fcr Software-Updates und Daten-Downloads. Die Version BRIGHT PLUS bietet dar\u00fcber hinaus Cloud-IoT-Konnektivit\u00e4t und fortschrittliche Diagnosetools f\u00fcr intelligente Steuerung und effizienteres Systemmanagement.<\/p>\n","protected":false},"excerpt":{"rendered":"<p>Vitrifrigo IM VF28 Bright Plus &#8211; Die professionelle Eismaschine aus Edelstahl ist f\u00fcr Haltbarkeit und Widerstandsf\u00e4higkeit, auch in maritimen Umgebungen,<\/p>\n","protected":false},"featured_media":5949277,"comment_status":"open","ping_status":"closed","template":"","meta":[],"product_brand":[3525],"product_cat":[1464],"product_tag":[],"class_list":{"0":"post-5500532","1":"product","2":"type-product","3":"status-publish","4":"has-post-thumbnail","6":"product_brand-vitrifrigo-de","7":"product_cat-kuehlschraenke-und-gefriertruhen","9":"first","10":"instock","11":"shipping-taxable","12":"purchasable","13":"product-type-simple"},"_links":{"self":[{"href":"https:\/\/stoic-curie.212-227-153-4.plesk.page\/de\/wp-json\/wp\/v2\/product\/5500532","targetHints":{"allow":["GET"]}}],"collection":[{"href":"https:\/\/stoic-curie.212-227-153-4.plesk.page\/de\/wp-json\/wp\/v2\/product"}],"about":[{"href":"https:\/\/stoic-curie.212-227-153-4.plesk.page\/de\/wp-json\/wp\/v2\/types\/product"}],"replies":[{"embeddable":true,"href":"https:\/\/stoic-curie.212-227-153-4.plesk.page\/de\/wp-json\/wp\/v2\/comments?post=5500532"}],"version-history":[{"count":0,"href":"https:\/\/stoic-curie.212-227-153-4.plesk.page\/de\/wp-json\/wp\/v2\/product\/5500532\/revisions"}],"wp:featuredmedia":[{"embeddable":true,"href":"https:\/\/stoic-curie.212-227-153-4.plesk.page\/de\/wp-json\/wp\/v2\/media\/5949277"}],"wp:attachment":[{"href":"https:\/\/stoic-curie.212-227-153-4.plesk.page\/de\/wp-json\/wp\/v2\/media?parent=5500532"}],"wp:term":[{"taxonomy":"product_brand","embeddable":true,"href":"https:\/\/stoic-curie.212-227-153-4.plesk.page\/de\/wp-json\/wp\/v2\/product_brand?post=5500532"},{"taxonomy":"product_cat","embeddable":true,"href":"https:\/\/stoic-curie.212-227-153-4.plesk.page\/de\/wp-json\/wp\/v2\/product_cat?post=5500532"},{"taxonomy":"product_tag","embeddable":true,"href":"https:\/\/stoic-curie.212-227-153-4.plesk.page\/de\/wp-json\/wp\/v2\/product_tag?post=5500532"}],"curies":[{"name":"wp","href":"https:\/\/api.w.org\/{rel}","templated":true}]}}