{"id":5500534,"date":"2026-01-27T06:11:38","date_gmt":"2026-01-27T05:11:38","guid":{"rendered":"https:\/\/stoic-curie.212-227-153-4.plesk.page\/product\/garmin-echomap-uhd2-72sv\/"},"modified":"2026-02-24T23:35:39","modified_gmt":"2026-02-24T23:35:39","slug":"garmin-echomap-uhd2-72sv","status":"publish","type":"product","link":"https:\/\/stoic-curie.212-227-153-4.plesk.page\/de\/product\/garmin-echomap-uhd2-72sv\/","title":{"rendered":"Garmin echoMAP UHD2 72SV"},"content":{"rendered":"<p>Garmin echoMAP UHD2 72SV &#8211; <\/p>\n<p>Der Garmin echoMAP UHD2 72SV ist ein ausgekl\u00fcgelter Kartenplotter und Fischfinder mit einem 7&#8243; Touchscreen-Display und einer Aufl\u00f6sung von 800&#215;480 Pixel. Er ist mit Schnellwahltasten und einem internen GPS-Empf\u00e4nger ausgestattet. Dieses Modell verf\u00fcgt \u00fcber 500W integriertes CHIRP, ClearVu, SideVU und UHD-Module, die qualitativ hochwertige Bilder gew\u00e4hrleisten. Es ist kompatibel mit allen Garmin BlueChart und Garmin Navionics+ Karten und bietet integrierte drahtlose Konnektivit\u00e4t sowie NMEA0183\/2000 und Fusion-Link-Kompatibilit\u00e4t. Das Ger\u00e4t integriert sich nahtlos mit allen Systemen an Bord und umfasst wichtige Garmin-Funktionen wie Auto Guidance, Active Captain, Sail Assist und Quickdraw Contours. Im Lieferumfang sind eine verstellbare Halterung, eine Bildschirmabdeckung und ein Strom-\/Datenkabel enthalten. Es ist kompatibel mit allen herk\u00f6mmlichen, All-in-One- und UHD-Transducern und verf\u00fcgt \u00fcber einen 12-Pin-Anschluss. Bei Modellen ohne Transducer liegt ein Adapterkabel von 8-Pin auf 12-Pin bei.<\/p>\n","protected":false},"excerpt":{"rendered":"<p>Garmin echoMAP UHD2 72SV &#8211; Der Garmin echoMAP UHD2 72SV ist ein ausgekl\u00fcgelter Kartenplotter und Fischfinder mit einem 7&#8243; Touchscreen-Display<\/p>\n","protected":false},"featured_media":5949329,"comment_status":"open","ping_status":"closed","template":"","meta":[],"product_brand":[2970],"product_cat":[1457],"product_tag":[],"class_list":{"0":"post-5500534","1":"product","2":"type-product","3":"status-publish","4":"has-post-thumbnail","6":"product_brand-garmin-de","7":"product_cat-bootelektronik","9":"first","10":"instock","11":"shipping-taxable","12":"purchasable","13":"product-type-simple"},"_links":{"self":[{"href":"https:\/\/stoic-curie.212-227-153-4.plesk.page\/de\/wp-json\/wp\/v2\/product\/5500534","targetHints":{"allow":["GET"]}}],"collection":[{"href":"https:\/\/stoic-curie.212-227-153-4.plesk.page\/de\/wp-json\/wp\/v2\/product"}],"about":[{"href":"https:\/\/stoic-curie.212-227-153-4.plesk.page\/de\/wp-json\/wp\/v2\/types\/product"}],"replies":[{"embeddable":true,"href":"https:\/\/stoic-curie.212-227-153-4.plesk.page\/de\/wp-json\/wp\/v2\/comments?post=5500534"}],"version-history":[{"count":0,"href":"https:\/\/stoic-curie.212-227-153-4.plesk.page\/de\/wp-json\/wp\/v2\/product\/5500534\/revisions"}],"wp:featuredmedia":[{"embeddable":true,"href":"https:\/\/stoic-curie.212-227-153-4.plesk.page\/de\/wp-json\/wp\/v2\/media\/5949329"}],"wp:attachment":[{"href":"https:\/\/stoic-curie.212-227-153-4.plesk.page\/de\/wp-json\/wp\/v2\/media?parent=5500534"}],"wp:term":[{"taxonomy":"product_brand","embeddable":true,"href":"https:\/\/stoic-curie.212-227-153-4.plesk.page\/de\/wp-json\/wp\/v2\/product_brand?post=5500534"},{"taxonomy":"product_cat","embeddable":true,"href":"https:\/\/stoic-curie.212-227-153-4.plesk.page\/de\/wp-json\/wp\/v2\/product_cat?post=5500534"},{"taxonomy":"product_tag","embeddable":true,"href":"https:\/\/stoic-curie.212-227-153-4.plesk.page\/de\/wp-json\/wp\/v2\/product_tag?post=5500534"}],"curies":[{"name":"wp","href":"https:\/\/api.w.org\/{rel}","templated":true}]}}