{"id":5500535,"date":"2026-01-27T06:11:38","date_gmt":"2026-01-27T05:11:38","guid":{"rendered":"https:\/\/stoic-curie.212-227-153-4.plesk.page\/product\/garmin-echomap-uhd2-72sv-2\/"},"modified":"2026-02-24T23:35:39","modified_gmt":"2026-02-24T23:35:39","slug":"garmin-echomap-uhd2-72sv-2","status":"publish","type":"product","link":"https:\/\/stoic-curie.212-227-153-4.plesk.page\/de\/product\/garmin-echomap-uhd2-72sv-2\/","title":{"rendered":"Garmin echomap uhd2 72sv"},"content":{"rendered":"<p>Garmin echomap uhd2 72sv &#8211; <\/p>\n<p>Der Garmin echoMAP UHD2 72SV ist ein Kartenplotter und Fischfinder mit einem 7&#8243; Touchscreen-Display mit einer Aufl\u00f6sung von 800&#215;480 Pixeln. Er verf\u00fcgt \u00fcber Schnellzugriffstasten und einen integrierten GPS-Empf\u00e4nger. Das Ger\u00e4t bietet einen integrierten 500W CHIRP, ClearVu, SideVu und UHD-Modul. Es ist kompatibel mit allen Garmin BlueChart und Garmin Navionics+ Kartografien und bietet au\u00dferdem integrierte kabellose Konnektivit\u00e4t sowie die Kompatibilit\u00e4t mit NMEA0183\/2000 und Fusion-Link. Dieses Modell integriert sich nahtlos in alle Bord Systeme und enth\u00e4lt alle wichtigen Garmin-Funktionen wie Auto Guidance, Active Captain, Sail Assist und Quickdraw Contours. Es wird komplett mit einer verstellbaren Halterung, einem Bildschirmcover und einem Strom-\/Datenkabel geliefert. Kompatibel mit allen traditionellen, All-in-One und UHD-Transducern \u00fcber eine 12-polige Verbindung, wird es auch mit einem Adapterkabel geliefert, um einen 8-poligen Transducer auf eine 12-polige Verbindung zu konvertieren. TD = Transducer<\/p>\n","protected":false},"excerpt":{"rendered":"<p>Garmin echomap uhd2 72sv &#8211; Der Garmin echoMAP UHD2 72SV ist ein Kartenplotter und Fischfinder mit einem 7&#8243; Touchscreen-Display mit<\/p>\n","protected":false},"featured_media":5949329,"comment_status":"open","ping_status":"closed","template":"","meta":[],"product_brand":[2970],"product_cat":[1457],"product_tag":[],"class_list":{"0":"post-5500535","1":"product","2":"type-product","3":"status-publish","4":"has-post-thumbnail","6":"product_brand-garmin-de","7":"product_cat-bootelektronik","9":"first","10":"instock","11":"shipping-taxable","12":"purchasable","13":"product-type-simple"},"_links":{"self":[{"href":"https:\/\/stoic-curie.212-227-153-4.plesk.page\/de\/wp-json\/wp\/v2\/product\/5500535","targetHints":{"allow":["GET"]}}],"collection":[{"href":"https:\/\/stoic-curie.212-227-153-4.plesk.page\/de\/wp-json\/wp\/v2\/product"}],"about":[{"href":"https:\/\/stoic-curie.212-227-153-4.plesk.page\/de\/wp-json\/wp\/v2\/types\/product"}],"replies":[{"embeddable":true,"href":"https:\/\/stoic-curie.212-227-153-4.plesk.page\/de\/wp-json\/wp\/v2\/comments?post=5500535"}],"version-history":[{"count":0,"href":"https:\/\/stoic-curie.212-227-153-4.plesk.page\/de\/wp-json\/wp\/v2\/product\/5500535\/revisions"}],"wp:featuredmedia":[{"embeddable":true,"href":"https:\/\/stoic-curie.212-227-153-4.plesk.page\/de\/wp-json\/wp\/v2\/media\/5949329"}],"wp:attachment":[{"href":"https:\/\/stoic-curie.212-227-153-4.plesk.page\/de\/wp-json\/wp\/v2\/media?parent=5500535"}],"wp:term":[{"taxonomy":"product_brand","embeddable":true,"href":"https:\/\/stoic-curie.212-227-153-4.plesk.page\/de\/wp-json\/wp\/v2\/product_brand?post=5500535"},{"taxonomy":"product_cat","embeddable":true,"href":"https:\/\/stoic-curie.212-227-153-4.plesk.page\/de\/wp-json\/wp\/v2\/product_cat?post=5500535"},{"taxonomy":"product_tag","embeddable":true,"href":"https:\/\/stoic-curie.212-227-153-4.plesk.page\/de\/wp-json\/wp\/v2\/product_tag?post=5500535"}],"curies":[{"name":"wp","href":"https:\/\/api.w.org\/{rel}","templated":true}]}}