{"id":5500536,"date":"2026-01-27T06:11:39","date_gmt":"2026-01-27T05:11:39","guid":{"rendered":"https:\/\/stoic-curie.212-227-153-4.plesk.page\/product\/garmin-echomap-uhd2-92sv\/"},"modified":"2026-02-24T23:35:39","modified_gmt":"2026-02-24T23:35:39","slug":"garmin-echomap-uhd2-92sv","status":"publish","type":"product","link":"https:\/\/stoic-curie.212-227-153-4.plesk.page\/de\/product\/garmin-echomap-uhd2-92sv\/","title":{"rendered":"Garmin echoMAP UHD2 92SV"},"content":{"rendered":"<p>Garmin echoMAP UHD2 92SV &#8211; <\/p>\n<p>Erleben Sie den Garmin echoMAP UHD2 92SV Kartenplotter\/Fischfinder mit einem 9&#8243; Touchscreen-Display mit 800&#215;480 Pixel Aufl\u00f6sung, Schnellzugrifftasten und einem integrierten GPS-Empf\u00e4nger. Dieses Ger\u00e4t verf\u00fcgt \u00fcber leistungsstarke 500W integrierte CHIRP-Technologie sowie ClearVu, SideVu und UHD-Funktionalit\u00e4ten. Es l\u00e4sst sich nahtlos mit allen Garmin BlueChart und Garmin Navionics+ Karten integrieren und bietet integrierte drahtlose Konnektivit\u00e4t sowie Unterst\u00fctzung f\u00fcr NMEA0183\/2000 und Fusion-Link Systeme. Entwickelt, um vollst\u00e4ndig mit Ihren Bord_systemen zu integrieren, wird es mit allen wichtigen Garmin-Funktionen wie Auto Guidance, Active Captain, Sail Assist und Quickdraw Contours geliefert. Im Lieferumfang enthalten sind ein verstellbarer Halter, ein Bildschirmcover und ein Strom-\/Datenkabel. Es ist kompatibel mit allen traditionellen, All-in-One, Panoptix und UHD Gebern mit 12-Pin Verbindung. F\u00fcr Modelle ohne Geber wird ein Adapterkabel von 8-Pin auf 12-Pin eco mitgeliefert. TD = Transducer<\/p>\n","protected":false},"excerpt":{"rendered":"<p>Garmin echoMAP UHD2 92SV &#8211; Erleben Sie den Garmin echoMAP UHD2 92SV Kartenplotter\/Fischfinder mit einem 9&#8243; Touchscreen-Display mit 800&#215;480 Pixel<\/p>\n","protected":false},"featured_media":5949335,"comment_status":"open","ping_status":"closed","template":"","meta":[],"product_brand":[2970],"product_cat":[1457],"product_tag":[],"class_list":{"0":"post-5500536","1":"product","2":"type-product","3":"status-publish","4":"has-post-thumbnail","6":"product_brand-garmin-de","7":"product_cat-bootelektronik","9":"first","10":"instock","11":"shipping-taxable","12":"purchasable","13":"product-type-simple"},"_links":{"self":[{"href":"https:\/\/stoic-curie.212-227-153-4.plesk.page\/de\/wp-json\/wp\/v2\/product\/5500536","targetHints":{"allow":["GET"]}}],"collection":[{"href":"https:\/\/stoic-curie.212-227-153-4.plesk.page\/de\/wp-json\/wp\/v2\/product"}],"about":[{"href":"https:\/\/stoic-curie.212-227-153-4.plesk.page\/de\/wp-json\/wp\/v2\/types\/product"}],"replies":[{"embeddable":true,"href":"https:\/\/stoic-curie.212-227-153-4.plesk.page\/de\/wp-json\/wp\/v2\/comments?post=5500536"}],"version-history":[{"count":0,"href":"https:\/\/stoic-curie.212-227-153-4.plesk.page\/de\/wp-json\/wp\/v2\/product\/5500536\/revisions"}],"wp:featuredmedia":[{"embeddable":true,"href":"https:\/\/stoic-curie.212-227-153-4.plesk.page\/de\/wp-json\/wp\/v2\/media\/5949335"}],"wp:attachment":[{"href":"https:\/\/stoic-curie.212-227-153-4.plesk.page\/de\/wp-json\/wp\/v2\/media?parent=5500536"}],"wp:term":[{"taxonomy":"product_brand","embeddable":true,"href":"https:\/\/stoic-curie.212-227-153-4.plesk.page\/de\/wp-json\/wp\/v2\/product_brand?post=5500536"},{"taxonomy":"product_cat","embeddable":true,"href":"https:\/\/stoic-curie.212-227-153-4.plesk.page\/de\/wp-json\/wp\/v2\/product_cat?post=5500536"},{"taxonomy":"product_tag","embeddable":true,"href":"https:\/\/stoic-curie.212-227-153-4.plesk.page\/de\/wp-json\/wp\/v2\/product_tag?post=5500536"}],"curies":[{"name":"wp","href":"https:\/\/api.w.org\/{rel}","templated":true}]}}