{"id":5500537,"date":"2026-01-27T06:11:40","date_gmt":"2026-01-27T05:11:40","guid":{"rendered":"https:\/\/stoic-curie.212-227-153-4.plesk.page\/product\/garmin-echomap-uhd2-92sv-2\/"},"modified":"2026-02-24T23:35:39","modified_gmt":"2026-02-24T23:35:39","slug":"garmin-echomap-uhd2-92sv-2","status":"publish","type":"product","link":"https:\/\/stoic-curie.212-227-153-4.plesk.page\/de\/product\/garmin-echomap-uhd2-92sv-2\/","title":{"rendered":"Garmin echoMAP UHD2 92SV"},"content":{"rendered":"<p>Garmin echoMAP UHD2 92SV &#8211; <\/p>\n<p>Der Garmin echoMAP UHD2 92SV ist ein hochmoderner Kartenplotter und Fischfinder mit einem 9&#8243;-Touchscreen-Display mit einer Aufl\u00f6sung von 800&#215;480 Pixeln. Er verf\u00fcgt \u00fcber Schnelltasten und einen integrierten GPS-Empf\u00e4nger sowie ein leistungsstarkes 500W integriertes CHIRP, ClearV\u00fc, SideV\u00fc und UHD-Modul. Dieses Ger\u00e4t ist kompatibel mit allen Garmin BlueChart- und Garmin Navionics+-Kartografien und bietet integrierte drahtlose Konnektivit\u00e4t, NMEA0183\/2000 und Fusion-Link. Es integriert sich nahtlos in alle Bord Systeme und bietet alle wesentlichen Garmin-Funktionen wie Auto Guidance, ActiveCaptain, Sail Assist und Quickdraw Contours. Das Paket enth\u00e4lt eine verstellbare Halterung, eine Bildschirmabdeckung und ein Strom-\/Datenkabel. Es ist auch kompatibel mit allen traditionellen, All-in-One-, Panoptix- und UHD-Transducern und verf\u00fcgt \u00fcber einen 12-poligen Anschluss. Ein Modell ohne Transducer enth\u00e4lt ein Adapterkabel von einem 8-poligen Transducer zu einem 12-poligen eco. TD = Transducer<\/p>\n","protected":false},"excerpt":{"rendered":"<p>Garmin echoMAP UHD2 92SV &#8211; Der Garmin echoMAP UHD2 92SV ist ein hochmoderner Kartenplotter und Fischfinder mit einem 9&#8243;-Touchscreen-Display mit<\/p>\n","protected":false},"featured_media":5949335,"comment_status":"open","ping_status":"closed","template":"","meta":[],"product_brand":[2970],"product_cat":[1457],"product_tag":[],"class_list":{"0":"post-5500537","1":"product","2":"type-product","3":"status-publish","4":"has-post-thumbnail","6":"product_brand-garmin-de","7":"product_cat-bootelektronik","9":"first","10":"instock","11":"shipping-taxable","12":"purchasable","13":"product-type-simple"},"_links":{"self":[{"href":"https:\/\/stoic-curie.212-227-153-4.plesk.page\/de\/wp-json\/wp\/v2\/product\/5500537","targetHints":{"allow":["GET"]}}],"collection":[{"href":"https:\/\/stoic-curie.212-227-153-4.plesk.page\/de\/wp-json\/wp\/v2\/product"}],"about":[{"href":"https:\/\/stoic-curie.212-227-153-4.plesk.page\/de\/wp-json\/wp\/v2\/types\/product"}],"replies":[{"embeddable":true,"href":"https:\/\/stoic-curie.212-227-153-4.plesk.page\/de\/wp-json\/wp\/v2\/comments?post=5500537"}],"version-history":[{"count":0,"href":"https:\/\/stoic-curie.212-227-153-4.plesk.page\/de\/wp-json\/wp\/v2\/product\/5500537\/revisions"}],"wp:featuredmedia":[{"embeddable":true,"href":"https:\/\/stoic-curie.212-227-153-4.plesk.page\/de\/wp-json\/wp\/v2\/media\/5949335"}],"wp:attachment":[{"href":"https:\/\/stoic-curie.212-227-153-4.plesk.page\/de\/wp-json\/wp\/v2\/media?parent=5500537"}],"wp:term":[{"taxonomy":"product_brand","embeddable":true,"href":"https:\/\/stoic-curie.212-227-153-4.plesk.page\/de\/wp-json\/wp\/v2\/product_brand?post=5500537"},{"taxonomy":"product_cat","embeddable":true,"href":"https:\/\/stoic-curie.212-227-153-4.plesk.page\/de\/wp-json\/wp\/v2\/product_cat?post=5500537"},{"taxonomy":"product_tag","embeddable":true,"href":"https:\/\/stoic-curie.212-227-153-4.plesk.page\/de\/wp-json\/wp\/v2\/product_tag?post=5500537"}],"curies":[{"name":"wp","href":"https:\/\/api.w.org\/{rel}","templated":true}]}}