{"id":5500539,"date":"2026-01-27T06:11:41","date_gmt":"2026-01-27T05:11:41","guid":{"rendered":"https:\/\/stoic-curie.212-227-153-4.plesk.page\/product\/glomex-seawebsat-omnix-wi-fi-5g\/"},"modified":"2026-02-24T23:35:45","modified_gmt":"2026-02-24T23:35:45","slug":"glomex-seawebsat-omnix-wi-fi-5g","status":"publish","type":"product","link":"https:\/\/stoic-curie.212-227-153-4.plesk.page\/de\/product\/glomex-seawebsat-omnix-wi-fi-5g\/","title":{"rendered":"Glomex SEAWEBSAT OMNIX WI-FI\/5G"},"content":{"rendered":"<p>Glomex SEAWEBSAT OMNIX WI-FI\/5G &#8211; Die Seawebsat Omnix Wi-Fi\/5G Antennen bieten eine hochwertige Konnektivit\u00e4t f\u00fcr zuverl\u00e4ssigen Internetzugang. Ideal f\u00fcr maritime und abgelegene Anwendungen sorgen sie f\u00fcr optimale Signalempfang und -\u00fcbertragung in verschiedenen Umgebungen.<\/p>\n","protected":false},"excerpt":{"rendered":"<p>Glomex SEAWEBSAT OMNIX WI-FI\/5G &#8211; Die Seawebsat Omnix Wi-Fi\/5G Antennen bieten eine hochwertige Konnektivit\u00e4t f\u00fcr zuverl\u00e4ssigen Internetzugang. Ideal f\u00fcr maritime<\/p>\n","protected":false},"featured_media":5949338,"comment_status":"open","ping_status":"closed","template":"","meta":[],"product_brand":[2980],"product_cat":[1467],"product_tag":[],"class_list":{"0":"post-5500539","1":"product","2":"type-product","3":"status-publish","4":"has-post-thumbnail","6":"product_brand-glomex-de","7":"product_cat-tv-antennen","9":"first","10":"outofstock","11":"shipping-taxable","12":"purchasable","13":"product-type-simple"},"_links":{"self":[{"href":"https:\/\/stoic-curie.212-227-153-4.plesk.page\/de\/wp-json\/wp\/v2\/product\/5500539","targetHints":{"allow":["GET"]}}],"collection":[{"href":"https:\/\/stoic-curie.212-227-153-4.plesk.page\/de\/wp-json\/wp\/v2\/product"}],"about":[{"href":"https:\/\/stoic-curie.212-227-153-4.plesk.page\/de\/wp-json\/wp\/v2\/types\/product"}],"replies":[{"embeddable":true,"href":"https:\/\/stoic-curie.212-227-153-4.plesk.page\/de\/wp-json\/wp\/v2\/comments?post=5500539"}],"version-history":[{"count":0,"href":"https:\/\/stoic-curie.212-227-153-4.plesk.page\/de\/wp-json\/wp\/v2\/product\/5500539\/revisions"}],"wp:featuredmedia":[{"embeddable":true,"href":"https:\/\/stoic-curie.212-227-153-4.plesk.page\/de\/wp-json\/wp\/v2\/media\/5949338"}],"wp:attachment":[{"href":"https:\/\/stoic-curie.212-227-153-4.plesk.page\/de\/wp-json\/wp\/v2\/media?parent=5500539"}],"wp:term":[{"taxonomy":"product_brand","embeddable":true,"href":"https:\/\/stoic-curie.212-227-153-4.plesk.page\/de\/wp-json\/wp\/v2\/product_brand?post=5500539"},{"taxonomy":"product_cat","embeddable":true,"href":"https:\/\/stoic-curie.212-227-153-4.plesk.page\/de\/wp-json\/wp\/v2\/product_cat?post=5500539"},{"taxonomy":"product_tag","embeddable":true,"href":"https:\/\/stoic-curie.212-227-153-4.plesk.page\/de\/wp-json\/wp\/v2\/product_tag?post=5500539"}],"curies":[{"name":"wp","href":"https:\/\/api.w.org\/{rel}","templated":true}]}}