{"id":5500540,"date":"2026-01-27T06:11:42","date_gmt":"2026-01-27T05:11:42","guid":{"rendered":"https:\/\/stoic-curie.212-227-153-4.plesk.page\/product\/icom-ic-m510e-vhf-ais\/"},"modified":"2026-02-24T23:35:45","modified_gmt":"2026-02-24T23:35:45","slug":"icom-ic-m510e-vhf-ais","status":"publish","type":"product","link":"https:\/\/stoic-curie.212-227-153-4.plesk.page\/de\/product\/icom-ic-m510e-vhf-ais\/","title":{"rendered":"Icom IC-M510E VHF AIS"},"content":{"rendered":"<p>Icom IC-M510E VHF AIS &#8211; <\/p>\n<p>Festmontierte Klasse D DSC ICOM IC-M510E 12V VHF mit Mikrofon und externem GPS-Empf\u00e4nger.<br \/>Die AIS-Version erm\u00f6glicht die Anzeige, Auswahl und den Anruf von DSC-Zielen direkt vom Bildschirm.<br \/>Verf\u00fcgt \u00fcber ein 4,3&#8243; Farb-LCD-TFT-Display, IP68 wasserdichtes Geh\u00e4use, NMEA0183-Konnektivit\u00e4t (NMEA2000 \u00fcber WLAN mit der optionalen drahtlosen Box), Navigationsfunktionen mit Wegpunkten, Nebelhorn, Dual-\/Tri-Watch, sofortigen Zugriff auf Kanal 16, ANC-Ger\u00e4uschunterdr\u00fcckung, TAG-Funktion und AquaQuake-Wasserablaufsystem.<br \/>Das optionale CommandMic HM-229B erm\u00f6glicht die volle Fernsteuerung aller VHF-Funktionen und kann als Intercom oder zum Senden von DSC-Anrufen verwendet werden.<br \/>Geliefert mit GPS-Antenne mit 10 m Kabel, Montageschelle, Stromkabel und Benutzerhandbuch.<br \/>Abmessungen: 175 \u00d7 71 \u00d7 H110 mm.<\/p>\n","protected":false},"excerpt":{"rendered":"<p>Icom IC-M510E VHF AIS &#8211; Festmontierte Klasse D DSC ICOM IC-M510E 12V VHF mit Mikrofon und externem GPS-Empf\u00e4nger.Die AIS-Version erm\u00f6glicht<\/p>\n","protected":false},"featured_media":5949343,"comment_status":"open","ping_status":"closed","template":"","meta":[],"product_brand":[3010],"product_cat":[1457],"product_tag":[],"class_list":{"0":"post-5500540","1":"product","2":"type-product","3":"status-publish","4":"has-post-thumbnail","6":"product_brand-icom-marine-de","7":"product_cat-bootelektronik","9":"first","10":"instock","11":"shipping-taxable","12":"purchasable","13":"product-type-simple"},"_links":{"self":[{"href":"https:\/\/stoic-curie.212-227-153-4.plesk.page\/de\/wp-json\/wp\/v2\/product\/5500540","targetHints":{"allow":["GET"]}}],"collection":[{"href":"https:\/\/stoic-curie.212-227-153-4.plesk.page\/de\/wp-json\/wp\/v2\/product"}],"about":[{"href":"https:\/\/stoic-curie.212-227-153-4.plesk.page\/de\/wp-json\/wp\/v2\/types\/product"}],"replies":[{"embeddable":true,"href":"https:\/\/stoic-curie.212-227-153-4.plesk.page\/de\/wp-json\/wp\/v2\/comments?post=5500540"}],"version-history":[{"count":0,"href":"https:\/\/stoic-curie.212-227-153-4.plesk.page\/de\/wp-json\/wp\/v2\/product\/5500540\/revisions"}],"wp:featuredmedia":[{"embeddable":true,"href":"https:\/\/stoic-curie.212-227-153-4.plesk.page\/de\/wp-json\/wp\/v2\/media\/5949343"}],"wp:attachment":[{"href":"https:\/\/stoic-curie.212-227-153-4.plesk.page\/de\/wp-json\/wp\/v2\/media?parent=5500540"}],"wp:term":[{"taxonomy":"product_brand","embeddable":true,"href":"https:\/\/stoic-curie.212-227-153-4.plesk.page\/de\/wp-json\/wp\/v2\/product_brand?post=5500540"},{"taxonomy":"product_cat","embeddable":true,"href":"https:\/\/stoic-curie.212-227-153-4.plesk.page\/de\/wp-json\/wp\/v2\/product_cat?post=5500540"},{"taxonomy":"product_tag","embeddable":true,"href":"https:\/\/stoic-curie.212-227-153-4.plesk.page\/de\/wp-json\/wp\/v2\/product_tag?post=5500540"}],"curies":[{"name":"wp","href":"https:\/\/api.w.org\/{rel}","templated":true}]}}