{"id":5531127,"date":"2026-01-29T22:01:34","date_gmt":"2026-01-29T21:01:34","guid":{"rendered":"https:\/\/stoic-curie.212-227-153-4.plesk.page\/product\/schwarzes-marineschiffstau-8mm-x-200m\/"},"modified":"2026-02-24T23:34:50","modified_gmt":"2026-02-24T23:34:50","slug":"schwarzes-marineschiffstau-8mm-x-200m","status":"publish","type":"product","link":"https:\/\/stoic-curie.212-227-153-4.plesk.page\/de\/product\/schwarzes-marineschiffstau-8mm-x-200m\/","title":{"rendered":"Schwarzes Marineschiffstau 8mm x 200m"},"content":{"rendered":"<p>Schwarzes Marineschiffstau 8mm x 200m &#8211; <\/p>\n<p>Dieses mittelstarke, dreistr\u00e4ngige Polyesterseil ist eine ausgezeichnete Wahl f\u00fcr all Ihre Liegeplatz- und Ankeranforderungen. Zudem besteht es aus recycelten PET-Getr\u00e4nkeflaschen, wodurch es eine nachhaltige Option darstellt. Sie werden feststellen, dass dieses rPET-Seil eine vergleichbare Leistung wie herk\u00f6mmliches Polyester bietet.<\/p>\n<p>In der Bootsindustrie ist Polyesterseil \u00e4u\u00dferst vielseitig. Es kann f\u00fcr Ankerleinen, Liegeleinen, Fenderleinen, Sicherheitsleinen und sogar f\u00fcr Winch- oder Hebearbeiten verwendet werden.<\/p>\n<p>Hier sind einige wichtige Merkmale dieses Seils:<\/p>\n<ul>\n<li>Dreistr\u00e4ngiges, verdrilltes Design<\/li>\n<li>Hergestellt aus synthetischen Materialien<\/li>\n<li>Beh\u00e4lt die Festigkeit auch im nassen Zustand<\/li>\n<li>Widerstandsf\u00e4hig gegen Wasser, UV-Strahlen, F\u00e4ulnis und Abnutzung<\/li>\n<li>Sinkt nicht und wird im nassen Zustand etwas weicher<\/li>\n<li>Hergestellt in Europa<\/li>\n<\/ul>\n","protected":false},"excerpt":{"rendered":"<p>Schwarzes Marineschiffstau 8mm x 200m &#8211; Dieses mittelstarke, dreistr\u00e4ngige Polyesterseil ist eine ausgezeichnete Wahl f\u00fcr all Ihre Liegeplatz- und Ankeranforderungen.<\/p>\n","protected":false},"featured_media":5939641,"comment_status":"open","ping_status":"closed","template":"","meta":[],"product_brand":[3100],"product_cat":[1575,1335],"product_tag":[],"class_list":{"0":"post-5531127","1":"product","2":"type-product","3":"status-publish","4":"has-post-thumbnail","6":"product_brand-marco-benvenuti-de","7":"product_cat-ankerseile","8":"product_cat-anlege-und-festmacherleinen","10":"first","11":"instock","12":"shipping-taxable","13":"purchasable","14":"product-type-simple"},"_links":{"self":[{"href":"https:\/\/stoic-curie.212-227-153-4.plesk.page\/de\/wp-json\/wp\/v2\/product\/5531127","targetHints":{"allow":["GET"]}}],"collection":[{"href":"https:\/\/stoic-curie.212-227-153-4.plesk.page\/de\/wp-json\/wp\/v2\/product"}],"about":[{"href":"https:\/\/stoic-curie.212-227-153-4.plesk.page\/de\/wp-json\/wp\/v2\/types\/product"}],"replies":[{"embeddable":true,"href":"https:\/\/stoic-curie.212-227-153-4.plesk.page\/de\/wp-json\/wp\/v2\/comments?post=5531127"}],"version-history":[{"count":0,"href":"https:\/\/stoic-curie.212-227-153-4.plesk.page\/de\/wp-json\/wp\/v2\/product\/5531127\/revisions"}],"wp:featuredmedia":[{"embeddable":true,"href":"https:\/\/stoic-curie.212-227-153-4.plesk.page\/de\/wp-json\/wp\/v2\/media\/5939641"}],"wp:attachment":[{"href":"https:\/\/stoic-curie.212-227-153-4.plesk.page\/de\/wp-json\/wp\/v2\/media?parent=5531127"}],"wp:term":[{"taxonomy":"product_brand","embeddable":true,"href":"https:\/\/stoic-curie.212-227-153-4.plesk.page\/de\/wp-json\/wp\/v2\/product_brand?post=5531127"},{"taxonomy":"product_cat","embeddable":true,"href":"https:\/\/stoic-curie.212-227-153-4.plesk.page\/de\/wp-json\/wp\/v2\/product_cat?post=5531127"},{"taxonomy":"product_tag","embeddable":true,"href":"https:\/\/stoic-curie.212-227-153-4.plesk.page\/de\/wp-json\/wp\/v2\/product_tag?post=5531127"}],"curies":[{"name":"wp","href":"https:\/\/api.w.org\/{rel}","templated":true}]}}