{"id":5531128,"date":"2026-01-29T22:01:35","date_gmt":"2026-01-29T21:01:35","guid":{"rendered":"https:\/\/stoic-curie.212-227-153-4.plesk.page\/product\/schwarzes-marine-seil-12mm-x-200m\/"},"modified":"2026-02-24T23:34:50","modified_gmt":"2026-02-24T23:34:50","slug":"schwarzes-marine-seil-12mm-x-200m","status":"publish","type":"product","link":"https:\/\/stoic-curie.212-227-153-4.plesk.page\/de\/product\/schwarzes-marine-seil-12mm-x-200m\/","title":{"rendered":"Schwarzes Marine-Seil 12mm x 200m"},"content":{"rendered":"<p>Schwarzes Marine-Seil 12mm x 200m &#8211; <\/p>\n<p>Dieses mittelstarke, dreistr\u00e4ngige Polyesterseil ist eine hervorragende Wahl f\u00fcr all Ihre Anforderungen an Festmacher und Anker. Dar\u00fcber hinaus besteht es aus recycelten PET-Plastikflaschen, was es zu einer umweltfreundlichen Entscheidung macht. Sie werden feststellen, dass dieses rPET-Seil vergleichbare Leistungen wie Standard-Polyester erbringt.<\/p>\n<p>In der Bootsinvestmentbranche ist Polyesterseil \u00e4u\u00dferst vielseitig. Es kann f\u00fcr Ankerleinen, Festmacherleinen, Fenderleinen, Rettungsleinen und sogar f\u00fcr das Heben oder Winden verwendet werden.<\/p>\n<p>Hier sind einige wichtige Eigenschaften dieses Seils:<\/p>\n<ul>\n<li>Dreistr\u00e4ngige Zwirnstruktur<\/li>\n<li>Aus synthetischen Materialien hergestellt<\/li>\n<li>Beh\u00e4lt seine St\u00e4rke auch bei N\u00e4sse<\/li>\n<li>Widerstandsf\u00e4hig gegen Wasser, UV-Strahlen, Verrottung und Abnutzung<\/li>\n<li>Schwimmt nicht und wird leicht weicher, wenn es nass ist<\/li>\n<li>In Europa hergestellt<\/li>\n<\/ul>\n","protected":false},"excerpt":{"rendered":"<p>Schwarzes Marine-Seil 12mm x 200m &#8211; Dieses mittelstarke, dreistr\u00e4ngige Polyesterseil ist eine hervorragende Wahl f\u00fcr all Ihre Anforderungen an Festmacher<\/p>\n","protected":false},"featured_media":5939641,"comment_status":"open","ping_status":"closed","template":"","meta":[],"product_brand":[3100],"product_cat":[1575,1335],"product_tag":[],"class_list":{"0":"post-5531128","1":"product","2":"type-product","3":"status-publish","4":"has-post-thumbnail","6":"product_brand-marco-benvenuti-de","7":"product_cat-ankerseile","8":"product_cat-anlege-und-festmacherleinen","10":"first","11":"instock","12":"shipping-taxable","13":"purchasable","14":"product-type-simple"},"_links":{"self":[{"href":"https:\/\/stoic-curie.212-227-153-4.plesk.page\/de\/wp-json\/wp\/v2\/product\/5531128","targetHints":{"allow":["GET"]}}],"collection":[{"href":"https:\/\/stoic-curie.212-227-153-4.plesk.page\/de\/wp-json\/wp\/v2\/product"}],"about":[{"href":"https:\/\/stoic-curie.212-227-153-4.plesk.page\/de\/wp-json\/wp\/v2\/types\/product"}],"replies":[{"embeddable":true,"href":"https:\/\/stoic-curie.212-227-153-4.plesk.page\/de\/wp-json\/wp\/v2\/comments?post=5531128"}],"version-history":[{"count":0,"href":"https:\/\/stoic-curie.212-227-153-4.plesk.page\/de\/wp-json\/wp\/v2\/product\/5531128\/revisions"}],"wp:featuredmedia":[{"embeddable":true,"href":"https:\/\/stoic-curie.212-227-153-4.plesk.page\/de\/wp-json\/wp\/v2\/media\/5939641"}],"wp:attachment":[{"href":"https:\/\/stoic-curie.212-227-153-4.plesk.page\/de\/wp-json\/wp\/v2\/media?parent=5531128"}],"wp:term":[{"taxonomy":"product_brand","embeddable":true,"href":"https:\/\/stoic-curie.212-227-153-4.plesk.page\/de\/wp-json\/wp\/v2\/product_brand?post=5531128"},{"taxonomy":"product_cat","embeddable":true,"href":"https:\/\/stoic-curie.212-227-153-4.plesk.page\/de\/wp-json\/wp\/v2\/product_cat?post=5531128"},{"taxonomy":"product_tag","embeddable":true,"href":"https:\/\/stoic-curie.212-227-153-4.plesk.page\/de\/wp-json\/wp\/v2\/product_tag?post=5531128"}],"curies":[{"name":"wp","href":"https:\/\/api.w.org\/{rel}","templated":true}]}}