{"id":5531129,"date":"2026-01-29T22:01:38","date_gmt":"2026-01-29T21:01:38","guid":{"rendered":"https:\/\/stoic-curie.212-227-153-4.plesk.page\/product\/pvc-terminal-fuer-t-track-rail-hs32\/"},"modified":"2026-02-24T23:34:52","modified_gmt":"2026-02-24T23:34:52","slug":"pvc-terminal-fuer-t-track-rail-hs32","status":"publish","type":"product","link":"https:\/\/stoic-curie.212-227-153-4.plesk.page\/de\/product\/pvc-terminal-fuer-t-track-rail-hs32\/","title":{"rendered":"PVC-Terminal f\u00fcr T-Track Rail HS32"},"content":{"rendered":"<p>PVC-Terminal f\u00fcr T-Track Rail HS32 &#8211; <\/p>\n<p>Genoa HS32 Auto und Schienen f\u00fcr Boote bis zu 13 m (43 Fu\u00df).<\/p>\n","protected":false},"excerpt":{"rendered":"<p>PVC-Terminal f\u00fcr T-Track Rail HS32 &#8211; Genoa HS32 Auto und Schienen f\u00fcr Boote bis zu 13 m (43 Fu\u00df).<\/p>\n","protected":false},"featured_media":5940013,"comment_status":"open","ping_status":"closed","template":"","meta":[],"product_brand":[3430],"product_cat":[1472],"product_tag":[],"class_list":{"0":"post-5531129","1":"product","2":"type-product","3":"status-publish","4":"has-post-thumbnail","6":"product_brand-sprenger-hs-de","7":"product_cat-segelbootsysteme-fuer-genua-schlitten","9":"first","10":"instock","11":"shipping-taxable","12":"purchasable","13":"product-type-simple"},"_links":{"self":[{"href":"https:\/\/stoic-curie.212-227-153-4.plesk.page\/de\/wp-json\/wp\/v2\/product\/5531129","targetHints":{"allow":["GET"]}}],"collection":[{"href":"https:\/\/stoic-curie.212-227-153-4.plesk.page\/de\/wp-json\/wp\/v2\/product"}],"about":[{"href":"https:\/\/stoic-curie.212-227-153-4.plesk.page\/de\/wp-json\/wp\/v2\/types\/product"}],"replies":[{"embeddable":true,"href":"https:\/\/stoic-curie.212-227-153-4.plesk.page\/de\/wp-json\/wp\/v2\/comments?post=5531129"}],"version-history":[{"count":0,"href":"https:\/\/stoic-curie.212-227-153-4.plesk.page\/de\/wp-json\/wp\/v2\/product\/5531129\/revisions"}],"wp:featuredmedia":[{"embeddable":true,"href":"https:\/\/stoic-curie.212-227-153-4.plesk.page\/de\/wp-json\/wp\/v2\/media\/5940013"}],"wp:attachment":[{"href":"https:\/\/stoic-curie.212-227-153-4.plesk.page\/de\/wp-json\/wp\/v2\/media?parent=5531129"}],"wp:term":[{"taxonomy":"product_brand","embeddable":true,"href":"https:\/\/stoic-curie.212-227-153-4.plesk.page\/de\/wp-json\/wp\/v2\/product_brand?post=5531129"},{"taxonomy":"product_cat","embeddable":true,"href":"https:\/\/stoic-curie.212-227-153-4.plesk.page\/de\/wp-json\/wp\/v2\/product_cat?post=5531129"},{"taxonomy":"product_tag","embeddable":true,"href":"https:\/\/stoic-curie.212-227-153-4.plesk.page\/de\/wp-json\/wp\/v2\/product_tag?post=5531129"}],"curies":[{"name":"wp","href":"https:\/\/api.w.org\/{rel}","templated":true}]}}